{"id":3413,"date":"2020-04-07T13:25:50","date_gmt":"2020-04-07T13:25:50","guid":{"rendered":"https:\/\/lofotenseaweedcompany.com\/butaresalat-med-rodbete-gulrot-og-eple\/"},"modified":"2024-04-12T09:26:41","modified_gmt":"2024-04-12T09:26:41","slug":"butaresalat-med-rodbete-gulrot-og-eple","status":"publish","type":"page","link":"https:\/\/lofotenseaweedcompany.com\/no\/tang-oppskrifter\/butaresalat-med-rodbete-gulrot-og-eple\/","title":{"rendered":"Butaresalat med r\u00f8dbete, gulrot og eple"},"content":{"rendered":"<div class=\"flex mt-10 lg:mt-20 flex-col lg:flex-row\">\n\t<div class=\"lg:w-2\/5\" >\n\t\t<div class=\"relative\" style=\"padding-top:60%\">\n\t\t\t<img loading=\"lazy\" decoding=\"async\" width=\"920\" height=\"597\" src=\"https:\/\/lofotenseaweedcompany.com\/wp-content\/uploads\/2018\/10\/beetroot--e1617358487997.jpeg\" class=\" object-cover overflow-hidden h-full w-full absolute inset-0  wp-post-image\" alt=\"\" srcset=\"https:\/\/lofotenseaweedcompany.com\/wp-content\/uploads\/2018\/10\/beetroot--e1617358487997.jpeg 920w, https:\/\/lofotenseaweedcompany.com\/wp-content\/uploads\/2018\/10\/beetroot--e1617358487997-800x519.jpeg 800w, https:\/\/lofotenseaweedcompany.com\/wp-content\/uploads\/2018\/10\/beetroot--e1617358487997-300x195.jpeg 300w, https:\/\/lofotenseaweedcompany.com\/wp-content\/uploads\/2018\/10\/beetroot--e1617358487997-768x498.jpeg 768w\" sizes=\"auto, (max-width: 920px) 100vw, 920px\" \/>\t\t<\/div>\n\t<\/div>\n\t<div class=\"flex-1 lg:px-10 flex flex-col justify-between\">\n\t\t<div class=\"mt-5 lg:mt-0\">\n\t\t\tFrisk salat av h\u00f8stens beste r\u00e5varer. Dette er v\u00e5r favoritt h\u00f8stsalat! Ikke nok med at den har h\u00f8stens fantastiske smaker i seg, men den er ogs\u00e5 proppfull av n\u00e6ring. Inviter dine n\u00e6re til en frisk salat mot slutten av sommeren eller p\u00e5 en frisk h\u00f8stdag, og imponer med denne enkle salaten.\t\t<\/div>\n\t\t<div class=\"flex flex-col md:flex-row w-full justify-between text-sm\">\n\t\t\t<div class=\"font-bold mt-3 lg:mt-0\">\n\t\t\t\t<br>Tilsvarer 4 porsjoner.\t\t\t<\/div>\n\t\t\t<div class=\"mt-3 lg:mt-0\">\n\t\t\t\t\t\t\t<\/div>\n\t\t<\/div>\n\n\t<\/div>\n<\/div>\n\n<div class=\"lg:border-t lg:border-t-px border-sw-primary-light mt-10 pt-4 flex flex-col lg:flex-row\">\n\t<div class=\"w-full lg:w-2\/5 font-bold mb-10 mr-10\">\n\t\t<p class=\"font-bold mb-2\">Ingredients:<\/p>\n\t\t\t\t\t<div class=\"flex mb-1\">\n\t\t\t\t<div class=\"flex-1\">\n\t\t\t\t\t2 gulr\u00f8tter\t\t\t\t<\/div>\n\t\t\t<\/div>\n\t\t\t\t\t<div class=\"flex mb-1\">\n\t\t\t\t<div class=\"flex-1\">\n\t\t\t\t\t1 eple\t\t\t\t<\/div>\n\t\t\t<\/div>\n\t\t\t\t\t<div class=\"flex mb-1\">\n\t\t\t\t<div class=\"flex-1\">\n\t\t\t\t\t60 g r\u00f8dbeter\t\t\t\t<\/div>\n\t\t\t<\/div>\n\t\t\t\t\t<div class=\"flex mb-1\">\n\t\t\t\t<div class=\"flex-1\">\n\t\t\t\t\t20 g t\u00f8rket s\u00f8l (Dulse)\t\t\t\t<\/div>\n\t\t\t<\/div>\n\t\t\t\t\t<div class=\"flex mb-1\">\n\t\t\t\t<div class=\"flex-1\">\n\t\t\t\t\t30 g valn\u00f8tter\t\t\t\t<\/div>\n\t\t\t<\/div>\n\t\t\t\t\t<div class=\"flex mb-1\">\n\t\t\t\t<div class=\"flex-1\">\n\t\t\t\t\tLitt sitron\t\t\t\t<\/div>\n\t\t\t<\/div>\n\t\t\t\t\t<div class=\"flex mb-1\">\n\t\t\t\t<div class=\"flex-1\">\n\t\t\t\t\tArctic Seaweed Salt\t\t\t\t<\/div>\n\t\t\t<\/div>\n\t\t\t\t\t<div class=\"flex mb-1\">\n\t\t\t\t<div class=\"flex-1\">\n\t\t\t\t\tBalsamicoeddik\t\t\t\t<\/div>\n\t\t\t<\/div>\n\t\t\t<\/div>\n\t<div class=\"flex-1 mb-10\">\n\t<p class=\"font-bold mb-2\">Directions:<\/p>\n\t\t\t\t\t<div class=\"flex mb-3\">\n\t\t\t\t<div class=\"font-bold w-6 mr-2\">\n\t\t\t\t\t1)\n\t\t\t\t<\/div>\n\t\t\t\t<div class=\"flex-1\">\n\t\t\t\t\tRiv gulrot, eple og r\u00f8dbeter i lange strimler. Hakk valn\u00f8tter i sm\u00e5 biter. Bland godt i en salatbolle.\t\t\t\t<\/div>\n\t\t\t<\/div>\n\t\t\t\t\t<div class=\"flex mb-3\">\n\t\t\t\t<div class=\"font-bold w-6 mr-2\">\n\t\t\t\t\t2)\n\t\t\t\t<\/div>\n\t\t\t\t<div class=\"flex-1\">\n\t\t\t\t\tKok opp vann, og la s\u00f8l trekke i 20-30 sekunder. Hell av vannet og skj\u00e6r s\u00f8l i biter.\t\t\t\t<\/div>\n\t\t\t<\/div>\n\t\t\t\t\t<div class=\"flex mb-3\">\n\t\t\t\t<div class=\"font-bold w-6 mr-2\">\n\t\t\t\t\t3)\n\t\t\t\t<\/div>\n\t\t\t\t<div class=\"flex-1\">\n\t\t\t\t\tLegg butaren inn med de andre ingrediensene. Tilsett balsamico, sitron og litt salt.\t\t\t\t<\/div>\n\t\t\t<\/div>\n\t\t\t\t\t<div class=\"flex mb-3\">\n\t\t\t\t<div class=\"font-bold w-6 mr-2\">\n\t\t\t\t\t4)\n\t\t\t\t<\/div>\n\t\t\t\t<div class=\"flex-1\">\n\t\t\t\t\tNyt en deilig frsik salat full av god n\u00e6ring og smak!\t\t\t\t<\/div>\n\t\t\t<\/div>\n\t\t\t<\/div>\n<\/div>\n\n","protected":false},"excerpt":{"rendered":"","protected":false},"author":3,"featured_media":2040,"parent":3551,"menu_order":20,"comment_status":"closed","ping_status":"closed","template":"page-recipes-single.php","meta":{"_acf_changed":false,"footnotes":""},"class_list":["post-3413","page","type-page","status-publish","has-post-thumbnail","hentry"],"acf":[],"_links":{"self":[{"href":"https:\/\/lofotenseaweedcompany.com\/no\/wp-json\/wp\/v2\/pages\/3413","targetHints":{"allow":["GET"]}}],"collection":[{"href":"https:\/\/lofotenseaweedcompany.com\/no\/wp-json\/wp\/v2\/pages"}],"about":[{"href":"https:\/\/lofotenseaweedcompany.com\/no\/wp-json\/wp\/v2\/types\/page"}],"author":[{"embeddable":true,"href":"https:\/\/lofotenseaweedcompany.com\/no\/wp-json\/wp\/v2\/users\/3"}],"replies":[{"embeddable":true,"href":"https:\/\/lofotenseaweedcompany.com\/no\/wp-json\/wp\/v2\/comments?post=3413"}],"version-history":[{"count":6,"href":"https:\/\/lofotenseaweedcompany.com\/no\/wp-json\/wp\/v2\/pages\/3413\/revisions"}],"predecessor-version":[{"id":33950,"href":"https:\/\/lofotenseaweedcompany.com\/no\/wp-json\/wp\/v2\/pages\/3413\/revisions\/33950"}],"up":[{"embeddable":true,"href":"https:\/\/lofotenseaweedcompany.com\/no\/wp-json\/wp\/v2\/pages\/3551"}],"wp:featuredmedia":[{"embeddable":true,"href":"https:\/\/lofotenseaweedcompany.com\/no\/wp-json\/wp\/v2\/media\/2040"}],"wp:attachment":[{"href":"https:\/\/lofotenseaweedcompany.com\/no\/wp-json\/wp\/v2\/media?parent=3413"}],"curies":[{"name":"wp","href":"https:\/\/api.w.org\/{rel}","templated":true}]}}