{"id":3480,"date":"2020-04-09T07:52:42","date_gmt":"2020-04-09T07:52:42","guid":{"rendered":"https:\/\/lofotenseaweedcompany.com\/?page_id=3480"},"modified":"2021-08-30T12:00:38","modified_gmt":"2021-08-30T12:00:38","slug":"personvernerklaering","status":"publish","type":"page","link":"https:\/\/lofotenseaweedcompany.com\/no\/personvernerklaering\/","title":{"rendered":"Personvernerkl\u00e6ring"},"content":{"rendered":"<h1>Personvernerkl\u00e6ring<\/h1>\n<h2>Om Lofoten Seaweed og din Personlige Data<\/h2>\n<p>Ved \u00e5 bruke nettsiden v\u00e5r, bekrefter du med dette at du har forst\u00e5tt og aksepterer vilk\u00e5rene.<\/p>\n<p>Personvernerkl\u00e6ringen er gjeldende for alle forretningsprosesser i Lofoten Seaweed Company AS, heretter omtalt som Behandlingsansvarlig.<br \/>\nErkl\u00e6ringen gir informasjon om databehandling utf\u00f8rt av Behandlingsansvarlig og bestemmer form\u00e5l og virkemidler for behandlingen, samt databehandling gjort p\u00e5 vegne av kundene v\u00e5re, basert p\u00e5 deres instruksjoner.<\/p>\n<p>Behandling av personlige data er n\u00f8dvendig for at vi skal kunne ivareta v\u00e5re kontraktsforpliktelser og betjene deg best mulig. Personlig data kan ogs\u00e5 benyttes til f\u00f8lgende form\u00e5l: Markedsf\u00f8ring, salg, kundeservice, informasjon og bokf\u00f8ring.<\/p>\n<p>Ved markedsf\u00f8ring p\u00e5 e-post innhentes et tydelig samtykke p\u00e5 forh\u00e5nd.<br \/>\nVed \u00e5 gi oss dine personlige opplysninger, godtar du praksis og vilk\u00e5r som er beskrevet i denne personvernerkl\u00e6ringen.<\/p>\n<p>Om du har bemerkninger vedr\u00f8rende v\u00e5r behandling av personvern har du ogs\u00e5 mulighet \u00e5 klage til Datatilsynet.<\/p>\n<p>Behandlingsansvarlig:<br \/>\nLofoten Seaweed Company AS<br \/>\nSolh\u00f8gdveien 16<br \/>\n8382 Napp<br \/>\nMail:\u00a0post@lofotenseaweed.com<br \/>\nTlf: 90673522<br \/>\nOrg. nr.: 917344132<\/p>\n<p><strong>Innhenting av opplysninger<\/strong><br \/>\nOpplysninger kan registreres og lagres n\u00e5r du gjennomf\u00f8rer et kj\u00f8p p\u00e5 www.lofotenseaweed.com n\u00e5r du er i kontakt med salg og support enten via e-post, chat eller andre kanaler som Facebook eller Instagram.<br \/>\nHvor lagrer vi informasjon om deg \u2013 og hvor deler vi informasjonen om deg med andre?<br \/>\nV\u00e5r ehandelsplattform er levert av WooCommerce og data lagres sikkert i deres skytjenester.<br \/>\n<strong>Underleverand\u00f8rer<\/strong><br \/>\nBehandlingsansvarlig benytter seg ogs\u00e5 av tjenester levert av 3. Part. Her er en oversikt over underleverand\u00f8rer hvor informasjon kan lagres.<\/p>\n<p><strong>Vipps<\/strong><br \/>\nOm en betaler med Vipps i nettbutikken vil telefonnummeret ditt sendes til Vipps for videre identifikasjon.<\/p>\n<p><strong>Stripe<\/strong><br \/>\nBetaling med kort i nettbutikk vil personlig informasjon, navn, adresse og personnummer deles med stripe for \u00e5 gjennomf\u00f8re transaksjonen<\/p>\n<p><strong>Pay Pal<\/strong><br \/>\nBetaling i nettbutikken med PayPal vil personlig informasjon som e-post, navn, adresse, personnummer deles med PayPal for \u00e5 gjennomf\u00f8re transaksjonen.<\/p>\n<p><strong>Gsuite by Google<\/strong><br \/>\nbenyttes blant annet til h\u00e5ndtering av e-post, dokumenter (G Disk). Informasjon lagres i disse systemene og e-postkorrespondanse eller dokumenter kan v\u00e6re lagret hos Gsuite by Google.<\/p>\n<p><strong>Mailjet<\/strong><br \/>\nBenyttes for e-postmarkedsf\u00f8ring eller utsendelse av nyhetsbrev. Navn og e-post kan deles med Mailchimp.<\/p>\n<p><strong>Google Analytics<\/strong><br \/>\nBenyttes for analyse av trafikk. IP-adresser og bes\u00f8ksm\u00f8nster lagres.<\/p>\n<p><strong>Power Office Go<\/strong><br \/>\nPOG er v\u00e5rt regnskapssystem og data n\u00f8dvendig for bokf\u00f8ring lagres her. Typisk Navn\/adresse\/ordrer\/faktura.<\/p>\n<p><strong>iZettle<\/strong><br \/>\nVi bruker iZettle som kassel\u00f8sning i v\u00e5r fysiske butikk. Informasjon relatert til din ordre lagres i iZettle.<\/p>\n<p><strong>Posten<\/strong><br \/>\nVi sender pakker med Bring og deler s\u00e5ledes informasjon relatert til frakt slik som navn, telefonnummer og adresse.<\/p>\n<p><strong>DHL<\/strong><br \/>\nVi sender pakker med DHL og deler s\u00e5ledes informasjon relatert til frakt slik som navn, telefonnummer og adresse.<\/p>\n<p><strong>E-post kommunikasjon<\/strong><br \/>\nSom kunde vil du motta kunne motta e-post rundt ditt kundeforhold. F.eks vil vi sende deg e-post relatert til ordrer du har lagt inn, sporingsnummer, glemt passord, informasjon rundt din kundekonto, ol. Dette er definert som berettiget interesse og det vil ikke bes om samtykke til.<br \/>\nVi benytter ogs\u00e5 e-post til markedsf\u00f8ring og kommunikasjon. Som kunde av Behandlingsansvarlig vil du med jevne mellomrom motta nyhetsbrev s\u00e5 fremst du har gitt et aktivt samtykke til det. Det er mulig \u00e5 melde seg av nyhetsbrev ved \u00e5 klikke p\u00e5 avmeldingslinken i e-postene.<\/p>\n<p><strong>Innsyn og retting<\/strong><br \/>\nDu har krav p\u00e5 innsyn i de opplysninger som er registrert om deg. Innsyn kan ogs\u00e5 f\u00e5s ved \u00e5 sende en henvendelse til\u00a0post@lofotenseaweed.com.\u00a0Dersom de registrerte opplysninger ikke er riktige eller er ufullstendige, kan du kreve at opplysningene korrigeres i henhold til personopplysningsloven.<\/p>\n<p><strong>Oppbevaring og sletting<\/strong><br \/>\nOpplysninger som ikke lenger er n\u00f8dvendig for det form\u00e5l de er laget for, slettes fra v\u00e5re systemer.<\/p>\n<p><strong>Bruk av cookies \/ informasjonskapsler<\/strong><br \/>\nEn cookie, ogs\u00e5 kalt infokapsel, er en liten tekstfil som best\u00e5r av siffer og bokstaver som lagres i nettleseren eller p\u00e5 datamaskinen din n\u00e5r du bes\u00f8ker en nettside. Vi bruker cookies p\u00e5 loftenseaweed.com blant annet for \u00e5 huske din innlogging, passord i kryptert form, til \u00e5 forbedre brukeropplevelsen, opparbeide statistikk p\u00e5 kundebasen v\u00e5r og som en del av v\u00e5r markedsf\u00f8ring mot nye kunder.<br \/>\nDet finnes to ulike typer cookies: midlertidige cookies og varige cookies, ogs\u00e5 kalt persistente cookies. En midlertidig cookie slettes automatisk om du lukker nettleseren din og hjelper nettsiden med \u00e5 kjenne deg igjen i l\u00f8pet av tiden du er aktiv p\u00e5 siden. Slik blir det blant annet mulig for nettsiden \u00e5 huske hva du har lagt i handlekurven n\u00e5r du beveger fra side til side samt hvilke meldinger du har sett, s\u00e5 du ikke trenger \u00e5 ta stilling til samme ting flere ganger. Varige cookies sendes fra lofotenseaweed.com og lagres i lengre tid p\u00e5 harddisken din, disse kan lagres i opptil ett \u00e5r. Disse gj\u00f8r det mulig for nettsiden \u00e5 automatisk kjenne deg igjen neste gang du er aktiv p\u00e5 lofotenseaweed.com og dermed gj\u00f8re bes\u00f8ket enklere for deg ved \u00e5 huske visse av dine tidligere valg og opplysninger.<br \/>\nVi bruker cookies for \u00e5 kunne kartlegge hvordan v\u00e5re kunder bruker og beveger seg rundt p\u00e5 hjemmesiden. Dette hjelper oss \u00e5 forbedre hjemmesiden, sortimentet og v\u00e5r markedsf\u00f8ring. En del av disse cookiene kommer fra v\u00e5re samarbeidspartnere og hjelper oss \u00e5 analysere kundeatferden p\u00e5 lofotenseaweed.com og \u00e5 markedsf\u00f8re v\u00e5re produkter og kampanjer utenfor lofotenseaweed.com<br \/>\nDu kan naturligvis bes\u00f8ke lofotenseaweed.com uten \u00e5 akseptere cookies, men vi ber deg v\u00e6re oppmerksom p\u00e5 at det kan p\u00e5virke din opplevelse p\u00e5 nettsiden, dette siden funksjoner som er avhengig av cookies blir innskrenket. Lengre ned kan du lese hvordan du deaktiverer cookies om du ikke \u00f8nsker \u00e5 bruke dette.<\/p>\n<p>Om du \u00f8nsker \u00e5 l\u00e6re mer om informasjonskapsler kan\u00a0<a href=\"http:\/\/www.aboutcookies.org\" target=\"_blank\" rel=\"noopener\">http:\/\/www.aboutcookies.org<\/a>\u00a0benyttes.<br \/>\nF\u00f8lgende informasjonskapsler er i bruk ved bruk av v\u00e5re butikkl\u00f8sninger.<br \/>\nVi benytter informasjonskapsler til blant annet \u00e5 huske deg som kunde og huske innhold i din handlekurv. Uten informasjonskapsler vil ikke en nettbutikk kunne fungere.<\/p>\n<p><strong>Bruk av Stripe Checkout<\/strong><br \/>\nN\u00e5r v\u00e5re butikkl\u00f8sninger benyttes sammen med Stripe settes det informasjonskapsler fra Stripe. Mer informasjon p\u00e5\u00a0https:\/\/stripe.com\/privacy.<br \/>\n<strong>Google Analytics<\/strong><br \/>\nGoogle Analytics benytter informasjonskapsler for analyse av trafikk.<br \/>\n<strong>Google Adwords<\/strong><br \/>\nVi benytter oss av annonsering gjennom Google sin plattform. Informasjonskapsler benyttes slik at annonsering kan m\u00e5lrettes basert p\u00e5 bes\u00f8ksm\u00f8nster.<br \/>\n<strong>Facebook Pixel<\/strong><br \/>\nVi benytter oss av annonsering gjennom blant annet Facebook sin plattform. Informasjonskapsler benyttes slik at annonsering kan m\u00e5lrettes basert p\u00e5 bes\u00f8ksm\u00f8nster.<br \/>\n<strong>Cookies for nettanalysetjenester og markedsf\u00f8ring<\/strong><br \/>\nCookies\/infokapsler gj\u00f8r det mulig for oss \u00e5 analysere bruken av v\u00e5re tjenester og ta informerte avgj\u00f8relser som f\u00f8rer til at de utvikles og forbedres. Vi bruker tredjepartscookies fra nettanalysetjenester som Google Analytics og Visual Website Optimizer for f\u00e5 innsikt i antallet bes\u00f8kende p\u00e5 lofotenseaweed.com samt deres oppf\u00f8rsel, og vi analyserer den innsamlede informasjonen p\u00e5 et overgripende niv\u00e5.<br \/>\nDet stilles veldig h\u00f8ye krav til nettanalysetjenestene vi bruker gjeldende databeskyttelse, b\u00e5de fra oss p\u00e5 lofotenseaweed.com og fra omverden, og for \u00e5 beskytte din identitet ytterligere sender vi kun en forkortet og anonymisert versjon av din IP-adresse til disse tjenestene, s\u00e5 din eksakte posisjon ikke avsl\u00f8res. Merk ogs\u00e5 at vi aldri sender personlige opplysninger som navnet ditt eller adressen din gjennom cookies, men vi analyserer informasjon om hvordan du beveger deg p\u00e5 nettsiden, varene du kj\u00f8per samt tekniske data (f.eks. hvilken type nettleser som brukes, om du handler p\u00e5 mobil eller datamaskin, og spr\u00e5kinnstillinger).<br \/>\nP\u00e5 lofotenseaweed.com bruker vi ogs\u00e5 tredjepartscookies og piksler for \u00e5 tillate tjenester som Facebook, Instagram, Google og Youtube \u00e5 presentere interesserelatert markedsf\u00f8ring for deg p\u00e5 sine egne og eksterne nettsider. Cookies fra disse eksterne tjenestene kan du n\u00e5r som helst blokkere ved \u00e5 endre innstillingene dine i nettleseren eller p\u00e5 kontoen du har skapt p\u00e5 deres hjemmesider. Merk at et nei til cookies fra disse tjenestene i visse tilfeller kan p\u00e5virke din opplevelse som bruker ogs\u00e5 utenfor teksloseafood.no.<br \/>\n\u200b<br \/>\n<strong>Samtykke i bruk av informasjonskapsler<\/strong><br \/>\nI henhold til norsk lov har du automatisk samtykket i at vi lagrer informasjonskapsler p\u00e5 din datamaskin dersom du tillater dette gjennom innstillingene i din nettleser.<\/p>\n<p><strong>Hvordan kan jeg si nei til cookies?<\/strong><br \/>\nDu kan velge bort cookies gjennom \u00e5 endre innstillingene i din webleser eller gjennom \u00e5 bes\u00f8ke http:\/\/www.youronlinechoices.com\/nor\/dine-valg og kontrollere eller deaktivere interessebasert annonsering fra ulike nettverk. Observer at Lofoten Seaweed Company AS ikke samarbeider med alle selskapene du finner via linken, men at visse av disse virksomhetene kan levere annonser som f\u00f8lge av dine bes\u00f8k p\u00e5 andre hjemmesider.<br \/>\nVi i Lofoten Seaweed Company AS kan ikke stenge av cookies for deg men beskriver under hvordan fremgangsm\u00e5ten er for de vanligste webleserne, om du foretrekker \u00e5 endre dine cookie preferanser direkte i webleseren du bruker:<\/p>\n<p><strong>Google Chrome<\/strong><br \/>\nKlikk p\u00e5 linken for \u00e5 komme til cookie-innstillingene for Google Chrome: chrome:\/\/settings\/content\/cookies?search=cookies<\/p>\n<p><strong>Mozilla Firefox<\/strong><br \/>\nKlikk p\u00e5 menyknappen (tre vertikale linjer ovenfor hverandre \u00f8verst til h\u00f8yre vinduet) og velg Alternativer.<br \/>\nVeg panelet Personvern &amp; sikkerhet og g\u00e5 til seksjonen Historikk.<br \/>\nI rullegardinmenyen ved siden av Firefox vil, velg Bruk egne innstillinger for historikk.<br \/>\nMarker boksen Aksepter infokapsler fra nettsteder for \u00e5 aktivere infokapsler\/cookies, og fjern merket for \u00e5 deaktivere dem.<br \/>\nLukk siden about: preferences. Alle endringer du har gjort lagres automatisk.<\/p>\n<p><strong>Internet Explorer 11<\/strong><br \/>\nVelg Verkt\u00f8y-knappen og deretter Alternativer for Internett.<br \/>\nVelg fanen Personvern og deretter Avansert under Innstillinger, og velg til slutt om du vil tillate eller blokkere cookies\/informasjonskapsler.<\/p>\n","protected":false},"excerpt":{"rendered":"<p>Personvernerkl\u00e6ring Om Lofoten Seaweed og din Personlige Data Ved \u00e5 bruke nettsiden v\u00e5r, bekrefter du med dette at du har forst\u00e5tt og aksepterer vilk\u00e5rene. Personvernerkl\u00e6ringen er gjeldende for alle forretningsprosesser i Lofoten Seaweed Company AS, heretter omtalt som Behandlingsansvarlig. Erkl\u00e6ringen gir informasjon om databehandling utf\u00f8rt av Behandlingsansvarlig og bestemmer form\u00e5l og virkemidler for behandlingen, samt&#8230;<\/p>\n","protected":false},"author":11,"featured_media":0,"parent":0,"menu_order":0,"comment_status":"closed","ping_status":"closed","template":"page-text.php","meta":{"_acf_changed":false,"footnotes":""},"class_list":["post-3480","page","type-page","status-publish","hentry"],"acf":[],"_links":{"self":[{"href":"https:\/\/lofotenseaweedcompany.com\/no\/wp-json\/wp\/v2\/pages\/3480","targetHints":{"allow":["GET"]}}],"collection":[{"href":"https:\/\/lofotenseaweedcompany.com\/no\/wp-json\/wp\/v2\/pages"}],"about":[{"href":"https:\/\/lofotenseaweedcompany.com\/no\/wp-json\/wp\/v2\/types\/page"}],"author":[{"embeddable":true,"href":"https:\/\/lofotenseaweedcompany.com\/no\/wp-json\/wp\/v2\/users\/11"}],"replies":[{"embeddable":true,"href":"https:\/\/lofotenseaweedcompany.com\/no\/wp-json\/wp\/v2\/comments?post=3480"}],"version-history":[{"count":4,"href":"https:\/\/lofotenseaweedcompany.com\/no\/wp-json\/wp\/v2\/pages\/3480\/revisions"}],"predecessor-version":[{"id":12085,"href":"https:\/\/lofotenseaweedcompany.com\/no\/wp-json\/wp\/v2\/pages\/3480\/revisions\/12085"}],"wp:attachment":[{"href":"https:\/\/lofotenseaweedcompany.com\/no\/wp-json\/wp\/v2\/media?parent=3480"}],"curies":[{"name":"wp","href":"https:\/\/api.w.org\/{rel}","templated":true}]}}