{"id":38836,"date":"2025-10-27T14:54:20","date_gmt":"2025-10-27T14:54:20","guid":{"rendered":"https:\/\/lofotenseaweedcompany.com\/tang-oppskrifter\/oven-roasted-potato-wedges-with-smoked-seaweed-salt\/"},"modified":"2025-11-20T19:13:37","modified_gmt":"2025-11-20T19:13:37","slug":"oven-roasted-potato-wedges-with-smoked-seaweed-salt","status":"publish","type":"page","link":"https:\/\/lofotenseaweedcompany.com\/no\/tang-oppskrifter\/oven-roasted-potato-wedges-with-smoked-seaweed-salt\/","title":{"rendered":"Ovnsstekte potetb\u00e5ter med Smoked Seaweed Salt"},"content":{"rendered":"<div class=\"flex mt-10 lg:mt-20 flex-col lg:flex-row\">\n\t<div class=\"lg:w-2\/5\" >\n\t\t<div class=\"relative\" style=\"padding-top:60%\">\n\t\t\t<img loading=\"lazy\" decoding=\"async\" width=\"1024\" height=\"576\" src=\"https:\/\/lofotenseaweedcompany.com\/wp-content\/uploads\/2025\/10\/Sequence-02.00_18_41_15.Still011-1024x576.jpg\" class=\" object-cover overflow-hidden h-full w-full absolute inset-0  wp-post-image\" alt=\"\" srcset=\"https:\/\/lofotenseaweedcompany.com\/wp-content\/uploads\/2025\/10\/Sequence-02.00_18_41_15.Still011-1024x576.jpg 1024w, https:\/\/lofotenseaweedcompany.com\/wp-content\/uploads\/2025\/10\/Sequence-02.00_18_41_15.Still011-300x169.jpg 300w, https:\/\/lofotenseaweedcompany.com\/wp-content\/uploads\/2025\/10\/Sequence-02.00_18_41_15.Still011-768x432.jpg 768w, https:\/\/lofotenseaweedcompany.com\/wp-content\/uploads\/2025\/10\/Sequence-02.00_18_41_15.Still011-1536x864.jpg 1536w, https:\/\/lofotenseaweedcompany.com\/wp-content\/uploads\/2025\/10\/Sequence-02.00_18_41_15.Still011-2048x1152.jpg 2048w, https:\/\/lofotenseaweedcompany.com\/wp-content\/uploads\/2025\/10\/Sequence-02.00_18_41_15.Still011-800x450.jpg 800w\" sizes=\"auto, (max-width: 1024px) 100vw, 1024px\" \/>\t\t<\/div>\n\t<\/div>\n\t<div class=\"flex-1 lg:px-10 flex flex-col justify-between\">\n\t\t<div class=\"mt-5 lg:mt-0\">\n\t\t\tPoteter passer til alt \u2013 og med et dryss r\u00f8ykte tareflak f\u00e5r de en ny og spennende vri! Miksen av r\u00f8yksmak og salt l\u00f8fter potetene fra hverdagsmat til festmat, og passer like godt som tilbeh\u00f8r til kj\u00f8tt og fisk som til grillmat, tapas eller bare alene med en aioli.<br><br>Spr\u00f8 p\u00e5 utsiden, myke inni \u2013 dette er poteter du f\u00e5r lyst til \u00e5 lage igjen og igjen.<br><br><strong>Tips:<\/strong> Server gjerne med aioli eller r\u00f8mmebasert dip som balanserer den r\u00f8ykte smaken p\u00e5 en perfekt m\u00e5te. <em>(se oppskrift p\u00e5 ailoli med tangdryss)<\/em>\t\t<\/div>\n\t\t<div class=\"flex flex-col md:flex-row w-full justify-between text-sm\">\n\t\t\t<div class=\"font-bold mt-3 lg:mt-0\">\n\t\t\t\tServes 4\t\t\t<\/div>\n\t\t\t<div class=\"mt-3 lg:mt-0\">\n\t\t\t\t25 mins, easy to make\t\t\t<\/div>\n\t\t<\/div>\n\n\t<\/div>\n<\/div>\n\n<div class=\"lg:border-t lg:border-t-px border-sw-primary-light mt-10 pt-4 flex flex-col lg:flex-row\">\n\t<div class=\"w-full lg:w-2\/5 font-bold mb-10 mr-10\">\n\t\t<p class=\"font-bold mb-2\">Ingredients:<\/p>\n\t\t\t\t\t<div class=\"flex mb-1\">\n\t\t\t\t<div class=\"flex-1\">\n\t\t\t\t\t\u2022\t1 kg poteter\t\t\t\t<\/div>\n\t\t\t<\/div>\n\t\t\t\t\t<div class=\"flex mb-1\">\n\t\t\t\t<div class=\"flex-1\">\n\t\t\t\t\t\u2022\t0,75 dl olivenolje\t\t\t\t<\/div>\n\t\t\t<\/div>\n\t\t\t\t\t<div class=\"flex mb-1\">\n\t\t\t\t<div class=\"flex-1\">\n\t\t\t\t\t\u2022\tSaften fra 1\/2 sitron\t\t\t\t<\/div>\n\t\t\t<\/div>\n\t\t\t\t\t<div class=\"flex mb-1\">\n\t\t\t\t<div class=\"flex-1\">\n\t\t\t\t\t\u2022\t2\u20133 ss sm\u00f8r\t\t\t\t<\/div>\n\t\t\t<\/div>\n\t\t\t\t\t<div class=\"flex mb-1\">\n\t\t\t\t<div class=\"flex-1\">\n\t\t\t\t\t\u2022\t3 ts Smoked Seaweed Salt\t\t\t\t<\/div>\n\t\t\t<\/div>\n\t\t\t\t\t<div class=\"flex mb-1\">\n\t\t\t\t<div class=\"flex-1\">\n\t\t\t\t\t\u2022\tKvernet sort pepper\t\t\t\t<\/div>\n\t\t\t<\/div>\n\t\t\t<\/div>\n\t<div class=\"flex-1 mb-10\">\n\t<p class=\"font-bold mb-2\">Directions:<\/p>\n\t\t\t\t\t<div class=\"flex mb-3\">\n\t\t\t\t<div class=\"font-bold w-6 mr-2\">\n\t\t\t\t\t1)\n\t\t\t\t<\/div>\n\t\t\t\t<div class=\"flex-1\">\n\t\t\t\t\tSett ovnen p\u00e5 225 \u00b0C.\t\t\t\t<\/div>\n\t\t\t<\/div>\n\t\t\t\t\t<div class=\"flex mb-3\">\n\t\t\t\t<div class=\"font-bold w-6 mr-2\">\n\t\t\t\t\t2)\n\t\t\t\t<\/div>\n\t\t\t\t<div class=\"flex-1\">\n\t\t\t\t\tVask potetene godt og del dem i b\u00e5ter.\t\t\t\t<\/div>\n\t\t\t<\/div>\n\t\t\t\t\t<div class=\"flex mb-3\">\n\t\t\t\t<div class=\"font-bold w-6 mr-2\">\n\t\t\t\t\t3)\n\t\t\t\t<\/div>\n\t\t\t\t<div class=\"flex-1\">\n\t\t\t\t\tLegg potetene i en ildfast form eller langpanne. Hell over olje og sitronsaft. Krydre med, Smoked Seaweed Salt og pepper, og bland godt.\t\t\t\t<\/div>\n\t\t\t<\/div>\n\t\t\t\t\t<div class=\"flex mb-3\">\n\t\t\t\t<div class=\"font-bold w-6 mr-2\">\n\t\t\t\t\t4)\n\t\t\t\t<\/div>\n\t\t\t\t<div class=\"flex-1\">\n\t\t\t\t\tFordel sm\u00f8ret i sm\u00e5 klatter over potetene.\t\t\t\t<\/div>\n\t\t\t<\/div>\n\t\t\t\t\t<div class=\"flex mb-3\">\n\t\t\t\t<div class=\"font-bold w-6 mr-2\">\n\t\t\t\t\t5)\n\t\t\t\t<\/div>\n\t\t\t\t<div class=\"flex-1\">\n\t\t\t\t\tStek i ovnen i ca. 20 minutter, til potetene er gylne og m\u00f8re. For ekstra spr\u00f8 skorpe: bruk varmluft de siste fem minuttene.\t\t\t\t<\/div>\n\t\t\t<\/div>\n\t\t\t<\/div>\n<\/div>\n\n\n\n\n\n","protected":false},"excerpt":{"rendered":"","protected":false},"author":658,"featured_media":38319,"parent":3551,"menu_order":0,"comment_status":"closed","ping_status":"closed","template":"page-recipes-single.php","meta":{"_acf_changed":false,"footnotes":""},"class_list":["post-38836","page","type-page","status-publish","has-post-thumbnail","hentry"],"acf":[],"_links":{"self":[{"href":"https:\/\/lofotenseaweedcompany.com\/no\/wp-json\/wp\/v2\/pages\/38836","targetHints":{"allow":["GET"]}}],"collection":[{"href":"https:\/\/lofotenseaweedcompany.com\/no\/wp-json\/wp\/v2\/pages"}],"about":[{"href":"https:\/\/lofotenseaweedcompany.com\/no\/wp-json\/wp\/v2\/types\/page"}],"author":[{"embeddable":true,"href":"https:\/\/lofotenseaweedcompany.com\/no\/wp-json\/wp\/v2\/users\/658"}],"replies":[{"embeddable":true,"href":"https:\/\/lofotenseaweedcompany.com\/no\/wp-json\/wp\/v2\/comments?post=38836"}],"version-history":[{"count":1,"href":"https:\/\/lofotenseaweedcompany.com\/no\/wp-json\/wp\/v2\/pages\/38836\/revisions"}],"predecessor-version":[{"id":38838,"href":"https:\/\/lofotenseaweedcompany.com\/no\/wp-json\/wp\/v2\/pages\/38836\/revisions\/38838"}],"up":[{"embeddable":true,"href":"https:\/\/lofotenseaweedcompany.com\/no\/wp-json\/wp\/v2\/pages\/3551"}],"wp:featuredmedia":[{"embeddable":true,"href":"https:\/\/lofotenseaweedcompany.com\/no\/wp-json\/wp\/v2\/media\/38319"}],"wp:attachment":[{"href":"https:\/\/lofotenseaweedcompany.com\/no\/wp-json\/wp\/v2\/media?parent=38836"}],"curies":[{"name":"wp","href":"https:\/\/api.w.org\/{rel}","templated":true}]}}