{"id":10168,"date":"2021-05-07T08:01:40","date_gmt":"2021-05-07T08:01:40","guid":{"rendered":"https:\/\/lofotenseaweedcompany.com\/?post_type=product&#038;p=10168"},"modified":"2026-03-23T12:22:35","modified_gmt":"2026-03-23T12:22:35","slug":"smoked-seaweed-salt","status":"publish","type":"product","link":"https:\/\/lofotenseaweedcompany.com\/no\/butikk\/smoked-seaweed-salt\/","title":{"rendered":"Smoked Seaweed Salt"},"content":{"rendered":"<div class=\"row\">\n<div class=\"col-md-6 col-md-offset-3\">\n<p><strong>Ingredienser:<\/strong> Havsalt 87 %, r\u00f8kt \u00a0wakame (Alaria esculenta) 13 %.<br \/>\nAllergener: Dette produktet kan inneholde spor av skalldyr.<\/p>\n<p><strong>Oppbevaring:<\/strong> Oppbevares p\u00e5 et kj\u00f8lig, t\u00f8rt sted.<\/p>\n<p><strong>Nettovekt:<\/strong> 60g<\/p>\n<p>Dette produktet inneholder 11,6 mg jod per 100 g. Anbefalt daglig inntak er 0,15 mg. For mye jodinntak kan p\u00e5virke skjoldbruskkjertelen.<\/p>\n<\/div>\n<div class=\"row\">SE:<\/div>\n<div>\n<p><strong>Ingredienser:<\/strong> Havssalt 87%, r\u00f6kt wakame (Alaria esculenta) 13%.<\/p>\n<p><strong>Allergener:<\/strong> Denna produkt kan inneh\u00e5lla sp\u00e5r av skaldjur.<\/p>\n<p><strong>F\u00f6rvaring:<\/strong> F\u00f6rvara p\u00e5 en sval, torr plats.<\/p>\n<p><strong>Nettovikt:<\/strong> 60g<\/p>\n<p>Denna produkt inneh\u00e5ller 11,6 mg jod per 100 g. Rekommenderat dagligt intag \u00e4r 0,15 mg. F\u00f6r mycket jodintag kan p\u00e5verka sk\u00f6ldk\u00f6rteln.<\/p>\n<\/div>\n<\/div>\n","protected":false},"excerpt":{"rendered":"<div>\n<p>Saltet med den gode runde smaken!<\/p>\n<p>Norsk h\u00f8ykvalitets havsalt blandet med b\u00f8kvedr\u00f8kte wakame flak. Dette saltet har en rik, r\u00f8ykfylt smak av \u00e5pen flamme som l\u00f8fter b\u00e5de kj\u00f8tt, gr\u00f8nnsaker og vegetarretter. Wakame flakene r\u00f8ykes med b\u00f8ketre etter tradisjonelle metoder for \u00e5 gi en dyp og naturlig aroma.<\/p>\n<\/div>\n<div>\n<p>Bruk det som et smaksrikt bordsalt til egg, kj\u00f8tt og gr\u00f8nnsaker, eller bland det i olje for \u00e5 lage en fyldig marinade. Perfekt til \u00e5 tilsette p\u00e5 stekte poteter, i burger eller drysse over pizza for en enda rundere og mer kompleks smak.<\/p>\n<ul>\n<li>\u00d8kologisk og b\u00e6rekraftig h\u00f8stet<\/li>\n<li>Helt naturlig r\u00f8yksmak<\/li>\n<li>Perfekt til b\u00e5de gr\u00f8nnsaker og kj\u00f8tt<\/li>\n<\/ul>\n<\/div>\n<div>\n<p>&nbsp;<\/p>\n<\/div>\n","protected":false},"featured_media":38584,"comment_status":"closed","ping_status":"closed","template":"","meta":{"_acf_changed":false},"product_brand":[],"product_cat":[302],"product_tag":[1152],"woo-feed-brand":[],"class_list":{"0":"post-10168","1":"product","2":"type-product","3":"status-publish","4":"has-post-thumbnail","6":"product_cat-tangsalt","7":"product_tag-seaweed-no","9":"first","10":"instock","11":"taxable","12":"shipping-taxable","13":"purchasable","14":"product-type-variable","15":"has-default-attributes"},"acf":[],"_links":{"self":[{"href":"https:\/\/lofotenseaweedcompany.com\/no\/wp-json\/wp\/v2\/product\/10168","targetHints":{"allow":["GET"]}}],"collection":[{"href":"https:\/\/lofotenseaweedcompany.com\/no\/wp-json\/wp\/v2\/product"}],"about":[{"href":"https:\/\/lofotenseaweedcompany.com\/no\/wp-json\/wp\/v2\/types\/product"}],"replies":[{"embeddable":true,"href":"https:\/\/lofotenseaweedcompany.com\/no\/wp-json\/wp\/v2\/comments?post=10168"}],"wp:featuredmedia":[{"embeddable":true,"href":"https:\/\/lofotenseaweedcompany.com\/no\/wp-json\/wp\/v2\/media\/38584"}],"wp:attachment":[{"href":"https:\/\/lofotenseaweedcompany.com\/no\/wp-json\/wp\/v2\/media?parent=10168"}],"wp:term":[{"taxonomy":"product_brand","embeddable":true,"href":"https:\/\/lofotenseaweedcompany.com\/no\/wp-json\/wp\/v2\/product_brand?post=10168"},{"taxonomy":"product_cat","embeddable":true,"href":"https:\/\/lofotenseaweedcompany.com\/no\/wp-json\/wp\/v2\/product_cat?post=10168"},{"taxonomy":"product_tag","embeddable":true,"href":"https:\/\/lofotenseaweedcompany.com\/no\/wp-json\/wp\/v2\/product_tag?post=10168"},{"taxonomy":"woo-feed-brand","embeddable":true,"href":"https:\/\/lofotenseaweedcompany.com\/no\/wp-json\/wp\/v2\/woo-feed-brand?post=10168"}],"curies":[{"name":"wp","href":"https:\/\/api.w.org\/{rel}","templated":true}]}}