{"id":13531,"date":"2021-11-23T11:12:38","date_gmt":"2021-11-23T11:12:38","guid":{"rendered":"https:\/\/lofotenseaweedcompany.com\/shop\/trio-giftbox-simply-seaweed-arctic-seaweed-salt-smokey-seaweed-salt\/"},"modified":"2025-12-01T13:39:40","modified_gmt":"2025-12-01T13:39:40","slug":"seaweed-seasonings-tre-pakke","status":"publish","type":"product","link":"https:\/\/lofotenseaweedcompany.com\/no\/butikk\/seaweed-seasonings-tre-pakke\/","title":{"rendered":"Minisalter trepakning gavesett"},"content":{"rendered":"<div class=\"mb-16 text-lg\">\n<div class=\"col-md-6 col-md-offset-3\">\n<div><\/div>\n<p><strong>Bruksomr\u00e5der:<\/strong><\/p>\n<p>Saltene treffer p\u00e5 ulike bruksomr\u00e5der og her finner du produkter som passer godt til sj\u00f8mat, supper og gryter, i br\u00f8d og bakst, smoothie, gr\u00f8t og dressinger.<\/p>\n<p>Ypperlig valg for veganere og vegetarianere som \u00f8nsker gode smaker og n\u00e6ringsrik mat.<\/p>\n<p>Test ut v\u00e5r saftige veganske <a href=\"https:\/\/lofotenseaweedcompany.com\/no\/tang-oppskrifter\/brownie-med-sol-og-avokado\/\">Brownie med tang og avokado.<\/a><\/p>\n<p><strong>Ingredienser: \u00a0<\/strong>Wakame Alaria Esculenta (h\u00e5ndh\u00f8stet) 75%, wakame(dyrket) 15%, Dulse\/S\u00f8l (h\u00e5ndh\u00f8stet) 10% \/ Havsalt fra Norths seasalt Works<\/p>\n<p><strong>Allergier<\/strong>: kan inneholde spor av skalldyr<\/p>\n<p><strong>Oppbevaring:<\/strong> T\u00f8rt og forseglet, unng\u00e5 sollys<\/p>\n<p><strong>Vekt: <\/strong>20 g<\/p>\n<p><strong>Advarsel: <\/strong><span style=\"font-size: 1.125rem;\">Dette produktet inneholder 89 mg \/ 12 mg jod per 100 g. Anbefalt daglig inntak er 0,15 mg og det \u00f8vre tolerable\u00a0 inntaksniv\u00e5 er 0,60 mg. For mye jod kan p\u00e5virke skjoldbruskkjertelen.<\/span><\/p>\n<p>SE:<\/p>\n<p>Seaweed Seasonings trepack \u00e4r en uppsamlingsl\u00e5da med v\u00e5ra 3 b\u00e4sts\u00e4ljare i en kompakt storlek (20g). Arctic Ocean Greens (en blandning av dulse och butare) Arctic Seaweed Salt) (norskt h\u00f6gkvalitativt havssalt och butare) och Smoked Seaweed Salt (norskt h\u00f6gkvalitativt havssalt och r\u00f6kt butare).<\/p>\n<p><strong>Anv\u00e4ndningsomr\u00e5den:<\/strong><\/p>\n<p>N\u00e4ringsrik och full av umami, detta \u00e4r en perfekt salters\u00e4ttning som f\u00f6rh\u00f6jer smaken av alla m\u00e5ltider. Passar bra till skaldjur, soppor och grytor och i br\u00f6d och bakverk. Anv\u00e4nd den helt enkelt i smoothies, gr\u00f6t och dressingar. Denna produkt \u00e4r perfekt f\u00f6r veganer och vegetarianer som vill ha god smak och n\u00e4ringsrik mat. Prova v\u00e5r saftiga veganska Brownie med t\u00e5ng och avokado.<\/p>\n<p><strong>Ingredienser:\u00a0<\/strong>Butare (vildsk\u00f6rd) 75%, Butare (odlad) 15%, Dulse\/S\u00f8l (vildsk\u00f6rd) 10% \/ Havssalt fr\u00e5n Norths Seasalt Works, Alaria esculenta.<\/p>\n<p><strong>Allergier:<\/strong> kan inneh\u00e5lla sp\u00e5r av skaldjur<\/p>\n<p><strong>F\u00f6rvaring:<\/strong> Torrt och f\u00f6rseglat, undvik solljus<\/p>\n<p><strong>Vikt:<\/strong> 20 g<\/p>\n<p><strong>Varning:<\/strong> Denna produkt inneh\u00e5ller 89 mg \/ 12 mg jod per 100 g. Det rekommenderade dagliga intaget \u00e4r 0,15 mg och det \u00f6vre tolerabla intaget \u00e4r 0,60 mg. F\u00f6r mycket jod kan p\u00e5verka sk\u00f6ldk\u00f6rteln.<\/p>\n<\/div>\n<\/div>\n","protected":false},"excerpt":{"rendered":"<div class=\"col-md-6 col-md-offset-3\">\n<div>\n<p>Vanskelig \u00e5 velge favoritt, eller vil du starte med et lite kit for \u00e5 teste flere produkter? Med v\u00e5re miniutgaver av Arctic Ocean Greens,\u00a0Arctic Seaweed Salt\u00a0og\u00a0Smoked Seaweed Salt f\u00e5r du smakene av havet \u2013 samlet i en milj\u00f8vennlig, plastfri gaveeske.<\/p>\n<\/div>\n<p>En gave fra havet som garantert blir satt pris p\u00e5 av alle som liker b\u00e6rekraftige, rene og smakfulle ingredienser<\/p>\n<\/div>\n<div class=\"mb-16 text-lg\">\n<div>\n<p>\u2713 \u00d8kologisk sertifisert<\/p>\n<p>\u2713 B\u00e6rekraftig og h\u00e5ndh\u00f8stet i Lofoten<\/p>\n<p>\u2713 100% naturlig<\/p>\n<p>\u2713 Perfekt for plantebasert kosthold<\/p>\n<p>\u2713 Vitaminer og mineraler<\/p>\n<p>\u2713 Naturlig kilde til jod<\/p>\n<p>\u2713 Glutenfri<\/p>\n<p>\u2713 \u00a0Umami<\/p>\n<\/div>\n<\/div>\n<p>&nbsp;<\/p>\n","protected":false},"featured_media":38693,"comment_status":"closed","ping_status":"closed","template":"","meta":{"_acf_changed":false},"product_brand":[],"product_cat":[303,301,302],"product_tag":[1152],"woo-feed-brand":[],"class_list":{"0":"post-13531","1":"product","2":"type-product","3":"status-publish","4":"has-post-thumbnail","6":"product_cat-tangflak","7":"product_cat-tangkrydder","8":"product_cat-tangsalt","9":"product_tag-seaweed-no","11":"first","12":"instock","13":"taxable","14":"shipping-taxable","15":"purchasable","16":"product-type-simple"},"acf":[],"_links":{"self":[{"href":"https:\/\/lofotenseaweedcompany.com\/no\/wp-json\/wp\/v2\/product\/13531","targetHints":{"allow":["GET"]}}],"collection":[{"href":"https:\/\/lofotenseaweedcompany.com\/no\/wp-json\/wp\/v2\/product"}],"about":[{"href":"https:\/\/lofotenseaweedcompany.com\/no\/wp-json\/wp\/v2\/types\/product"}],"replies":[{"embeddable":true,"href":"https:\/\/lofotenseaweedcompany.com\/no\/wp-json\/wp\/v2\/comments?post=13531"}],"wp:featuredmedia":[{"embeddable":true,"href":"https:\/\/lofotenseaweedcompany.com\/no\/wp-json\/wp\/v2\/media\/38693"}],"wp:attachment":[{"href":"https:\/\/lofotenseaweedcompany.com\/no\/wp-json\/wp\/v2\/media?parent=13531"}],"wp:term":[{"taxonomy":"product_brand","embeddable":true,"href":"https:\/\/lofotenseaweedcompany.com\/no\/wp-json\/wp\/v2\/product_brand?post=13531"},{"taxonomy":"product_cat","embeddable":true,"href":"https:\/\/lofotenseaweedcompany.com\/no\/wp-json\/wp\/v2\/product_cat?post=13531"},{"taxonomy":"product_tag","embeddable":true,"href":"https:\/\/lofotenseaweedcompany.com\/no\/wp-json\/wp\/v2\/product_tag?post=13531"},{"taxonomy":"woo-feed-brand","embeddable":true,"href":"https:\/\/lofotenseaweedcompany.com\/no\/wp-json\/wp\/v2\/woo-feed-brand?post=13531"}],"curies":[{"name":"wp","href":"https:\/\/api.w.org\/{rel}","templated":true}]}}