{"id":1945,"date":"2018-10-03T08:30:38","date_gmt":"2018-10-03T08:30:38","guid":{"rendered":"https:\/\/lofotenseaweedcompany.com\/shop\/sugar-kelp-salt\/"},"modified":"2025-11-25T19:09:08","modified_gmt":"2025-11-25T19:09:08","slug":"arctic-seaweed-salt","status":"publish","type":"product","link":"https:\/\/lofotenseaweedcompany.com\/no\/butikk\/arctic-seaweed-salt\/","title":{"rendered":"Arctic Seaweed Salt"},"content":{"rendered":"<div class=\"row\">\n<div class=\"col-md-6 col-md-offset-3\">\n<p>NO:<\/p>\n<p><strong>Ingredienser:<\/strong> Havsalt, Wakame(Alaria esculenta)<\/p>\n<p><strong>N\u00e6ringsverdier per 100g:<\/strong> Energi KJ\/Kcal (966\/231), Fett (0,9g), Karbohydrater (7,3g), hvorav sukker (0,02g), Fiber (6,2g), Protein (1,3g), Salt (78g). ).<\/p>\n<p><strong>Allergier:<\/strong> Dette produktet kan inneholde spor av skalldyr.<\/p>\n<p><strong>Oppbevaring:<\/strong> Oppbevares t\u00f8rt og lukket<\/p>\n<p><strong>Vekt:<\/strong> 60g<\/p>\n<p>Dette produktet inneholder 4,9 mg jod per 100 g. Anbefalt daglig inntak er 0,15 mg, \u00f8vre daglig grense 0,6 mg. For mye jodinntak kan p\u00e5virke skjoldbruskfunksjonen.<\/p>\n<p>\u00d8kologisk, glutenfri, egnet for veganere.<\/p>\n<div id=\"tw-target-text-container\" class=\"tw-ta-container F0azHf tw-nfl\" tabindex=\"0\">\n<p dir=\"ltr\" data-placeholder=\"Translation\">SE:<\/p>\n<p><strong>Ingredienser:<\/strong> Havssalt, Wakame (Alaria esculenta)<\/p>\n<p><strong>N\u00e4ringsv\u00e4rden per 100g:<\/strong> Energi KJ\/Kcal (966\/231), Fett (0,9g), Kolhydrater (7,3g), varav sockerarter (0,02g), Fiber (6,2g), Protein (1,3g), Salt (78g). ).<\/p>\n<p><strong>Allergier:<\/strong> Denna produkt kan inneh\u00e5lla sp\u00e5r av skaldjur.<\/p>\n<p><strong>F\u00f6rvaring:<\/strong> F\u00f6rvaras torrt och f\u00f6rseglat<\/p>\n<p><strong>Vikt:<\/strong> 60g<\/p>\n<p>Denna produkt inneh\u00e5ller 4,9 mg jod per 100 g. Rekommenderat dagligt intag \u00e4r 0,15 mg, \u00f6vre dagliga gr\u00e4nsen 0,6 mg. F\u00f6r mycket jodintag kan p\u00e5verka sk\u00f6ldk\u00f6rtelfunktionen.<\/p>\n<p>Ekologiskt, glutenfritt, l\u00e4mpligt f\u00f6r veganere.<\/p>\n<\/div>\n<\/div>\n<\/div>\n","protected":false},"excerpt":{"rendered":"<p style=\"font-weight: 400;\">Saltet som passer til alt!<\/p>\n<p style=\"font-weight: 400;\">Laget av norsk h\u00f8ykvalitets havsalt og \u00f8kologisk wakame gir Arctic Seaweed Salt en rund og balansert smak. Wakame flakene tilf\u00f8rer den naturlige umamismaken samt dybde og verdifulle mineraler til m\u00e5ltidet.<\/p>\n<p style=\"font-weight: 400;\">Bruk den som et vanlig havsalt eller bordsalt, og opplev hvordan tangen tilf\u00f8rer en unik smak og ekstra n\u00e6ring til alt fra enkle hverdagsretter til helgekos.<\/p>\n<ul>\n<li>\u00d8kologisk og b\u00e6rekraftig h\u00f8stet<\/li>\n<li>H\u00f8y kvalitets havsalt<\/li>\n<li>Perfekt all- rounder<\/li>\n<\/ul>\n","protected":false},"featured_media":38590,"comment_status":"closed","ping_status":"closed","template":"","meta":{"_acf_changed":false},"product_brand":[],"product_cat":[302],"product_tag":[1152],"woo-feed-brand":[],"class_list":{"0":"post-1945","1":"product","2":"type-product","3":"status-publish","4":"has-post-thumbnail","6":"product_cat-tangsalt","7":"product_tag-seaweed-no","9":"first","10":"instock","11":"taxable","12":"shipping-taxable","13":"purchasable","14":"product-type-variable","15":"has-default-attributes"},"acf":[],"_links":{"self":[{"href":"https:\/\/lofotenseaweedcompany.com\/no\/wp-json\/wp\/v2\/product\/1945","targetHints":{"allow":["GET"]}}],"collection":[{"href":"https:\/\/lofotenseaweedcompany.com\/no\/wp-json\/wp\/v2\/product"}],"about":[{"href":"https:\/\/lofotenseaweedcompany.com\/no\/wp-json\/wp\/v2\/types\/product"}],"replies":[{"embeddable":true,"href":"https:\/\/lofotenseaweedcompany.com\/no\/wp-json\/wp\/v2\/comments?post=1945"}],"wp:featuredmedia":[{"embeddable":true,"href":"https:\/\/lofotenseaweedcompany.com\/no\/wp-json\/wp\/v2\/media\/38590"}],"wp:attachment":[{"href":"https:\/\/lofotenseaweedcompany.com\/no\/wp-json\/wp\/v2\/media?parent=1945"}],"wp:term":[{"taxonomy":"product_brand","embeddable":true,"href":"https:\/\/lofotenseaweedcompany.com\/no\/wp-json\/wp\/v2\/product_brand?post=1945"},{"taxonomy":"product_cat","embeddable":true,"href":"https:\/\/lofotenseaweedcompany.com\/no\/wp-json\/wp\/v2\/product_cat?post=1945"},{"taxonomy":"product_tag","embeddable":true,"href":"https:\/\/lofotenseaweedcompany.com\/no\/wp-json\/wp\/v2\/product_tag?post=1945"},{"taxonomy":"woo-feed-brand","embeddable":true,"href":"https:\/\/lofotenseaweedcompany.com\/no\/wp-json\/wp\/v2\/woo-feed-brand?post=1945"}],"curies":[{"name":"wp","href":"https:\/\/api.w.org\/{rel}","templated":true}]}}