{"id":22833,"date":"2022-09-30T10:16:44","date_gmt":"2022-09-30T10:16:44","guid":{"rendered":"https:\/\/lofotenseaweedcompany.com\/shop\/wok-greens-kryddermiks\/"},"modified":"2026-02-13T09:30:10","modified_gmt":"2026-02-13T09:30:10","slug":"wok-greens-kryddermiks","status":"publish","type":"product","link":"https:\/\/lofotenseaweedcompany.com\/no\/butikk\/wok-greens-kryddermiks\/","title":{"rendered":"Kryddermiks"},"content":{"rendered":"<p><strong>WOK &amp; GREENS<\/strong><\/p>\n<p>NO:<\/p>\n<p><strong>INGREDIENSER:<\/strong> Havsalt, butare, l\u00f8k, hvitl\u00f8k, naturlig aroma, glukose (mais), korianderblad, ingef\u00e6r, limejuice pulver, koriander, pepper, jalape\u00f1os, rapsolje.<\/p>\n<p>*Inneholder 28mg jod per 100g. Anbefalt daglig inntak 0,15mg (1ts). For mye jod kan p\u00e5virke skjoldbrusk funksjon.<\/p>\n<p>Vekt: 44 g<\/p>\n<p>SE:<\/p>\n<p><strong>INGREDIENSER:<\/strong> Havssalt, bevingad kelp, l\u00f6k, vitl\u00f6k, naturlig arom, glukos (majs), korianderblad, ingef\u00e4ra, limejuicepulver, koriander, peppar, jalapenos, rapsolja.<\/p>\n<p>*Inneh\u00e5ller 28 mg jod per 100g. Rekommenderat dagligt intag 0,15 mg (1 tesked). F\u00f6r mycket jod kan p\u00e5verka sk\u00f6ldk\u00f6rtelfunktionen.<\/p>\n<p>Vikt: 44 g<\/p>\n<p>&nbsp;<\/p>\n<p><strong>FISK &amp; SJ\u00d8MAT<\/strong><\/p>\n<p>NO:<\/p>\n<p><strong>INGREDIENSER:<\/strong> Havsalt, butare, hvitl\u00f8k, dill, dillfr\u00f8, l\u00f8k, pepper, l\u00f8kpulver, persille, rosa pepper, sukker, sitronessens, rapsolje, naturlig aroma, gurkemeieekstrakt.<\/p>\n<p>*Inneholder 23mg jod per 100g. Anbefalt daglig inntak 0,15mg (1ts). For mye jod kan p\u00e5virke skjoldbrusk funksjon.<\/p>\n<p>Vekt: 40 g<\/p>\n<p>SE:<\/p>\n<p><strong>INGREDIENSER:<\/strong> Havssalt, bevingad kelp, vitl\u00f6k, dill, dillfr\u00f6n, l\u00f6k, peppar, l\u00f6kpulver, persilja, ros\u00e9peppar, socker, citronessens, rapsolja, naturliga aromer, gurkmejaextrakt.<\/p>\n<p>*Inneh\u00e5ller 23 mg jod per 100g. Rekommenderat dagligt intag 0,15 mg (1 tesked). F\u00f6r mycket jod kan p\u00e5verka sk\u00f6ldk\u00f6rtelfunktionen.<\/p>\n<p>Vikt: 40g<\/p>\n<p>&nbsp;<\/p>\n<p><strong>BBQ &amp; KJ\u00d8TT<\/strong><\/p>\n<p>NO:<\/p>\n<p><strong>INGREDIENSER:<\/strong> Havsalt, butare, brunt sukker, r\u00f8kt paprika, hvitl\u00f8k, l\u00f8k, l\u00f8kpulver, rosmarin, chili, timian, rapsolje, karve, paprikaekstrakt.<\/p>\n<p>*Inneholder 18mg jod per 100g. Anbefalt daglig inntak 0,15mg (1ts). For mye jod kan p\u00e5virke skjoldbrusk funksjon.<\/p>\n<p>Vekt: 51 g<\/p>\n<p>SE:<\/p>\n<p><strong>INGREDIENSER:<\/strong> Havssalt, bevingad kelp, farinsocker, r\u00f6kt paprika, vitl\u00f6k, l\u00f6k, l\u00f6kpulver, rosmarin, chili, timjan, rapsolja, kummin, paprikaextrakt.<\/p>\n<p>*Inneh\u00e5ller 18 mg jod per 100g. Rekommenderat dagligt intag 0,15 mg (1 tesked). F\u00f6r mycket jod kan p\u00e5verka sk\u00f6ldk\u00f6rtelfunktionen.<\/p>\n<p>Vikt: 51g<\/p>\n<p>&nbsp;<\/p>\n","protected":false},"excerpt":{"rendered":"<p style=\"font-weight: 400;\">Krydderblandingene som gj\u00f8r det enkelt \u00e5 l\u00f8fte smaken i hverdagsmaten.<br \/>\nHver blanding er laget med \u00f8kologisk tang fra Lofoten \u2013 rik p\u00e5 naturlig umami, vitaminer og mineraler \u2013 kombinert med n\u00f8ye utvalgte krydder. Resultatet er rene, gode smaker som passer like godt til raske hverdagsretter som til mer ambisi\u00f8se helge middager.<\/p>\n<ul>\n<li><strong>Wok &amp; Greens:<\/strong>hvitl\u00f8k, koriander, lime og \u00f8kologisk wakame. Gir gr\u00f8nnsaker, nudler og wok retter et friskt l\u00f8ft.<\/li>\n<li><strong>Fish &amp; Seafood:<\/strong>dill, sitron, hvitl\u00f8k og \u00f8kologisk wakame. Klassisk smak som passer til all fisk og sj\u00f8mat.<\/li>\n<li><strong>BBQ &amp; Meat:<\/strong>r\u00f8kt paprika, chili, hvitl\u00f8k og \u00f8kologisk wakame. Perfekt til kj\u00f8tt, gryteretter og marinader.<\/li>\n<\/ul>\n<p style=\"font-weight: 400;\">Plantebasert, glutenfritt og enkelt \u00e5 bruke \u2013 en liten smak av havet som gj\u00f8r maten b\u00e5de sunnere og mer spennende.<\/p>\n<p style=\"font-weight: 400;\"><u>\u00a0<\/u><\/p>\n","protected":false},"featured_media":38679,"comment_status":"closed","ping_status":"closed","template":"","meta":{"_acf_changed":false},"product_brand":[],"product_cat":[247],"product_tag":[1152],"woo-feed-brand":[],"class_list":{"0":"post-22833","1":"product","2":"type-product","3":"status-publish","4":"has-post-thumbnail","6":"product_cat-krydderblandinger-no","7":"product_tag-seaweed-no","9":"first","10":"instock","11":"sale","12":"taxable","13":"shipping-taxable","14":"purchasable","15":"product-type-variable"},"acf":[],"_links":{"self":[{"href":"https:\/\/lofotenseaweedcompany.com\/no\/wp-json\/wp\/v2\/product\/22833","targetHints":{"allow":["GET"]}}],"collection":[{"href":"https:\/\/lofotenseaweedcompany.com\/no\/wp-json\/wp\/v2\/product"}],"about":[{"href":"https:\/\/lofotenseaweedcompany.com\/no\/wp-json\/wp\/v2\/types\/product"}],"replies":[{"embeddable":true,"href":"https:\/\/lofotenseaweedcompany.com\/no\/wp-json\/wp\/v2\/comments?post=22833"}],"wp:featuredmedia":[{"embeddable":true,"href":"https:\/\/lofotenseaweedcompany.com\/no\/wp-json\/wp\/v2\/media\/38679"}],"wp:attachment":[{"href":"https:\/\/lofotenseaweedcompany.com\/no\/wp-json\/wp\/v2\/media?parent=22833"}],"wp:term":[{"taxonomy":"product_brand","embeddable":true,"href":"https:\/\/lofotenseaweedcompany.com\/no\/wp-json\/wp\/v2\/product_brand?post=22833"},{"taxonomy":"product_cat","embeddable":true,"href":"https:\/\/lofotenseaweedcompany.com\/no\/wp-json\/wp\/v2\/product_cat?post=22833"},{"taxonomy":"product_tag","embeddable":true,"href":"https:\/\/lofotenseaweedcompany.com\/no\/wp-json\/wp\/v2\/product_tag?post=22833"},{"taxonomy":"woo-feed-brand","embeddable":true,"href":"https:\/\/lofotenseaweedcompany.com\/no\/wp-json\/wp\/v2\/woo-feed-brand?post=22833"}],"curies":[{"name":"wp","href":"https:\/\/api.w.org\/{rel}","templated":true}]}}