{"id":23896,"date":"2022-11-18T09:51:29","date_gmt":"2022-11-18T09:51:29","guid":{"rendered":"https:\/\/lofotenseaweedcompany.com\/shop\/tangsaape\/"},"modified":"2025-12-01T14:04:09","modified_gmt":"2025-12-01T14:04:09","slug":"tangsaape","status":"publish","type":"product","link":"https:\/\/lofotenseaweedcompany.com\/no\/butikk\/tangsaape\/","title":{"rendered":"S\u00e5pestykke med tang"},"content":{"rendered":"<p>NO:<\/p>\n<p><strong>Produkt beskrivelse:<\/strong><\/p>\n<p data-start=\"112\" data-end=\"568\">Dette popul\u00e6re s\u00e5pestykket er laget med \u00f8kologisk sagtang (<span class=\"hover:entity-accent entity-underline inline cursor-pointer align-baseline\"><span class=\"whitespace-normal\">Fucus vesiculosus<\/span><\/span>), som er naturlig rik p\u00e5 mineraler og fuktbindende forbindelser. Kombinasjonen av milde, vegetabilske oljer og mineralrik sagtang gir en s\u00e5pe som rengj\u00f8r sk\u00e5nsomt, samtidig som den bidrar til \u00e5 bevare hudens naturlige fukt. Resultatet er en hud som f\u00f8les ren, myk og behagelig \u2013 uten \u00e5 bli stram. Hver s\u00e5pe er h\u00e5ndlaget, og derfor helt unik i form og uttrykk.<\/p>\n<p data-start=\"570\" data-end=\"703\">Denne s\u00e5pen er blitt en favoritt nettopp fordi den gir <strong data-start=\"625\" data-end=\"651\">ekstra god fuktf\u00f8lelse<\/strong>, og passer s\u00e6rlig godt for t\u00f8rr eller sensitiv hud.<\/p>\n<p data-start=\"705\" data-end=\"720\"><strong data-start=\"705\" data-end=\"720\">Egenskaper:<\/strong><\/p>\n<ul data-start=\"721\" data-end=\"879\">\n<li data-start=\"721\" data-end=\"746\">\n<p data-start=\"723\" data-end=\"746\">Sertifisert \u00f8kologisk<\/p>\n<\/li>\n<li data-start=\"747\" data-end=\"777\">\n<p data-start=\"749\" data-end=\"777\">B\u00e6rekraftig h\u00f8stet sagtang<\/p>\n<\/li>\n<li data-start=\"778\" data-end=\"810\">\n<p data-start=\"780\" data-end=\"810\">100 % naturlige ingredienser<\/p>\n<\/li>\n<li data-start=\"811\" data-end=\"822\">\n<p data-start=\"813\" data-end=\"822\">Vegansk<\/p>\n<\/li>\n<li data-start=\"823\" data-end=\"851\">\n<p data-start=\"825\" data-end=\"851\">Sk\u00e5nsom og fuktbevarende<\/p>\n<\/li>\n<li data-start=\"852\" data-end=\"879\">\n<p data-start=\"854\" data-end=\"879\">Egner seg godt som gave<\/p>\n<\/li>\n<\/ul>\n<p><strong>Ingredienser:<\/strong><\/p>\n<p>Sagtang, Fors\u00e5pet Olivenolje, Vann, Fors\u00e5pet \u00f8kologisk, kokosolje, Glycerin, Fors\u00e5pet \u00f8kologisk ricinusolje, Fors\u00e5pet \u00f8kologisk sheasm\u00f8r, Fors\u00e5pet \u00f8kologisk mandelolje, sitrongressolje, ingef\u00e6rolje, Ferric Ferrocyanide, bl\u00e5 fargepigment.<\/p>\n<p><strong>Allergener:<\/strong> Limonen, citronellol, eugenol, geraniol, citral og linalool<\/p>\n<p>SE:<\/p>\n<p><strong>Produktbeskrivning:<\/strong><\/p>\n<p data-start=\"127\" data-end=\"593\">Denna popul\u00e4ra tv\u00e5l \u00e4r tillverkad med ekologisk bl\u00e5st\u00e5ng (<span class=\"hover:entity-accent entity-underline inline cursor-pointer align-baseline\"><span class=\"whitespace-normal\">Fucus vesiculosus<\/span><\/span>), som \u00e4r naturligt rik p\u00e5 mineraler och fuktbindande \u00e4mnen. Kombinationen av milda, vegetabiliska oljor och mineralrik t\u00e5ng ger en tv\u00e5l som reng\u00f6r skonsamt samtidigt som den hj\u00e4lper till att bevara hudens naturliga fuktbalans. Resultatet \u00e4r en hud som k\u00e4nns ren, mjuk och behaglig \u2013 utan att k\u00e4nnas stram. Varje tv\u00e5l \u00e4r handgjord och d\u00e4rf\u00f6r helt unik i form och uttryck.<\/p>\n<p data-start=\"595\" data-end=\"734\">Den h\u00e4r tv\u00e5len har blivit en favorit just f\u00f6r att den ger en <strong data-start=\"656\" data-end=\"681\">extra god fukt k\u00e4nsla<\/strong>, och passar s\u00e4rskilt bra f\u00f6r torr eller k\u00e4nslig hud.<\/p>\n<p data-start=\"736\" data-end=\"751\"><strong data-start=\"736\" data-end=\"751\">Egenskaper:<\/strong><\/p>\n<ul data-start=\"752\" data-end=\"902\">\n<li data-start=\"752\" data-end=\"777\">\n<p data-start=\"754\" data-end=\"777\">Certifierad ekologisk<\/p>\n<\/li>\n<li data-start=\"778\" data-end=\"803\">\n<p data-start=\"780\" data-end=\"803\">H\u00e5llbart sk\u00f6rdad t\u00e5ng<\/p>\n<\/li>\n<li data-start=\"804\" data-end=\"836\">\n<p data-start=\"806\" data-end=\"836\">100 % naturliga ingredienser<\/p>\n<\/li>\n<li data-start=\"837\" data-end=\"848\">\n<p data-start=\"839\" data-end=\"848\">Vegansk<\/p>\n<\/li>\n<li data-start=\"849\" data-end=\"878\">\n<p data-start=\"851\" data-end=\"878\">Skonsam och fuktbevarande<\/p>\n<\/li>\n<li data-start=\"879\" data-end=\"902\">\n<p data-start=\"881\" data-end=\"902\">Passar bra som g\u00e5va<\/p>\n<\/li>\n<\/ul>\n<p><strong>Ingredienser:<\/strong><\/p>\n<p>Sagtang, f\u00f6rtv\u00e5lad olivolja, vatten, f\u00f6rtv\u00e5lad organisk, kokosn\u00f6tsolja, glycerin, f\u00f6rtv\u00e5lad organisk ricinolja, f\u00f6rtv\u00e5lad ekologisk sheasm\u00f6r, f\u00f6rtv\u00e5lad ekologisk mandelolja, citrongr\u00e4solja, ingef\u00e4rsolja, j\u00e4rn(III)ferrocyanid, bl\u00e5 f\u00e4rgpigment.<\/p>\n<p><strong>Allergener:<\/strong> Limonene, citronellol, eugenol, geraniol, citral och linalool<\/p>\n","protected":false},"excerpt":{"rendered":"<p>V\u00e5r popul\u00e6re s\u00e5pe-bar er laget med \u00f8kologisk tang fra Lofoten og kjent for \u00e5 v\u00e6re ekstra fuktighetsgivende. Den gir et rikt, kremet skum som renser sk\u00e5nsomt og samtidig tilf\u00f8rer huden n\u00e6ring og mykhet. Perfekt til daglig bruk \u2013 et rent valg for huden din, og et mer sk\u00e5nsomt valg for havet. \u00a0Denne s\u00e5pen er en favoritt blant v\u00e5re kunder.<\/p>\n","protected":false},"featured_media":38708,"comment_status":"closed","ping_status":"closed","template":"","meta":{"_acf_changed":false},"product_brand":[],"product_cat":[111],"product_tag":[145,1152],"woo-feed-brand":[],"class_list":{"0":"post-23896","1":"product","2":"type-product","3":"status-publish","4":"has-post-thumbnail","6":"product_cat-tang-kosmetikk","7":"product_tag-christmas-no","8":"product_tag-seaweed-no","10":"first","11":"instock","12":"taxable","13":"shipping-taxable","14":"purchasable","15":"product-type-simple"},"acf":[],"_links":{"self":[{"href":"https:\/\/lofotenseaweedcompany.com\/no\/wp-json\/wp\/v2\/product\/23896","targetHints":{"allow":["GET"]}}],"collection":[{"href":"https:\/\/lofotenseaweedcompany.com\/no\/wp-json\/wp\/v2\/product"}],"about":[{"href":"https:\/\/lofotenseaweedcompany.com\/no\/wp-json\/wp\/v2\/types\/product"}],"replies":[{"embeddable":true,"href":"https:\/\/lofotenseaweedcompany.com\/no\/wp-json\/wp\/v2\/comments?post=23896"}],"wp:featuredmedia":[{"embeddable":true,"href":"https:\/\/lofotenseaweedcompany.com\/no\/wp-json\/wp\/v2\/media\/38708"}],"wp:attachment":[{"href":"https:\/\/lofotenseaweedcompany.com\/no\/wp-json\/wp\/v2\/media?parent=23896"}],"wp:term":[{"taxonomy":"product_brand","embeddable":true,"href":"https:\/\/lofotenseaweedcompany.com\/no\/wp-json\/wp\/v2\/product_brand?post=23896"},{"taxonomy":"product_cat","embeddable":true,"href":"https:\/\/lofotenseaweedcompany.com\/no\/wp-json\/wp\/v2\/product_cat?post=23896"},{"taxonomy":"product_tag","embeddable":true,"href":"https:\/\/lofotenseaweedcompany.com\/no\/wp-json\/wp\/v2\/product_tag?post=23896"},{"taxonomy":"woo-feed-brand","embeddable":true,"href":"https:\/\/lofotenseaweedcompany.com\/no\/wp-json\/wp\/v2\/woo-feed-brand?post=23896"}],"curies":[{"name":"wp","href":"https:\/\/api.w.org\/{rel}","templated":true}]}}