{"id":24315,"date":"2022-11-25T12:57:38","date_gmt":"2022-11-25T12:57:38","guid":{"rendered":"https:\/\/lofotenseaweedcompany.com\/shop\/fingertare\/"},"modified":"2025-11-11T13:31:37","modified_gmt":"2025-11-11T13:31:37","slug":"fingertare","status":"publish","type":"product","link":"https:\/\/lofotenseaweedcompany.com\/no\/butikk\/fingertare\/","title":{"rendered":"Fingertare"},"content":{"rendered":"<p>NO:<\/p>\n<p><strong>Hvordan\u00a0 bruke fingertare i mat<\/strong><\/p>\n<p>Fingertare,\u00a0 er som japansk kombu,\u00a0 en utmerket base for supper og buljonger. La den sm\u00e5koke i 30 minutter for \u00e5 lage dashi &#8211; basen for en mengde asiatiske supper og gryteretter. Syltet fingertare er ogs\u00e5 et flott tilbeh\u00f8r til salater og sm\u00f8rbr\u00f8d &#8211; sjekk ut v\u00e5re oppskrifter p\u00e5 nettsiden for flere detaljer!<\/p>\n<p><strong>Ingredienser:<\/strong> Hel fingertare, kjent som Laminara digitata.<\/p>\n<p><strong>Allergier:<\/strong> Kan inneholde spor av skalldyr<\/p>\n<p><strong>Oppbevaring:<\/strong>\u00a0t\u00f8rt og lukket<\/p>\n<p><strong>Vekt:<\/strong> 25g<\/p>\n<p><strong>Advarsel:<\/strong> Fingertare er naturlig h\u00f8y p\u00e5 jod. Vi anbefaler \u00e5 blanchere f\u00f8r du spiser. Blanchering av tare kan redusere jodinnholdet med opptil 90 %.<\/p>\n<p>For h\u00f8yt jod inntak kan p\u00e5virke skjoldbruskkjertelen. Anbefalt daglig inntak 0,15mg, \u00f8vre grense 0.6mg.<\/p>\n<p>SE:<\/p>\n<p><strong>Hur man anv\u00e4nder fingerkelp i mat<\/strong><\/p>\n<p>Fingerkelp \u00e4r, liksom japansk kombu, en utm\u00e4rkt bas f\u00f6r soppor och buljonger. Sjud i 30 minuter f\u00f6r att g\u00f6ra dashi &#8211; basen f\u00f6r en m\u00e4ngd asiatiska soppor och grytor. Inlagd fingerkelp \u00e4r ocks\u00e5 ett bra tillbeh\u00f6r till sallader och sm\u00f6rg\u00e5sar &#8211; kolla in v\u00e5ra recept p\u00e5 hemsidan f\u00f6r mer information!<\/p>\n<p><strong>Ingredienser:<\/strong> Hel fingerkelp, k\u00e4nd som Laminara digitata.<\/p>\n<p><strong>Allergier:<\/strong> Kan inneh\u00e5lla sp\u00e5r av skaldjur<\/p>\n<p><strong>F\u00f6rvaring:<\/strong> torr och st\u00e4ngd<\/p>\n<p><strong>Vikt:<\/strong> 25g<\/p>\n<p><strong>Varning:<\/strong> Fingerkelp inneh\u00e5ller naturligt mycket jod. Vi rekommenderar att du blancherar innan du \u00e4ter. Blanchering kelp kan minska jodhalten med upp till 90%.<\/p>\n<p>\u00d6verdrivet jodintag kan p\u00e5verka sk\u00f6ldk\u00f6rteln. Rekommenderat dagligt intag 0,15 mg, \u00f6vre gr\u00e4ns 0,6 mg.<\/p>\n","protected":false},"excerpt":{"rendered":"<p>Hel t\u00f8rket fingertare. Rik og velsmakende, full av umami med hint av sopp. Smaker lett av\u00a0 hav eller sj\u00f8mat, men ikke &laquo;fiskesmak&raquo;.<\/p>\n<p>Pr\u00f8v noe nytt med \u00f8kologisk fingertare fra Lofoten.<\/p>\n","protected":false},"featured_media":35169,"comment_status":"closed","ping_status":"closed","template":"","meta":{"_acf_changed":false},"product_brand":[],"product_cat":[105],"product_tag":[1154,1130,1131,1134,1152],"woo-feed-brand":[],"class_list":{"0":"post-24315","1":"product","2":"type-product","3":"status-publish","4":"has-post-thumbnail","6":"product_cat-hele-blad","7":"product_tag-ganze-blatter","8":"product_tag-kombu-no","9":"product_tag-laminara-digitata-no","10":"product_tag-oarweed-no","11":"product_tag-seaweed-no","13":"first","14":"outofstock","15":"taxable","16":"shipping-taxable","17":"product-type-simple"},"acf":[],"_links":{"self":[{"href":"https:\/\/lofotenseaweedcompany.com\/no\/wp-json\/wp\/v2\/product\/24315","targetHints":{"allow":["GET"]}}],"collection":[{"href":"https:\/\/lofotenseaweedcompany.com\/no\/wp-json\/wp\/v2\/product"}],"about":[{"href":"https:\/\/lofotenseaweedcompany.com\/no\/wp-json\/wp\/v2\/types\/product"}],"replies":[{"embeddable":true,"href":"https:\/\/lofotenseaweedcompany.com\/no\/wp-json\/wp\/v2\/comments?post=24315"}],"wp:featuredmedia":[{"embeddable":true,"href":"https:\/\/lofotenseaweedcompany.com\/no\/wp-json\/wp\/v2\/media\/35169"}],"wp:attachment":[{"href":"https:\/\/lofotenseaweedcompany.com\/no\/wp-json\/wp\/v2\/media?parent=24315"}],"wp:term":[{"taxonomy":"product_brand","embeddable":true,"href":"https:\/\/lofotenseaweedcompany.com\/no\/wp-json\/wp\/v2\/product_brand?post=24315"},{"taxonomy":"product_cat","embeddable":true,"href":"https:\/\/lofotenseaweedcompany.com\/no\/wp-json\/wp\/v2\/product_cat?post=24315"},{"taxonomy":"product_tag","embeddable":true,"href":"https:\/\/lofotenseaweedcompany.com\/no\/wp-json\/wp\/v2\/product_tag?post=24315"},{"taxonomy":"woo-feed-brand","embeddable":true,"href":"https:\/\/lofotenseaweedcompany.com\/no\/wp-json\/wp\/v2\/woo-feed-brand?post=24315"}],"curies":[{"name":"wp","href":"https:\/\/api.w.org\/{rel}","templated":true}]}}