{"id":24319,"date":"2022-11-24T14:32:34","date_gmt":"2022-11-24T14:32:34","guid":{"rendered":"https:\/\/lofotenseaweedcompany.com\/shop\/nori\/"},"modified":"2026-03-06T07:36:45","modified_gmt":"2026-03-06T07:36:45","slug":"nori","status":"publish","type":"product","link":"https:\/\/lofotenseaweedcompany.com\/no\/butikk\/nori\/","title":{"rendered":"\u00d8kologisk Nori"},"content":{"rendered":"<p>NO:<\/p>\n<p><strong>Ingredienser:<\/strong> Fj\u00e6rehinne, Nori \u00a0(Porphyra umbilicalis).<\/p>\n<p><strong>Allergier:<\/strong> Kan inneholde spor av skalldyr.<\/p>\n<p><strong>Oppbevaring:<\/strong> Oppbevares t\u00f8rt og lukket.<\/p>\n<p><strong>Vekt:<\/strong> 20g<\/p>\n<p>For mye jodinntak kan p\u00e5virke skjoldbruskkjertelen. Anbefalt daglig inntak 0,15 mg, \u00f8vre grense 0,6 mg.<\/p>\n<p>SE:<\/p>\n<p><strong>Ingredienser:<\/strong> Helbladsnori (Porphyra umbilicalis).<\/p>\n<p><strong>Allergier:<\/strong> Kan inneh\u00e5lla sp\u00e5r av skaldjur.<\/p>\n<p><strong>F\u00f6rvaring:<\/strong> F\u00f6rvaras torrt och f\u00f6rseglat.<\/p>\n<p><strong>Vikt:<\/strong> 20g<\/p>\n<p>F\u00f6r mycket jodintag kan p\u00e5verka sk\u00f6ldk\u00f6rteln. Rekommenderat dagligt intag 0,15 mg, \u00f6vre gr\u00e4ns 0,6 mg.<\/p>\n","protected":false},"excerpt":{"rendered":"<p>Verdens mest kjente tang!<\/p>\n<p>Nori har en mild smak, med smaksnoter av muslinger og \u00f8sters. Passer utmerket med soyasaus, sesamolje, ingef\u00e6r og mirin.<\/p>\n<p>Bruk den til mer enn bare sushi! Nori er p\u00e5 sitt beste n\u00e5r den er spr\u00f8 \u2013 stekt eller stekt, den har en tilfredsstillende spr\u00f8 crunch og en herlig salt, umami, n\u00f8tteaktig smak. Spis den alene som et mellomm\u00e5ltid, eller legg til som garnityr til wok, supper og salater. V\u00e5r nori er naturlig og ubehandlet, og selges som avbildet (ikke i ark).<\/p>\n","protected":false},"featured_media":38739,"comment_status":"closed","ping_status":"closed","template":"","meta":{"_acf_changed":false},"product_brand":[],"product_cat":[105],"product_tag":[1132,1133,1135,1152,1203],"woo-feed-brand":[],"class_list":{"0":"post-24319","1":"product","2":"type-product","3":"status-publish","4":"has-post-thumbnail","6":"product_cat-hele-blad","7":"product_tag-laver-no","8":"product_tag-nori-no","9":"product_tag-porphyra-umbilicalis-no","10":"product_tag-seaweed-no","11":"product_tag-whole-leaf","13":"first","14":"instock","15":"taxable","16":"shipping-taxable","17":"purchasable","18":"product-type-simple"},"acf":[],"_links":{"self":[{"href":"https:\/\/lofotenseaweedcompany.com\/no\/wp-json\/wp\/v2\/product\/24319","targetHints":{"allow":["GET"]}}],"collection":[{"href":"https:\/\/lofotenseaweedcompany.com\/no\/wp-json\/wp\/v2\/product"}],"about":[{"href":"https:\/\/lofotenseaweedcompany.com\/no\/wp-json\/wp\/v2\/types\/product"}],"replies":[{"embeddable":true,"href":"https:\/\/lofotenseaweedcompany.com\/no\/wp-json\/wp\/v2\/comments?post=24319"}],"wp:featuredmedia":[{"embeddable":true,"href":"https:\/\/lofotenseaweedcompany.com\/no\/wp-json\/wp\/v2\/media\/38739"}],"wp:attachment":[{"href":"https:\/\/lofotenseaweedcompany.com\/no\/wp-json\/wp\/v2\/media?parent=24319"}],"wp:term":[{"taxonomy":"product_brand","embeddable":true,"href":"https:\/\/lofotenseaweedcompany.com\/no\/wp-json\/wp\/v2\/product_brand?post=24319"},{"taxonomy":"product_cat","embeddable":true,"href":"https:\/\/lofotenseaweedcompany.com\/no\/wp-json\/wp\/v2\/product_cat?post=24319"},{"taxonomy":"product_tag","embeddable":true,"href":"https:\/\/lofotenseaweedcompany.com\/no\/wp-json\/wp\/v2\/product_tag?post=24319"},{"taxonomy":"woo-feed-brand","embeddable":true,"href":"https:\/\/lofotenseaweedcompany.com\/no\/wp-json\/wp\/v2\/woo-feed-brand?post=24319"}],"curies":[{"name":"wp","href":"https:\/\/api.w.org\/{rel}","templated":true}]}}