{"id":24320,"date":"2022-11-24T14:18:53","date_gmt":"2022-11-24T14:18:53","guid":{"rendered":"https:\/\/lofotenseaweedcompany.com\/shop\/troffeltang\/"},"modified":"2026-02-25T13:13:40","modified_gmt":"2026-02-25T13:13:40","slug":"troffeltang","status":"publish","type":"product","link":"https:\/\/lofotenseaweedcompany.com\/no\/butikk\/troffeltang\/","title":{"rendered":"\u00d8kologisk Tr\u00f8ffeltang"},"content":{"rendered":"<p>NO:<\/p>\n<p><strong>Ingredienser:<\/strong> tr\u00f8ffeltang (Vertebrata lanosa).<\/p>\n<p><strong>Allergier:<\/strong> Kan inneholde spor av skalldyr.<\/p>\n<p><strong>Oppbevaring:<\/strong> Oppbevares t\u00f8rt og lukket.<\/p>\n<p><strong>Vekt:<\/strong> 15g<\/p>\n<p>For mye jodinntak kan p\u00e5virke skjoldbruskkjertelen. Anbefalt daglig inntak 0,15 mg, \u00f8vre grense 0,6 mg.<\/p>\n<p>SE:<\/p>\n<p><strong>Ingredienser:<\/strong> Helbladstryffelt\u00e5ng (Vertebrata lanosa).<\/p>\n<p><strong>Allergier:<\/strong> Kan inneh\u00e5lla sp\u00e5r av skaldjur.<\/p>\n<p><strong>F\u00f6rvaring:<\/strong> F\u00f6rvaras torrt och f\u00f6rseglat.<\/p>\n<p><strong>Vikt:<\/strong> 15g<\/p>\n<p>F\u00f6r mycket jodintag kan p\u00e5verka sk\u00f6ldk\u00f6rteln. Rekommenderat dagligt intag 0,15 mg, \u00f6vre gr\u00e4ns 0,6 mg.<\/p>\n","protected":false},"excerpt":{"rendered":"<p>Hel tr\u00f8ffeltang. Her finner du \u00a0smaksnotene av hvite tr\u00f8fler, kombinert med den friske mineralske smaken av havet. Egner seg derfor veldig godt til sj\u00f8mat som \u00f8ster og krabbe. Denne lille r\u00f8dalgen gir den beste tr\u00f8ffelsmaken n\u00e5r den tilf\u00f8res fett, for eksempel tr\u00f8ffeltangsm\u00f8r eller tr\u00f8ffeltang aioli. Server med biff for en ny variant av surf and turf eller bruk den pizza, pasta og risotto! For mye varme kan redusere smaken, s\u00e5 tilsett tr\u00f8ffeltang p\u00e5 slutten av matlagingen for best effekt.<\/p>\n","protected":false},"featured_media":38604,"comment_status":"closed","ping_status":"closed","template":"","meta":{"_acf_changed":false},"product_brand":[],"product_cat":[105],"product_tag":[1152,1203],"woo-feed-brand":[],"class_list":{"0":"post-24320","1":"product","2":"type-product","3":"status-publish","4":"has-post-thumbnail","6":"product_cat-hele-blad","7":"product_tag-seaweed-no","8":"product_tag-whole-leaf","10":"first","11":"instock","12":"taxable","13":"shipping-taxable","14":"purchasable","15":"product-type-variable","16":"has-default-attributes"},"acf":[],"_links":{"self":[{"href":"https:\/\/lofotenseaweedcompany.com\/no\/wp-json\/wp\/v2\/product\/24320","targetHints":{"allow":["GET"]}}],"collection":[{"href":"https:\/\/lofotenseaweedcompany.com\/no\/wp-json\/wp\/v2\/product"}],"about":[{"href":"https:\/\/lofotenseaweedcompany.com\/no\/wp-json\/wp\/v2\/types\/product"}],"replies":[{"embeddable":true,"href":"https:\/\/lofotenseaweedcompany.com\/no\/wp-json\/wp\/v2\/comments?post=24320"}],"wp:featuredmedia":[{"embeddable":true,"href":"https:\/\/lofotenseaweedcompany.com\/no\/wp-json\/wp\/v2\/media\/38604"}],"wp:attachment":[{"href":"https:\/\/lofotenseaweedcompany.com\/no\/wp-json\/wp\/v2\/media?parent=24320"}],"wp:term":[{"taxonomy":"product_brand","embeddable":true,"href":"https:\/\/lofotenseaweedcompany.com\/no\/wp-json\/wp\/v2\/product_brand?post=24320"},{"taxonomy":"product_cat","embeddable":true,"href":"https:\/\/lofotenseaweedcompany.com\/no\/wp-json\/wp\/v2\/product_cat?post=24320"},{"taxonomy":"product_tag","embeddable":true,"href":"https:\/\/lofotenseaweedcompany.com\/no\/wp-json\/wp\/v2\/product_tag?post=24320"},{"taxonomy":"woo-feed-brand","embeddable":true,"href":"https:\/\/lofotenseaweedcompany.com\/no\/wp-json\/wp\/v2\/woo-feed-brand?post=24320"}],"curies":[{"name":"wp","href":"https:\/\/api.w.org\/{rel}","templated":true}]}}