{"id":24325,"date":"2022-11-24T13:53:53","date_gmt":"2022-11-24T13:53:53","guid":{"rendered":"https:\/\/lofotenseaweedcompany.com\/shop\/sukkertare\/"},"modified":"2026-03-30T08:55:34","modified_gmt":"2026-03-30T08:55:34","slug":"sukkertare","status":"publish","type":"product","link":"https:\/\/lofotenseaweedcompany.com\/no\/butikk\/sukkertare\/","title":{"rendered":"\u00d8kologisk sukkertare"},"content":{"rendered":"<p>NO:<\/p>\n<p><strong>Hvordan\u00a0 bruke sukkertare i mat<\/strong><\/p>\n<p>Sukkertare, som japansk kombu, er en utmerket base for supper og buljonger. Den har tykkere blader som er gode til \u00e5 pakke inn og dampe kj\u00f8tt, fisk og gr\u00f8nnsaker i. Bl\u00f8tlegg over natten, skj\u00e6r i skiver og bland i coleslaw for ekstra crunch!<\/p>\n<p><strong>Ingredienser:<\/strong> Hel sukkertare, kjent som Saccharina latissima.<\/p>\n<p><strong>Allergier:<\/strong> Kan inneholde spor av skalldyr<\/p>\n<p><strong>Oppbevaring:<\/strong> t\u00f8rt og lukket<\/p>\n<p><strong>Vekt:<\/strong> 25g<\/p>\n<p><strong>Advarsel:<\/strong> Sukkertare er naturlig meget h\u00f8y p\u00e5 jod. Vi anbefaler \u00e5 bl\u00f8tlegge i vann f\u00f8rst. Bl\u00f8tlegging av sukkertare i ett minutt i lunket vann reduserer jod innholdet med opptil 80%.<\/p>\n<p>For mye jodinntak kan p\u00e5virke skjoldbruskkjertelen. Anbefalt daglig inntak 0,15 mg, \u00f8vre grense 0,6 mg.<\/p>\n<p>SE:<\/p>\n<p><strong>Hur man anv\u00e4nder sockerkelp i mat<\/strong><\/p>\n<p>Sockerkelp \u00e4r, liksom japansk kombu, en utm\u00e4rkt bas f\u00f6r soppor och buljonger. Den har tjockare blad som \u00e4r bra att sl\u00e5 in och \u00e5ngkoka k\u00f6tt, fisk och gr\u00f6nsaker i. Bl\u00f6tl\u00e4gg \u00f6ver natten, skiva och blanda till coleslaw f\u00f6r extra krispigt!<\/p>\n<p><strong>Ingredienser:<\/strong> Hel sockerkelp, k\u00e4nd som Saccharina latissima.<\/p>\n<p><strong>Allergier:<\/strong> Kan inneh\u00e5lla sp\u00e5r av skaldjur<\/p>\n<p><strong>F\u00f6rvaring:<\/strong> torr och st\u00e4ngd<\/p>\n<p><strong>Vikt:<\/strong> 25g<\/p>\n<p><strong>Varning:<\/strong> Sockert\u00e5ng \u00e4r naturligt mycket h\u00f6g i jod. Vi rekommenderar bl\u00f6tl\u00e4ggning i vatten f\u00f6rst. Att bl\u00f6tl\u00e4gga sockert\u00e5ngen i en minut i ljummet vatten minskar jodhalten med upp till 80 %.<\/p>\n<p>F\u00f6r mycket jodintag kan p\u00e5verka sk\u00f6ldk\u00f6rteln. Rekommenderat dagligt intag 0,15 mg, \u00f6vre gr\u00e4ns 0,6 mg.<\/p>\n","protected":false},"excerpt":{"rendered":"<p>Sukkertare har f\u00e5tt navnet p\u00e5 grunn av innholdet av sukkerstoffet mannitol og aminosyren alanin som begge smaker s\u00f8tt. N\u00e5r den t\u00f8rkes skilles mannitolet ut som et hvitt pulver p\u00e5 overflaten. \u00a0I tillegg inneholder sukkertare glutamat som gir en typisk umami- smak.<\/p>\n<p>Pr\u00f8v crunchy sukkertare i supper, kraftbaser, salater, coleslaw eller kimchi.<\/p>\n","protected":false},"featured_media":38736,"comment_status":"closed","ping_status":"closed","template":"","meta":{"_acf_changed":false},"product_brand":[],"product_cat":[105],"product_tag":[1152,1203],"woo-feed-brand":[],"class_list":{"0":"post-24325","1":"product","2":"type-product","3":"status-publish","4":"has-post-thumbnail","6":"product_cat-hele-blad","7":"product_tag-seaweed-no","8":"product_tag-whole-leaf","10":"first","11":"instock","12":"taxable","13":"shipping-taxable","14":"product-type-simple"},"acf":[],"_links":{"self":[{"href":"https:\/\/lofotenseaweedcompany.com\/no\/wp-json\/wp\/v2\/product\/24325","targetHints":{"allow":["GET"]}}],"collection":[{"href":"https:\/\/lofotenseaweedcompany.com\/no\/wp-json\/wp\/v2\/product"}],"about":[{"href":"https:\/\/lofotenseaweedcompany.com\/no\/wp-json\/wp\/v2\/types\/product"}],"replies":[{"embeddable":true,"href":"https:\/\/lofotenseaweedcompany.com\/no\/wp-json\/wp\/v2\/comments?post=24325"}],"wp:featuredmedia":[{"embeddable":true,"href":"https:\/\/lofotenseaweedcompany.com\/no\/wp-json\/wp\/v2\/media\/38736"}],"wp:attachment":[{"href":"https:\/\/lofotenseaweedcompany.com\/no\/wp-json\/wp\/v2\/media?parent=24325"}],"wp:term":[{"taxonomy":"product_brand","embeddable":true,"href":"https:\/\/lofotenseaweedcompany.com\/no\/wp-json\/wp\/v2\/product_brand?post=24325"},{"taxonomy":"product_cat","embeddable":true,"href":"https:\/\/lofotenseaweedcompany.com\/no\/wp-json\/wp\/v2\/product_cat?post=24325"},{"taxonomy":"product_tag","embeddable":true,"href":"https:\/\/lofotenseaweedcompany.com\/no\/wp-json\/wp\/v2\/product_tag?post=24325"},{"taxonomy":"woo-feed-brand","embeddable":true,"href":"https:\/\/lofotenseaweedcompany.com\/no\/wp-json\/wp\/v2\/woo-feed-brand?post=24325"}],"curies":[{"name":"wp","href":"https:\/\/api.w.org\/{rel}","templated":true}]}}