{"id":24326,"date":"2022-11-24T13:25:55","date_gmt":"2022-11-24T13:25:55","guid":{"rendered":"https:\/\/lofotenseaweedcompany.com\/shop\/sol\/"},"modified":"2026-02-09T08:19:08","modified_gmt":"2026-02-09T08:19:08","slug":"sol","status":"publish","type":"product","link":"https:\/\/lofotenseaweedcompany.com\/no\/butikk\/sol\/","title":{"rendered":"\u00d8kologisk S\u00f8l"},"content":{"rendered":"<p>NO:<\/p>\n<p><strong>Ingredienser:<\/strong> S\u00f8l (Palmaria palmata).<\/p>\n<p><strong>Allergier:<\/strong> Kan inneholde spor av skalldyr.<\/p>\n<p><strong>Oppbevaring:<\/strong> Oppbevares t\u00f8rt og lukket.<\/p>\n<p><strong>Vekt:<\/strong> 25g<\/p>\n<p>For mye jodinntak kan p\u00e5virke skjoldbruskkjertelen. Anbefalt daglig inntak 0,15 mg, \u00f8vre grense 0,6 mg.<\/p>\n<p>SE:<\/p>\n<p><strong>Ingredienser:<\/strong> Helbladsdulse (Palmaria palmata).<\/p>\n<p><strong>Allergier:<\/strong> Kan inneh\u00e5lla sp\u00e5r av skaldjur.<\/p>\n<p><strong>F\u00f6rvaring:<\/strong> F\u00f6rvaras torrt och f\u00f6rseglat.<\/p>\n<p><strong>Vikt:<\/strong> 25g<\/p>\n<p>F\u00f6r mycket jodintag kan p\u00e5verka sk\u00f6ldk\u00f6rteln. Rekommenderat dagligt intag 0,15 mg, \u00f6vre gr\u00e4ns 0,6 mg.<\/p>\n","protected":false},"excerpt":{"rendered":"<p>Rund og velsmakende med hint av r\u00f8ykt, salt og s\u00f8tt i profilen. Her finner du ogs\u00e5 toner av lakris og n\u00f8tter i ettersmaken.<\/p>\n<p>Med kallenavnet havbacon, er s\u00f8l et godt alternativ for plantebasert kosthold. Stek den t\u00f8rkede s\u00f8len i panne for \u00e5 utvikle dens baconaktige smaken. Syltet s\u00f8l er perfekt til bruk i salater eller som garnityr<\/p>\n","protected":false},"featured_media":38733,"comment_status":"closed","ping_status":"closed","template":"","meta":{"_acf_changed":false},"product_brand":[],"product_cat":[105],"product_tag":[1154,1152],"woo-feed-brand":[],"class_list":{"0":"post-24326","1":"product","2":"type-product","3":"status-publish","4":"has-post-thumbnail","6":"product_cat-hele-blad","7":"product_tag-ganze-blatter","8":"product_tag-seaweed-no","10":"first","11":"instock","12":"taxable","13":"shipping-taxable","14":"purchasable","15":"product-type-simple"},"acf":[],"_links":{"self":[{"href":"https:\/\/lofotenseaweedcompany.com\/no\/wp-json\/wp\/v2\/product\/24326","targetHints":{"allow":["GET"]}}],"collection":[{"href":"https:\/\/lofotenseaweedcompany.com\/no\/wp-json\/wp\/v2\/product"}],"about":[{"href":"https:\/\/lofotenseaweedcompany.com\/no\/wp-json\/wp\/v2\/types\/product"}],"replies":[{"embeddable":true,"href":"https:\/\/lofotenseaweedcompany.com\/no\/wp-json\/wp\/v2\/comments?post=24326"}],"wp:featuredmedia":[{"embeddable":true,"href":"https:\/\/lofotenseaweedcompany.com\/no\/wp-json\/wp\/v2\/media\/38733"}],"wp:attachment":[{"href":"https:\/\/lofotenseaweedcompany.com\/no\/wp-json\/wp\/v2\/media?parent=24326"}],"wp:term":[{"taxonomy":"product_brand","embeddable":true,"href":"https:\/\/lofotenseaweedcompany.com\/no\/wp-json\/wp\/v2\/product_brand?post=24326"},{"taxonomy":"product_cat","embeddable":true,"href":"https:\/\/lofotenseaweedcompany.com\/no\/wp-json\/wp\/v2\/product_cat?post=24326"},{"taxonomy":"product_tag","embeddable":true,"href":"https:\/\/lofotenseaweedcompany.com\/no\/wp-json\/wp\/v2\/product_tag?post=24326"},{"taxonomy":"woo-feed-brand","embeddable":true,"href":"https:\/\/lofotenseaweedcompany.com\/no\/wp-json\/wp\/v2\/woo-feed-brand?post=24326"}],"curies":[{"name":"wp","href":"https:\/\/api.w.org\/{rel}","templated":true}]}}