{"id":24396,"date":"2022-11-28T08:43:56","date_gmt":"2022-11-28T08:43:56","guid":{"rendered":"https:\/\/lofotenseaweedcompany.com\/shop\/tanghosting-guide\/"},"modified":"2025-12-01T14:19:27","modified_gmt":"2025-12-01T14:19:27","slug":"tanghosting-guide","status":"publish","type":"product","link":"https:\/\/lofotenseaweedcompany.com\/no\/butikk\/tanghosting-guide\/","title":{"rendered":"Guide til egen tangh\u00f8sting"},"content":{"rendered":"<p class=\"p1\">NO:<\/p>\n<p class=\"p1\">V\u00e5r helt nye h\u00f8ste guide er full av informasjon om spiselige tang arter, tips om hvordan du h\u00f8ster b\u00e6rekraftig og t\u00f8rker din egen tang. Vi ogs\u00e5 laget\u00a0 noen enkle oppskrifter med tang for \u00e5 inspirere deg. Heftet p\u00e5 21 sider inneholder ogs\u00e5 v\u00e5rt eget designede tang kart og en kalender &#8211; slik at du kan plukke n\u00e5r tangen er p\u00e5 sitt beste.<\/p>\n<p class=\"p1\">Denne guiden er for alle som elsker \u00e5 plukke sin egen mat, alle som bor ved kysten, folk som allerede elsker tang og folk som \u00f8nsker seg en ny hobby.<\/p>\n<p class=\"p1\">Genial gave til den som har alt!<\/p>\n<p>SE:<\/p>\n<p>V\u00e5r helt nya sk\u00f6rdeguide \u00e4r full av information om \u00e4tbara t\u00e5ngarter, tips om hur du sk\u00f6rdar h\u00e5llbart och torkar ditt eget t\u00e5ng. Vi skapade ocks\u00e5 n\u00e5gra enkla recept med t\u00e5ng f\u00f6r att inspirera dig. I h\u00e4ftet p\u00e5 21 sidor finns \u00e4ven v\u00e5r egendesignade t\u00e5ngkarta och en kalender &#8211; s\u00e5 att du kan v\u00e4lja n\u00e4r t\u00e5ngen \u00e4r som b\u00e4st.<\/p>\n<p>Den h\u00e4r guiden \u00e4r f\u00f6r alla som \u00e4lskar att plocka sin egen mat, alla som bor vid kusten, m\u00e4nniskor som redan \u00e4lskar t\u00e5ng och m\u00e4nniskor som vill ha en ny hobby.<\/p>\n<p>Str\u00e5lande present till personen som har allt!<\/p>\n","protected":false},"excerpt":{"rendered":"<p class=\"p1\">Har du lyst \u00e5 h\u00f8ste din egen tang, men vet ikke helt hvor du skal starte?<\/p>\n<p class=\"p1\">V\u00e5r \u00a0h\u00f8ste guide er full av informasjon om spiselige tang arter, tips om hvordan du h\u00f8ster b\u00e6rekraftig og t\u00f8rker din egen tang. Vi ogs\u00e5 laget\u00a0 noen enkle oppskrifter med tang for \u00e5 inspirere deg. Heftet p\u00e5 21 sider inneholder ogs\u00e5 v\u00e5rt eget designede tang kart og en kalender &#8211; slik at du kan plukke n\u00e5r tangen er p\u00e5 sitt beste.<\/p>\n<p class=\"p1\">Denne guiden er for alle som elsker \u00e5 plukke sin egen mat, alle som bor ved kysten, folk som allerede elsker tang og folk som \u00f8nsker seg en ny hobby.<\/p>\n<p class=\"p1\">Genial gave til den som har alt!<\/p>\n","protected":false},"featured_media":39195,"comment_status":"closed","ping_status":"closed","template":"","meta":{"_acf_changed":false},"product_brand":[],"product_cat":[126],"product_tag":[261,258,259,260,257,262],"woo-feed-brand":[],"class_list":{"0":"post-24396","1":"product","2":"type-product","3":"status-publish","4":"has-post-thumbnail","6":"product_cat-tang-gaver","7":"product_tag-diy-no","8":"product_tag-guide-no","9":"product_tag-heftet","10":"product_tag-how-to-no","11":"product_tag-tanghosting-guide","12":"product_tag-tanghosting-guide-no","14":"first","15":"instock","16":"taxable","17":"shipping-taxable","18":"purchasable","19":"product-type-variable"},"acf":[],"_links":{"self":[{"href":"https:\/\/lofotenseaweedcompany.com\/no\/wp-json\/wp\/v2\/product\/24396","targetHints":{"allow":["GET"]}}],"collection":[{"href":"https:\/\/lofotenseaweedcompany.com\/no\/wp-json\/wp\/v2\/product"}],"about":[{"href":"https:\/\/lofotenseaweedcompany.com\/no\/wp-json\/wp\/v2\/types\/product"}],"replies":[{"embeddable":true,"href":"https:\/\/lofotenseaweedcompany.com\/no\/wp-json\/wp\/v2\/comments?post=24396"}],"wp:featuredmedia":[{"embeddable":true,"href":"https:\/\/lofotenseaweedcompany.com\/no\/wp-json\/wp\/v2\/media\/39195"}],"wp:attachment":[{"href":"https:\/\/lofotenseaweedcompany.com\/no\/wp-json\/wp\/v2\/media?parent=24396"}],"wp:term":[{"taxonomy":"product_brand","embeddable":true,"href":"https:\/\/lofotenseaweedcompany.com\/no\/wp-json\/wp\/v2\/product_brand?post=24396"},{"taxonomy":"product_cat","embeddable":true,"href":"https:\/\/lofotenseaweedcompany.com\/no\/wp-json\/wp\/v2\/product_cat?post=24396"},{"taxonomy":"product_tag","embeddable":true,"href":"https:\/\/lofotenseaweedcompany.com\/no\/wp-json\/wp\/v2\/product_tag?post=24396"},{"taxonomy":"woo-feed-brand","embeddable":true,"href":"https:\/\/lofotenseaweedcompany.com\/no\/wp-json\/wp\/v2\/woo-feed-brand?post=24396"}],"curies":[{"name":"wp","href":"https:\/\/api.w.org\/{rel}","templated":true}]}}