{"id":27284,"date":"2022-07-18T10:42:54","date_gmt":"2022-07-18T10:42:54","guid":{"rendered":"https:\/\/lofotenseaweedcompany.com\/shop\/algeperler\/"},"modified":"2025-11-24T12:04:42","modified_gmt":"2025-11-24T12:04:42","slug":"algeperler","status":"publish","type":"product","link":"https:\/\/lofotenseaweedcompany.com\/no\/butikk\/algeperler\/","title":{"rendered":"Algeperler"},"content":{"rendered":"<p>NO:<\/p>\n<p><strong>Ingredienser:<\/strong> V<span class=\"OYPEnA text-decoration-none text-strikethrough-none\">ann, r\u00f8kt wakame, salt, fortykningsmiddel E 401 (natriumalginat) og surgj\u00f8ringsmiddel E 330 (sitronsyre). <\/span><span class=\"OYPEnA text-decoration-none text-strikethrough-none\">Vakuumpakket \u2013 pasteurisert. <\/span><span class=\"OYPEnA text-decoration-none text-strikethrough-none\">Ingen kj\u00f8ling n\u00f8dvendig. N\u00e5r den er \u00e5pnet, oppbevares den i kj\u00f8leskap (2-12\u00b0C) i opptil 10<\/span><\/p>\n<p class=\"cvGsUA direction-ltr align-start para-style-body\"><strong><span class=\"OYPEnA text-decoration-none text-strikethrough-none\">N\u00e6ringsinnehold per 100g: <\/span><\/strong><span class=\"OYPEnA text-decoration-none text-strikethrough-none\">Energi 0 kJ \/ 0 Kcal; Lipider &lt;0,5 g, hvorav mettet &lt;0,1 g; Karbohydrater &lt;0,5g, hvorav sukker &lt;0,5g; Proteiner &lt;0,5g; Salt 2,5 g.<\/span><\/p>\n<p><strong>Vekt:<\/strong> 50g<\/p>\n<p>SE:<\/p>\n<p><strong>Ingredienser:<\/strong> Vatten, r\u00f6kt wakame, salt, f\u00f6rtjockningsmedel E 401 (natriumalginat) och surg\u00f6rare E 330 (citronsyra). Vakuumf\u00f6rpackad &#8211; past\u00f6riserad. Ingen kylning kr\u00e4vs. N\u00e4r den \u00f6ppnats, f\u00f6rvara i kylsk\u00e5p (2-12\u00b0C) i upp till 10<\/p>\n<p><strong>N\u00e4ringsinneh\u00e5ll per 100g:<\/strong> Energi 0 kJ \/ 0 Kcal; Lipider &lt;0,5 g, varav m\u00e4ttade &lt;0,1 g; Kolhydrater &lt;0,5g, varav socker &lt;0,5g; Proteiner &lt;0,5g; Salt 2,5 g.<\/p>\n<p><strong>Vikt:<\/strong> 50g<\/p>\n","protected":false},"excerpt":{"rendered":"<p>Algeperler er v\u00e5rt svar p\u00e5 kaviar!<\/p>\n<p>Laget av r\u00f8kt wakame, for en godt avrundet, r\u00f8ykfylt smak.Disse sm\u00e5 kulene er den perfekte toppingen for sushi, egg og fiskeretter.<\/p>\n<p>Glutenfrie og veganske, algeperler kombinerer den delikate smaken av r\u00f8kt wakame med den behagelige teksturen av rogn.<\/p>\n<p>De kan nytes varme eller kalde, og beholder farge, smak og tekstur selv etter tilberedning. Dette innovative produktet er perfekt for de som \u00f8nsker \u00e5 utvide sine kulinariske grenser.<\/p>\n","protected":false},"featured_media":38752,"comment_status":"closed","ping_status":"closed","template":"","meta":{"_acf_changed":false},"product_brand":[],"product_cat":[304],"product_tag":[],"woo-feed-brand":[],"class_list":{"0":"post-27284","1":"product","2":"type-product","3":"status-publish","4":"has-post-thumbnail","6":"product_cat-tang-godsaker","8":"first","9":"instock","10":"taxable","11":"shipping-taxable","12":"purchasable","13":"product-type-simple"},"acf":[],"_links":{"self":[{"href":"https:\/\/lofotenseaweedcompany.com\/no\/wp-json\/wp\/v2\/product\/27284","targetHints":{"allow":["GET"]}}],"collection":[{"href":"https:\/\/lofotenseaweedcompany.com\/no\/wp-json\/wp\/v2\/product"}],"about":[{"href":"https:\/\/lofotenseaweedcompany.com\/no\/wp-json\/wp\/v2\/types\/product"}],"replies":[{"embeddable":true,"href":"https:\/\/lofotenseaweedcompany.com\/no\/wp-json\/wp\/v2\/comments?post=27284"}],"wp:featuredmedia":[{"embeddable":true,"href":"https:\/\/lofotenseaweedcompany.com\/no\/wp-json\/wp\/v2\/media\/38752"}],"wp:attachment":[{"href":"https:\/\/lofotenseaweedcompany.com\/no\/wp-json\/wp\/v2\/media?parent=27284"}],"wp:term":[{"taxonomy":"product_brand","embeddable":true,"href":"https:\/\/lofotenseaweedcompany.com\/no\/wp-json\/wp\/v2\/product_brand?post=27284"},{"taxonomy":"product_cat","embeddable":true,"href":"https:\/\/lofotenseaweedcompany.com\/no\/wp-json\/wp\/v2\/product_cat?post=27284"},{"taxonomy":"product_tag","embeddable":true,"href":"https:\/\/lofotenseaweedcompany.com\/no\/wp-json\/wp\/v2\/product_tag?post=27284"},{"taxonomy":"woo-feed-brand","embeddable":true,"href":"https:\/\/lofotenseaweedcompany.com\/no\/wp-json\/wp\/v2\/woo-feed-brand?post=27284"}],"curies":[{"name":"wp","href":"https:\/\/api.w.org\/{rel}","templated":true}]}}