{"id":30761,"date":"2023-08-18T13:13:11","date_gmt":"2023-08-18T13:13:11","guid":{"rendered":"https:\/\/lofotenseaweedcompany.com\/shop\/dusjsape\/"},"modified":"2025-12-01T13:54:08","modified_gmt":"2025-12-01T13:54:08","slug":"dusjsape","status":"publish","type":"product","link":"https:\/\/lofotenseaweedcompany.com\/no\/butikk\/dusjsape\/","title":{"rendered":"Dusjs\u00e5pe"},"content":{"rendered":"<p>NO:<\/p>\n<p><strong>Ingredienser:<\/strong> Aqua, Sodium Sodium Lauroyl Methyl Isethionate, Cocamido-propyl Betaine, Lauryl Glucoside, Argania Spinosa Kernel Oil, Sodium Chloride, Sodium Methyl Isethionate, Phenoxyethanol, Sodium Lauroyl Isethionate, Sodium Benzoate, Fucus serratus O tang, Cymbopogon Havsalt, polyquaternium-7, laurinsyre, sinklaurat, trinatriumetylendiamindisuccinat, sitronsyre, natriumlaurat, Zingiber Officinale rotolje.<\/p>\n<p><strong>Allergener:<\/strong> Citral, geraniol, linalool, limonen.<\/p>\n<p>Veganvennlig.<\/p>\n<p>SE:<\/p>\n<p><strong>Ingredienser:<\/strong> Aqua, Sodium Sodium Lauroyl Methyl Isethionate, Cocamido-propyl Betaine, Lauryl Glucoside, Argania Spinosa Kernel Oil, Sodium Chloride, Sodium Methyl Isethionate, Phenoxyethanol, Sodium Lauroyl Isethionate, Sodium Benzoate, Fucus serratus O tang, Cymbopogon Sea Salium-, 7 , laurinsyra, zinklaurat, trinatriumetylendiamindisuccinat, citronsyra, natriumlaurat, Zingiber Officinale rotolja.<\/p>\n<p><strong>Allergener:<\/strong> Citral, geraniol, linalool, limonen.<\/p>\n<p>Veganv\u00e4nlig.<\/p>\n","protected":false},"excerpt":{"rendered":"<p>En mild og naturlig dusjs\u00e5pe tilsatt med \u00f8kologisk sagtang (<span class=\"hover:entity-accent entity-underline inline cursor-pointer align-baseline\"><span class=\"whitespace-normal\">Fucus vesiculosus<\/span><\/span>) fra Lofoten \u2013 naturlig rik p\u00e5 mineraler, antioksidanter og fuktbindende forbindelser. Kroppsvasken rengj\u00f8r huden sk\u00e5nsomt uten \u00e5 virke utt\u00f8rrende, og er utviklet for daglig bruk. Sagtangen bidrar til \u00e5 st\u00f8tte hudens naturlige balanse og etterlater huden ren, myk og behagelig. En frisk og mild vask som gir en ren f\u00f8lelse \u2013 inspirert av havet og de rene omgivelsene i nord.<\/p>\n","protected":false},"featured_media":38717,"comment_status":"closed","ping_status":"closed","template":"","meta":{"_acf_changed":false},"product_brand":[],"product_cat":[111],"product_tag":[],"woo-feed-brand":[],"class_list":{"0":"post-30761","1":"product","2":"type-product","3":"status-publish","4":"has-post-thumbnail","6":"product_cat-tang-kosmetikk","8":"first","9":"instock","10":"taxable","11":"shipping-taxable","12":"purchasable","13":"product-type-variable","14":"has-default-attributes"},"acf":[],"_links":{"self":[{"href":"https:\/\/lofotenseaweedcompany.com\/no\/wp-json\/wp\/v2\/product\/30761","targetHints":{"allow":["GET"]}}],"collection":[{"href":"https:\/\/lofotenseaweedcompany.com\/no\/wp-json\/wp\/v2\/product"}],"about":[{"href":"https:\/\/lofotenseaweedcompany.com\/no\/wp-json\/wp\/v2\/types\/product"}],"replies":[{"embeddable":true,"href":"https:\/\/lofotenseaweedcompany.com\/no\/wp-json\/wp\/v2\/comments?post=30761"}],"wp:featuredmedia":[{"embeddable":true,"href":"https:\/\/lofotenseaweedcompany.com\/no\/wp-json\/wp\/v2\/media\/38717"}],"wp:attachment":[{"href":"https:\/\/lofotenseaweedcompany.com\/no\/wp-json\/wp\/v2\/media?parent=30761"}],"wp:term":[{"taxonomy":"product_brand","embeddable":true,"href":"https:\/\/lofotenseaweedcompany.com\/no\/wp-json\/wp\/v2\/product_brand?post=30761"},{"taxonomy":"product_cat","embeddable":true,"href":"https:\/\/lofotenseaweedcompany.com\/no\/wp-json\/wp\/v2\/product_cat?post=30761"},{"taxonomy":"product_tag","embeddable":true,"href":"https:\/\/lofotenseaweedcompany.com\/no\/wp-json\/wp\/v2\/product_tag?post=30761"},{"taxonomy":"woo-feed-brand","embeddable":true,"href":"https:\/\/lofotenseaweedcompany.com\/no\/wp-json\/wp\/v2\/woo-feed-brand?post=30761"}],"curies":[{"name":"wp","href":"https:\/\/api.w.org\/{rel}","templated":true}]}}