{"id":30764,"date":"2023-08-18T13:11:13","date_gmt":"2023-08-18T13:11:13","guid":{"rendered":"https:\/\/lofotenseaweedcompany.com\/shop\/balsam\/"},"modified":"2025-12-01T13:52:20","modified_gmt":"2025-12-01T13:52:20","slug":"balsam","status":"publish","type":"product","link":"https:\/\/lofotenseaweedcompany.com\/no\/butikk\/balsam\/","title":{"rendered":"Balsam"},"content":{"rendered":"<p>NO:<\/p>\n<p><strong>Ingredienser:<\/strong> Aqua, Aloe Barbadensis bladjuice, Cetearylalkohol, Betain, Cocoglucoside, Butyrospermum Parkii (Shea) Sm\u00f8r, Cocos Nucifera (kokosn\u00f8tt)olje, Olea Europaea (oliven) Fruktolje, Helianthus Annus (Solbatassium, Potassium) Benzoat, Xantangummi, Fucus serratus tang, Cymbopogon Citratus bladolje, Simmondsia Chinensis (Jojoba) fr\u00f8olje, sitronsyre, tokoferol, Zingiber Officinale rotolje.<\/p>\n<p><strong>Allergener:<\/strong> Citral, geraniol, linalool, limonen.<\/p>\n<p>Veganvennlig.<\/p>\n<p>SE:<\/p>\n<p><strong>Ingredienser:<\/strong> Aqua, Aloe Barbadensis bladjuice, Cetearylalkohol, Betain, Cocoglucoside, Butyrospermum Parkii (Shea) Sm\u00f6r, Cocos Nucifera (kokosn\u00f6t)olja, Olea Europaea (olivolje) Fruktolja, Helianthus Annus (Solbatassium, Kalium)bensoat Fucus serratus t\u00e5ng, Cymbopogon Citratus bladolja, Simmondsia Chinensis (Jojoba) fr\u00f6olja, citronsyra, tokoferol, Zingiber Officinale rotolja.<\/p>\n<p><strong>Allergener:<\/strong> Citral, geraniol, linalool, limonen.<\/p>\n<p>Veganv\u00e4nlig.<\/p>\n","protected":false},"excerpt":{"rendered":"<p data-start=\"155\" data-end=\"661\">En naturlig balsam beriket med \u00f8kologisk sagtang (<span class=\"hover:entity-accent entity-underline inline cursor-pointer align-baseline\"><span class=\"whitespace-normal\">Fucus vesiculosus<\/span><\/span>) fra Lofoten \u2013 rik p\u00e5 mineraler, antioksidanter og naturlige fuktbindere. Balsamen tilf\u00f8rer fukt, mykhet og smidighet uten \u00e5 tynge h\u00e5ret, og er utviklet for daglig bruk. Sagtangen bidrar til \u00e5 st\u00f8tte hodebunnens naturlige balanse og gj\u00f8r h\u00e5ret lettere \u00e5 gre, samtidig som det etterlates glatt, mykt og med naturlig glans. Et bevisst valg for deg som \u00f8nsker enkel, funksjonell pleie \u2013 og et mer sk\u00e5nsomt valg for havet.<\/p>\n","protected":false},"featured_media":38755,"comment_status":"closed","ping_status":"closed","template":"","meta":{"_acf_changed":false},"product_brand":[],"product_cat":[111],"product_tag":[],"woo-feed-brand":[],"class_list":{"0":"post-30764","1":"product","2":"type-product","3":"status-publish","4":"has-post-thumbnail","6":"product_cat-tang-kosmetikk","8":"first","9":"instock","10":"taxable","11":"shipping-taxable","12":"purchasable","13":"product-type-variable","14":"has-default-attributes"},"acf":[],"_links":{"self":[{"href":"https:\/\/lofotenseaweedcompany.com\/no\/wp-json\/wp\/v2\/product\/30764","targetHints":{"allow":["GET"]}}],"collection":[{"href":"https:\/\/lofotenseaweedcompany.com\/no\/wp-json\/wp\/v2\/product"}],"about":[{"href":"https:\/\/lofotenseaweedcompany.com\/no\/wp-json\/wp\/v2\/types\/product"}],"replies":[{"embeddable":true,"href":"https:\/\/lofotenseaweedcompany.com\/no\/wp-json\/wp\/v2\/comments?post=30764"}],"wp:featuredmedia":[{"embeddable":true,"href":"https:\/\/lofotenseaweedcompany.com\/no\/wp-json\/wp\/v2\/media\/38755"}],"wp:attachment":[{"href":"https:\/\/lofotenseaweedcompany.com\/no\/wp-json\/wp\/v2\/media?parent=30764"}],"wp:term":[{"taxonomy":"product_brand","embeddable":true,"href":"https:\/\/lofotenseaweedcompany.com\/no\/wp-json\/wp\/v2\/product_brand?post=30764"},{"taxonomy":"product_cat","embeddable":true,"href":"https:\/\/lofotenseaweedcompany.com\/no\/wp-json\/wp\/v2\/product_cat?post=30764"},{"taxonomy":"product_tag","embeddable":true,"href":"https:\/\/lofotenseaweedcompany.com\/no\/wp-json\/wp\/v2\/product_tag?post=30764"},{"taxonomy":"woo-feed-brand","embeddable":true,"href":"https:\/\/lofotenseaweedcompany.com\/no\/wp-json\/wp\/v2\/woo-feed-brand?post=30764"}],"curies":[{"name":"wp","href":"https:\/\/api.w.org\/{rel}","templated":true}]}}