{"id":30767,"date":"2023-08-18T12:59:38","date_gmt":"2023-08-18T12:59:38","guid":{"rendered":"https:\/\/lofotenseaweedcompany.com\/shop\/sjampo\/"},"modified":"2025-12-01T13:50:50","modified_gmt":"2025-12-01T13:50:50","slug":"sjampo","status":"publish","type":"product","link":"https:\/\/lofotenseaweedcompany.com\/no\/butikk\/sjampo\/","title":{"rendered":"Sjampo"},"content":{"rendered":"<p>NO:<\/p>\n<p><strong>Ingredienser:<\/strong> Aqua, Decyl Glucoside, Fucus serratus tang, Lauryl Betaine, Panthenol (og) Aqua, Argania Spinosa Kjerneolje, Xantangummi, Natriumklorid, Havsalt, Phenoxyeth-anol, Aloe Barbadensis (Aloe Vera), Bladjuicepulver , Sitronsyre, Cymbopogon Citratus bladolje, benzosyre, dehydroeddiksyre, Zingiber Officinale rotolje.<\/p>\n<p><strong>Allergener:<\/strong> Citral, geraniol, linalool, limonen.<\/p>\n<p>Veganvennlig.<\/p>\n<p>SE:<\/p>\n<p><strong>Ingredienser:<\/strong> Aqua, Decyl Glucoside, Fucus serratus t\u00e5ng, Lauryl Betaine, Panthenol (och) Aqua, Argania Spinosa K\u00e4rnolja, Xantangummi, Natriumklorid, Havssalt, Fenoxietanol, Aloe Barbadensis (Aloe Vera), Bladjuicepulver, Citron Syra, Cymbopogon Citratus Leaf Oil, bensoesyra, dehydro\u00e4ttiksyra, Zingiber Officinale rotolja.<\/p>\n<p><strong>Allergener:<\/strong> Citral, geraniol, linalool, limonen.<\/p>\n<p>Veganv\u00e4nlig.<\/p>\n","protected":false},"excerpt":{"rendered":"<p data-start=\"203\" data-end=\"784\">En naturlig sjampo tilsatt med \u00f8kologisk sagtang (<span class=\"hover:entity-accent entity-underline inline cursor-pointer align-baseline\"><span class=\"whitespace-normal\">Fucus vesiculosus<\/span><\/span>) fra Lofoten \u2013 naturlig rik p\u00e5 mineraler, antioksidanter og fuktbindende forbindelser. Sjampoen renser h\u00e5ret og hodebunnen sk\u00e5nsomt, uten \u00e5 virke utt\u00f8rrende, og er utviklet for regelmessig bruk. Sagtangen bidrar til \u00e5 st\u00f8tte hodebunnens naturlige balanse og gir h\u00e5ret en lett, pleiet f\u00f8lelse med naturlig glans. Resultatet er et rent, friskt h\u00e5r som f\u00f8les mykt og levende \u2013 uten \u00e5 tynges ned. Et bevisst valg for deg som \u00f8nsker en mild og funksjonell sjampo, og et mer sk\u00e5nsomt valg for havet.<\/p>\n","protected":false},"featured_media":38714,"comment_status":"closed","ping_status":"closed","template":"","meta":{"_acf_changed":false},"product_brand":[],"product_cat":[111],"product_tag":[],"woo-feed-brand":[],"class_list":{"0":"post-30767","1":"product","2":"type-product","3":"status-publish","4":"has-post-thumbnail","6":"product_cat-tang-kosmetikk","8":"first","9":"instock","10":"taxable","11":"shipping-taxable","12":"purchasable","13":"product-type-variable","14":"has-default-attributes"},"acf":[],"_links":{"self":[{"href":"https:\/\/lofotenseaweedcompany.com\/no\/wp-json\/wp\/v2\/product\/30767","targetHints":{"allow":["GET"]}}],"collection":[{"href":"https:\/\/lofotenseaweedcompany.com\/no\/wp-json\/wp\/v2\/product"}],"about":[{"href":"https:\/\/lofotenseaweedcompany.com\/no\/wp-json\/wp\/v2\/types\/product"}],"replies":[{"embeddable":true,"href":"https:\/\/lofotenseaweedcompany.com\/no\/wp-json\/wp\/v2\/comments?post=30767"}],"wp:featuredmedia":[{"embeddable":true,"href":"https:\/\/lofotenseaweedcompany.com\/no\/wp-json\/wp\/v2\/media\/38714"}],"wp:attachment":[{"href":"https:\/\/lofotenseaweedcompany.com\/no\/wp-json\/wp\/v2\/media?parent=30767"}],"wp:term":[{"taxonomy":"product_brand","embeddable":true,"href":"https:\/\/lofotenseaweedcompany.com\/no\/wp-json\/wp\/v2\/product_brand?post=30767"},{"taxonomy":"product_cat","embeddable":true,"href":"https:\/\/lofotenseaweedcompany.com\/no\/wp-json\/wp\/v2\/product_cat?post=30767"},{"taxonomy":"product_tag","embeddable":true,"href":"https:\/\/lofotenseaweedcompany.com\/no\/wp-json\/wp\/v2\/product_tag?post=30767"},{"taxonomy":"woo-feed-brand","embeddable":true,"href":"https:\/\/lofotenseaweedcompany.com\/no\/wp-json\/wp\/v2\/woo-feed-brand?post=30767"}],"curies":[{"name":"wp","href":"https:\/\/api.w.org\/{rel}","templated":true}]}}