{"id":30770,"date":"2023-07-07T14:01:08","date_gmt":"2023-07-07T14:01:08","guid":{"rendered":"https:\/\/lofotenseaweedcompany.com\/shop\/hand-og-bodylotion\/"},"modified":"2025-11-11T13:31:42","modified_gmt":"2025-11-11T13:31:42","slug":"hand-og-bodylotion","status":"publish","type":"product","link":"https:\/\/lofotenseaweedcompany.com\/no\/butikk\/hand-og-bodylotion\/","title":{"rendered":"H\u00e5nd og Bodylotion"},"content":{"rendered":"<p>NO:<\/p>\n<p><strong>Ingredienser:<\/strong> Aqua, Helianthus Annus (solsikke) fr\u00f8olje, polysorbat 20, Cetearylalkohol, glycerylstearat, fenoksyetanol, Fucus serratus tang, karbomer, kaliumsorbat, cymbopogon sitratus bladolje, natriumhydroksid, zingiber oilic.<\/p>\n<p><strong>Allergener:<\/strong> Citral, geraniol, linalool, limonen.<\/p>\n<p>Veganvennlig.<\/p>\n<p>SE:<\/p>\n<p><strong>Ingredienser:<\/strong> Aqua, Helianthus Annus (solros) fr\u00f6olja, polysorbat 20, Cetearylalkohol, glycerylstearat, fenoxietanol, Fucus serratus t\u00e5ng, karbomer, kaliumsorbat, cymbopogon citratbladsolja, natriumhydroxid, zingiberolja.<\/p>\n<p><strong>Allergener:<\/strong> Citral, geraniol, linalool, limonen.<\/p>\n<p>Veganv\u00e4nlig.<\/p>\n","protected":false},"excerpt":{"rendered":"<div>\n<p><strong>Body lotion med \u00f8kologisk sagtang fra Lofoten.<\/strong><br \/>\nSagtang er naturlig rik p\u00e5 mineraler, antioksidanter og fuktighetsgivende stoffer som bidrar til \u00e5 beskytte huden og holde den smidig. Den tradisjonelle bruken av tang i hudpleie g\u00e5r langt tilbake, og med god grunn \u2013 den st\u00f8tter hudens egen evne til \u00e5 fornye seg og gir en frisk, sunn gl\u00f8d.<\/p>\n<\/div>\n<div>\n<p>V\u00e5r lotion trekker lett inn i huden, tilf\u00f8rer rikelig med fuktighet og etterlater den silkemyk uten \u00e5 f\u00f8les klissete. Med en frisk duft av sitrongress og ingef\u00e6r f\u00e5r du b\u00e5de pleie og et lite l\u00f8ft i hverdagen.<\/p>\n<\/div>\n","protected":false},"featured_media":38711,"comment_status":"closed","ping_status":"closed","template":"","meta":{"_acf_changed":false},"product_brand":[],"product_cat":[111],"product_tag":[],"woo-feed-brand":[],"class_list":{"0":"post-30770","1":"product","2":"type-product","3":"status-publish","4":"has-post-thumbnail","6":"product_cat-tang-kosmetikk","8":"first","9":"instock","10":"taxable","11":"shipping-taxable","12":"purchasable","13":"product-type-variable","14":"has-default-attributes"},"acf":[],"_links":{"self":[{"href":"https:\/\/lofotenseaweedcompany.com\/no\/wp-json\/wp\/v2\/product\/30770","targetHints":{"allow":["GET"]}}],"collection":[{"href":"https:\/\/lofotenseaweedcompany.com\/no\/wp-json\/wp\/v2\/product"}],"about":[{"href":"https:\/\/lofotenseaweedcompany.com\/no\/wp-json\/wp\/v2\/types\/product"}],"replies":[{"embeddable":true,"href":"https:\/\/lofotenseaweedcompany.com\/no\/wp-json\/wp\/v2\/comments?post=30770"}],"wp:featuredmedia":[{"embeddable":true,"href":"https:\/\/lofotenseaweedcompany.com\/no\/wp-json\/wp\/v2\/media\/38711"}],"wp:attachment":[{"href":"https:\/\/lofotenseaweedcompany.com\/no\/wp-json\/wp\/v2\/media?parent=30770"}],"wp:term":[{"taxonomy":"product_brand","embeddable":true,"href":"https:\/\/lofotenseaweedcompany.com\/no\/wp-json\/wp\/v2\/product_brand?post=30770"},{"taxonomy":"product_cat","embeddable":true,"href":"https:\/\/lofotenseaweedcompany.com\/no\/wp-json\/wp\/v2\/product_cat?post=30770"},{"taxonomy":"product_tag","embeddable":true,"href":"https:\/\/lofotenseaweedcompany.com\/no\/wp-json\/wp\/v2\/product_tag?post=30770"},{"taxonomy":"woo-feed-brand","embeddable":true,"href":"https:\/\/lofotenseaweedcompany.com\/no\/wp-json\/wp\/v2\/woo-feed-brand?post=30770"}],"curies":[{"name":"wp","href":"https:\/\/api.w.org\/{rel}","templated":true}]}}