{"id":30773,"date":"2023-07-07T12:36:09","date_gmt":"2023-07-07T12:36:09","guid":{"rendered":"https:\/\/lofotenseaweedcompany.com\/shop\/handsape\/"},"modified":"2025-12-01T13:44:09","modified_gmt":"2025-12-01T13:44:09","slug":"handsape","status":"publish","type":"product","link":"https:\/\/lofotenseaweedcompany.com\/no\/butikk\/handsape\/","title":{"rendered":"H\u00e5nds\u00e5pe"},"content":{"rendered":"<p>NO:<\/p>\n<p><strong>Ingredienser:<\/strong> Aqua, Kalium Oleate, Kalium Cocoate, Glycerin, Fucus serratus tang, Cymbopogon Citratus blyolje, kaliumsitrat, sitronsyre, Zingiber Officinale rotolje.<\/p>\n<p><strong>Allergener:<\/strong> Citral, geraniol, linalool, limonen.<\/p>\n<p>Veganvennlig.<\/p>\n<p>SE:<\/p>\n<p><strong>Ingredienser:<\/strong> Aqua, Potassium Oleate, Kalium Cocoate, Glycerin, Fucus serratus t\u00e5ng, Cymbopogon Citratus blyolja, kaliumcitrat, citronsyra, Zingiber Officinale rotolja.<\/p>\n<p><strong>Allergener:<\/strong> Citral, geraniol, linalool, limonen.<\/p>\n<p>Veganv\u00e4nlig.<\/p>\n","protected":false},"excerpt":{"rendered":"<p data-start=\"124\" data-end=\"615\">V\u00e5r h\u00e5nds\u00e5pe er laget med sagtang (<span class=\"hover:entity-accent entity-underline inline cursor-pointer align-baseline\"><span class=\"whitespace-normal\">Fucus vesiculosus<\/span><\/span>), som er naturlig rik p\u00e5 mineraler og fuktbindende forbindelser. Den rengj\u00f8r hendene effektivt, men sk\u00e5nsomt, og er utviklet for hyppig bruk uten \u00e5 virke utt\u00f8rrende. Sagtangen bidrar til \u00e5 st\u00f8tte hudens naturlige balanse, mens milde vaskestoffer lar hendene f\u00f8les rene, myke og behagelige etter vask. Dette er en h\u00e5nds\u00e5pe for deg som \u00f8nsker daglig h\u00e5ndhygiene med funksjonelle ingredienser og en ren, naturlig f\u00f8lelse.<\/p>\n<p data-start=\"617\" data-end=\"632\"><strong data-start=\"617\" data-end=\"632\">Egenskaper:<\/strong><\/p>\n<ul data-start=\"633\" data-end=\"777\">\n<li data-start=\"633\" data-end=\"667\">\n<p data-start=\"635\" data-end=\"667\">Sk\u00e5nsom, men effektiv h\u00e5ndrens<\/p>\n<\/li>\n<li data-start=\"668\" data-end=\"703\">\n<p data-start=\"670\" data-end=\"703\">Med naturlig mineralrik sagtang<\/p>\n<\/li>\n<li data-start=\"704\" data-end=\"729\">\n<p data-start=\"706\" data-end=\"729\">Tilpasset hyppig bruk<\/p>\n<\/li>\n<li data-start=\"730\" data-end=\"777\">\n<p data-start=\"732\" data-end=\"777\">Etterlater huden ren og myk uten \u00e5 t\u00f8rke ut<\/p>\n<\/li>\n<\/ul>\n","protected":false},"featured_media":38705,"comment_status":"closed","ping_status":"closed","template":"","meta":{"_acf_changed":false},"product_brand":[],"product_cat":[111],"product_tag":[],"woo-feed-brand":[],"class_list":{"0":"post-30773","1":"product","2":"type-product","3":"status-publish","4":"has-post-thumbnail","6":"product_cat-tang-kosmetikk","8":"first","9":"instock","10":"taxable","11":"shipping-taxable","12":"purchasable","13":"product-type-variable","14":"has-default-attributes"},"acf":[],"_links":{"self":[{"href":"https:\/\/lofotenseaweedcompany.com\/no\/wp-json\/wp\/v2\/product\/30773","targetHints":{"allow":["GET"]}}],"collection":[{"href":"https:\/\/lofotenseaweedcompany.com\/no\/wp-json\/wp\/v2\/product"}],"about":[{"href":"https:\/\/lofotenseaweedcompany.com\/no\/wp-json\/wp\/v2\/types\/product"}],"replies":[{"embeddable":true,"href":"https:\/\/lofotenseaweedcompany.com\/no\/wp-json\/wp\/v2\/comments?post=30773"}],"wp:featuredmedia":[{"embeddable":true,"href":"https:\/\/lofotenseaweedcompany.com\/no\/wp-json\/wp\/v2\/media\/38705"}],"wp:attachment":[{"href":"https:\/\/lofotenseaweedcompany.com\/no\/wp-json\/wp\/v2\/media?parent=30773"}],"wp:term":[{"taxonomy":"product_brand","embeddable":true,"href":"https:\/\/lofotenseaweedcompany.com\/no\/wp-json\/wp\/v2\/product_brand?post=30773"},{"taxonomy":"product_cat","embeddable":true,"href":"https:\/\/lofotenseaweedcompany.com\/no\/wp-json\/wp\/v2\/product_cat?post=30773"},{"taxonomy":"product_tag","embeddable":true,"href":"https:\/\/lofotenseaweedcompany.com\/no\/wp-json\/wp\/v2\/product_tag?post=30773"},{"taxonomy":"woo-feed-brand","embeddable":true,"href":"https:\/\/lofotenseaweedcompany.com\/no\/wp-json\/wp\/v2\/woo-feed-brand?post=30773"}],"curies":[{"name":"wp","href":"https:\/\/api.w.org\/{rel}","templated":true}]}}