{"id":30776,"date":"2023-04-04T13:21:54","date_gmt":"2023-04-04T13:21:54","guid":{"rendered":"https:\/\/lofotenseaweedcompany.com\/shop\/tak-furikake\/"},"modified":"2025-11-11T13:31:09","modified_gmt":"2025-11-11T13:31:09","slug":"arctic-furikake","status":"publish","type":"product","link":"https:\/\/lofotenseaweedcompany.com\/no\/butikk\/arctic-furikake\/","title":{"rendered":"Arctic Furikake"},"content":{"rendered":"<p>NO:<\/p>\n<p><strong>Ingredienser:<\/strong> \u00d8kologisk butare (Alaria esculenta) 31 %, puffet ris 38 %, ume sesamfr\u00f8 31 % (Ingredienser: hvite ristede sesamfr\u00f8, t\u00f8rket plommeumle: plommer, shiso, laktose, salt, plommeeddik; fermentert hvete og soya, sukker, sitronsyre E330 og E296, salt, smaksforsterker E621 og E635, shiso aroma, r\u00f8dk\u00e5lfarge, gj\u00e6rekstrakt, dekstrin).<\/p>\n<p><strong>N\u00e6ringsinformasjon per 100g:<\/strong> Energi: 1671kJ\/400kcal, Fett 18,3g, hvorav metter 2,7g, Karbohydrater 40,7g, hvorav sukkerarter 0,9g, Fiber 9,9g, Protein, 11,3g, Salt 5,9g<\/p>\n<p><strong>Allergier:<\/strong> Kan inneholde spor av skalldyr.<\/p>\n<p><strong>Oppbevaring:<\/strong> Oppbevares t\u00f8rt og lukket.<\/p>\n<p>SE:<\/p>\n<p><strong>Ingredienser:<\/strong> Alaria esculenta 31%, Puffat ris 38%, Ume sesamfr\u00f6n 31% (Ingredienser: vita rostade sesamfr\u00f6n, torkat plommonk\u00f6tt: plommon, shiso, laktos, salt, plommonvin\u00e4ger; fermenterat vete och soja, socker, citronsyra E330 och E296, salt, smakf\u00f6rst\u00e4rkare E621 och E635, shiso-arom, r\u00f6dk\u00e5lsf\u00e4rg, j\u00e4stextrakt, dextrin).<\/p>\n<div class=\"QcsUad BDJ8fb BLojaf sMVRZe wneUed\">\n<div class=\"usGWQd\">\n<div class=\"KkbLmb\">\n<div class=\"lRu31\" dir=\"ltr\">\n<p><strong>N\u00e4ringsinformation per 100g:<\/strong> Energi: 1671kJ\/400kcal, Fett 18,3g, varav m\u00e4ttande 2,7g, Kolhydrater 40,7g, varav sockerarter 0,9g, Fiber 9,9g, Protein, 11,3g, Salt 5,9g<\/p>\n<\/div>\n<div dir=\"ltr\"><\/div>\n<div class=\"lRu31\" dir=\"ltr\"><span class=\"HwtZe\" lang=\"sv\"><span class=\"jCAhz ChMk0b\"><span class=\"ryNqvb\"><strong>Allergier:<\/strong> Kan inneh\u00e5lla sp\u00e5r av <strong>skaldjur<\/strong>.<\/span><\/span><\/span><\/div>\n<div dir=\"ltr\"><\/div>\n<div class=\"lRu31\" dir=\"ltr\"><span class=\"HwtZe\" lang=\"sv\"><span class=\"jCAhz ChMk0b\"><span class=\"ryNqvb\"><strong>F\u00f6rvaring:<\/strong> F\u00f6rvaras torrt och st\u00e4ngt.<\/span><\/span><\/span><\/div>\n<\/div>\n<\/div>\n<\/div>\n","protected":false},"excerpt":{"rendered":"<div>\n<p>V\u00e5r bestselger<span class=\"apple-converted-space\">\u00a0<\/span>Arctic Furikake<span class=\"apple-converted-space\">\u00a0<\/span>er en kr\u00f8nsji blanding av puffet ris, sesamfr\u00f8 med umeboshi-smak og \u00f8kologisk wakame. Den kombinerer en rekke komplement\u00e6re umami smaker: wakame flakene gir dyp smak og ekstra n\u00e6ringsstoffer, puffet ris tilf\u00f8rer herlig knas, og umeboshi-sesamfr\u00f8 gir en frisk syrlig s\u00f8dme.<\/p>\n<\/div>\n<div>\n<p>Utrolig allsidig \u2013 perfekt til sushi, makiruller, pok\u00e9bowls, avokado sandwich, eggeretter, ris og salater. Ogs\u00e5 nydelig som topping p\u00e5 popcorn og iskrem!<\/p>\n<\/div>\n","protected":false},"featured_media":38580,"comment_status":"closed","ping_status":"closed","template":"","meta":{"_acf_changed":false},"product_brand":[],"product_cat":[303,301],"product_tag":[99],"woo-feed-brand":[],"class_list":{"0":"post-30776","1":"product","2":"type-product","3":"status-publish","4":"has-post-thumbnail","6":"product_cat-tangflak","7":"product_cat-tangkrydder","8":"product_tag-tang-no-no","10":"first","11":"instock","12":"taxable","13":"shipping-taxable","14":"purchasable","15":"product-type-variable","16":"has-default-attributes"},"acf":[],"_links":{"self":[{"href":"https:\/\/lofotenseaweedcompany.com\/no\/wp-json\/wp\/v2\/product\/30776","targetHints":{"allow":["GET"]}}],"collection":[{"href":"https:\/\/lofotenseaweedcompany.com\/no\/wp-json\/wp\/v2\/product"}],"about":[{"href":"https:\/\/lofotenseaweedcompany.com\/no\/wp-json\/wp\/v2\/types\/product"}],"replies":[{"embeddable":true,"href":"https:\/\/lofotenseaweedcompany.com\/no\/wp-json\/wp\/v2\/comments?post=30776"}],"wp:featuredmedia":[{"embeddable":true,"href":"https:\/\/lofotenseaweedcompany.com\/no\/wp-json\/wp\/v2\/media\/38580"}],"wp:attachment":[{"href":"https:\/\/lofotenseaweedcompany.com\/no\/wp-json\/wp\/v2\/media?parent=30776"}],"wp:term":[{"taxonomy":"product_brand","embeddable":true,"href":"https:\/\/lofotenseaweedcompany.com\/no\/wp-json\/wp\/v2\/product_brand?post=30776"},{"taxonomy":"product_cat","embeddable":true,"href":"https:\/\/lofotenseaweedcompany.com\/no\/wp-json\/wp\/v2\/product_cat?post=30776"},{"taxonomy":"product_tag","embeddable":true,"href":"https:\/\/lofotenseaweedcompany.com\/no\/wp-json\/wp\/v2\/product_tag?post=30776"},{"taxonomy":"woo-feed-brand","embeddable":true,"href":"https:\/\/lofotenseaweedcompany.com\/no\/wp-json\/wp\/v2\/woo-feed-brand?post=30776"}],"curies":[{"name":"wp","href":"https:\/\/api.w.org\/{rel}","templated":true}]}}