{"id":3248,"date":"2018-03-29T11:20:59","date_gmt":"2018-03-29T11:20:59","guid":{"rendered":"https:\/\/lofotenseaweedcompany.com\/?post_type=product&#038;p=3248"},"modified":"2025-11-24T10:16:52","modified_gmt":"2025-11-24T10:16:52","slug":"okologisk-troffeltang-salt-fra-lofoten","status":"publish","type":"product","link":"https:\/\/lofotenseaweedcompany.com\/no\/butikk\/okologisk-troffeltang-salt-fra-lofoten\/","title":{"rendered":"Truffle Seaweed Salt"},"content":{"rendered":"<div class=\"row\">\n<div class=\"col-md-6 col-md-offset-3\">\n<p>NO:<\/p>\n<p><strong>Ingredienser:<\/strong> Havsalt, Tr\u00f8ffeltang (Vertebrata lanosa).<\/p>\n<p><strong>N\u00e6ringsverdi per 100g:<\/strong> Energi KJ\/Kcal (975\/233), Fett (0,8g), Karbohydrater (7g), hvorav sukkerarter (0g), Fiber (5,2g), Protein (2,6g), Salt (78g).<\/p>\n<p><strong>Allergier:<\/strong> Dette produktet kan inneholde spor av skalldyr.<\/p>\n<p><strong>Oppbevaring:<\/strong> Oppbevares t\u00f8rt og lukket.<\/p>\n<p><strong>Nettovekt:<\/strong> 60g<\/p>\n<p>Dette produktet inneholder 30mg jod per 100g. Anbefalt daglig inntak er 0,15 mg, \u00f8vre daglig grense 0,6 mg. For mye jodinntak kan p\u00e5virke skjoldbruskfunksjonen.<\/p>\n<p>\u00d8kologisk, glutenfri, egnet for veganere.<\/p>\n<p>SE:<\/p>\n<div class=\"QcsUad BDJ8fb BLojaf sMVRZe wneUed\">\n<div class=\"usGWQd\">\n<div class=\"KkbLmb\">\n<div class=\"lRu31\" dir=\"ltr\">\n<p><strong>Ingredienser:<\/strong> Havssalt, Tryffelt\u00e5ng (Vertebrata lanosa).<\/p>\n<p><strong>N\u00e4ringsv\u00e4rde per 100g:<\/strong> Energi KJ\/Kcal (975\/233), Fett (0,8g), Kolhydrater (7g), varav sockerarter (0g), Fiber (5,2g), Protein (2,6g), Salt (78g).<\/p>\n<p><strong>Allergier:<\/strong> Denna produkt kan inneh\u00e5lla sp\u00e5r av skaldjur.<\/p>\n<p><strong>F\u00f6rvaring:<\/strong> F\u00f6rvaras torrt och f\u00f6rseglat.<\/p>\n<p><strong>Nettovikt:<\/strong> 60g<\/p>\n<p>Denna produkt inneh\u00e5ller 30mg jod per 100g. Rekommenderat dagligt intag \u00e4r 0,15 mg, \u00f6vre dagliga gr\u00e4nsen 0,6 mg. F\u00f6r mycket jodintag kan p\u00e5verka sk\u00f6ldk\u00f6rtelfunktionen.<\/p>\n<p>Ekologiskt, glutenfritt, l\u00e4mpligt f\u00f6r veganer.<\/p>\n<\/div>\n<\/div>\n<\/div>\n<\/div>\n<\/div>\n<\/div>\n","protected":false},"excerpt":{"rendered":"<div>\n<p>Havets gourmetsalt!<\/p>\n<p>Norsk h\u00f8ykvalitets havsalt med en overraskende smak fra havet. Tr\u00f8ffeltang salt har smaks noter av hvite tr\u00f8fler og \u00f8sters, som er en spennende kombinasjon for den som liker \u00e5 utforske og eksperimentere med gode smaker hjemme p\u00e5 kj\u00f8kkenet.<\/p>\n<\/div>\n<div>\n<p>Gir en luksuri\u00f8s dybde til rettene dine. Perfekt til pizza, pasta og andre retter som tradisjonelt toppes med tr\u00f8ffel.<\/p>\n<\/div>\n<ul>\n<li>\u00d8kologisk og b\u00e6rekraftig h\u00f8stet<\/li>\n<li>Perfekt gave for den matglade<\/li>\n<\/ul>\n","protected":false},"featured_media":38593,"comment_status":"closed","ping_status":"closed","template":"","meta":{"_acf_changed":false},"product_brand":[],"product_cat":[302],"product_tag":[1152],"woo-feed-brand":[],"class_list":{"0":"post-3248","1":"product","2":"type-product","3":"status-publish","4":"has-post-thumbnail","6":"product_cat-tangsalt","7":"product_tag-seaweed-no","9":"first","10":"instock","11":"taxable","12":"shipping-taxable","13":"purchasable","14":"product-type-variable","15":"has-default-attributes"},"acf":[],"_links":{"self":[{"href":"https:\/\/lofotenseaweedcompany.com\/no\/wp-json\/wp\/v2\/product\/3248","targetHints":{"allow":["GET"]}}],"collection":[{"href":"https:\/\/lofotenseaweedcompany.com\/no\/wp-json\/wp\/v2\/product"}],"about":[{"href":"https:\/\/lofotenseaweedcompany.com\/no\/wp-json\/wp\/v2\/types\/product"}],"replies":[{"embeddable":true,"href":"https:\/\/lofotenseaweedcompany.com\/no\/wp-json\/wp\/v2\/comments?post=3248"}],"wp:featuredmedia":[{"embeddable":true,"href":"https:\/\/lofotenseaweedcompany.com\/no\/wp-json\/wp\/v2\/media\/38593"}],"wp:attachment":[{"href":"https:\/\/lofotenseaweedcompany.com\/no\/wp-json\/wp\/v2\/media?parent=3248"}],"wp:term":[{"taxonomy":"product_brand","embeddable":true,"href":"https:\/\/lofotenseaweedcompany.com\/no\/wp-json\/wp\/v2\/product_brand?post=3248"},{"taxonomy":"product_cat","embeddable":true,"href":"https:\/\/lofotenseaweedcompany.com\/no\/wp-json\/wp\/v2\/product_cat?post=3248"},{"taxonomy":"product_tag","embeddable":true,"href":"https:\/\/lofotenseaweedcompany.com\/no\/wp-json\/wp\/v2\/product_tag?post=3248"},{"taxonomy":"woo-feed-brand","embeddable":true,"href":"https:\/\/lofotenseaweedcompany.com\/no\/wp-json\/wp\/v2\/woo-feed-brand?post=3248"}],"curies":[{"name":"wp","href":"https:\/\/api.w.org\/{rel}","templated":true}]}}