{"id":3251,"date":"2018-03-29T11:17:22","date_gmt":"2018-03-29T11:17:22","guid":{"rendered":"https:\/\/lofotenseaweedcompany.com\/shop\/lofoten-umami\/"},"modified":"2026-01-20T08:06:32","modified_gmt":"2026-01-20T08:06:32","slug":"lofoten-umami-furikake","status":"publish","type":"product","link":"https:\/\/lofotenseaweedcompany.com\/no\/butikk\/lofoten-umami-furikake\/","title":{"rendered":"Lofoten Umami"},"content":{"rendered":"<p>NO:<\/p>\n<p><strong>Ingredienser:<\/strong> \u00d8kologisk butare (Alaria esculenta) 36%, <strong>t\u00f8rrfisk<\/strong> (Gadus morhua, fisket med line, Norskehavet) 22%, oppdretts butare (Alaria esculenta) 10%, hvite <strong>sesamfr\u00f8<\/strong> 10%, svarte <strong>sesamfr\u00f8<\/strong> 10%, Dulse (Palmaria palmata) 2%.<\/p>\n<p><strong>N\u00e6ringsverdier per 100g:<\/strong> Energi KJ\/Kcal (1034\/247), Fett (10g), Karbohydrat (11,6g), hvorav sukker (0,2g), Fiber (27g), Protein (22,9g), Salt (2,5g) .<\/p>\n<p><strong>Allergier:<\/strong> skalldyr, fisk, hvete, soya, laktose og sesamfr\u00f8.<\/p>\n<p><strong>Oppbevaring:<\/strong> Oppbevares t\u00f8rt og lukket<\/p>\n<p><strong>Vekt:<\/strong> 40g<\/p>\n<p>Dette produktet inneholder 29mg jod per 100g. Anbefalt daglig inntak er 0,15 mg, \u00f8vre daglig grense 0,6 mg. For mye jod kan p\u00e5virke skjoldbruskfunksjonen.<\/p>\n<p>SE:<\/p>\n<p><strong>Ingredienser:<\/strong> Ekologisk butare (Alaria esculenta) 36%, <strong>stockfisk<\/strong> (Gadus morhua, linjef\u00e5ngad, Norska havet) 22%, odlad butare (Alaria esculenta) 10%, vita <strong>sesamfr\u00f6n<\/strong> 10%, svarta <strong>sesamfr\u00f6n<\/strong> 10%, ume <strong>sesamfr\u00f6n<\/strong> 10% (Ingredienser: vita rostade <strong>sesamfr\u00f6n<\/strong>, torkade plommon: plommon, shiso, <strong>laktos<\/strong>, salt, plommonvin\u00e4ger; fermenterat <strong>vete och soja<\/strong>, socker, citronsyra E330 och E296, salt, smakf\u00f6rst\u00e4rkare E621 och E635, shisosmak, r\u00f6dk\u00e5lsf\u00e4rg, j\u00e4stextrakt, dextrin), Dulse (Palmaria palmata) 2%.<\/p>\n<p><strong>N\u00e4ringsv\u00e4rden per 100g:<\/strong> Energi KJ\/Kcal (1034\/247), Fett (10g), Kolhydrat (11,6g), varav sockerarter (0,2g), Fiber (27g), Protein (22,9g), Salt (2,5g) .<\/p>\n<p><strong>Allergier:<\/strong> skaldjur, fisk, vete, soja, laktos och sesamfr\u00f6n.<\/p>\n<p><strong>F\u00f6rvaring:<\/strong> F\u00f6rvaras torrt och f\u00f6rseglat<\/p>\n<p><strong>Vikt:<\/strong> 40g<\/p>\n<p>Denna produkt inneh\u00e5ller 29mg jod per 100g. Rekommenderat dagligt intag \u00e4r 0,15 mg, \u00f6vre dagliga gr\u00e4nsen 0,6 mg. F\u00f6r mycket jod kan p\u00e5verka sk\u00f6ldk\u00f6rtelfunktionen.<\/p>\n","protected":false},"excerpt":{"rendered":"<div>\n<p>Nord-Norsk furikake! Laget med verdens beste r\u00e5varer, basert p\u00e5 Japanske tradisjoner.<\/p>\n<p>Detteer en smaksrik blanding av wakame, s\u00f8l, sesamfr\u00f8 og revet t\u00f8rrfisk fra Lofoten, som tilf\u00f8rer enda mer smak og dybde. Visste du at t\u00f8rrfisk fra Lofoten har geografisk beskyttet betegnelse akkurat som Champagne? Et element som tilf\u00f8rer ekstra lokal stolthet.<\/p>\n<p>Dette er Lofoten i en liten boks, prisbel\u00f8nnet med 3. plass i Arktisk Verdiskapingskonkurranse for bruk av tradisjonelle r\u00e5varer i nye produkter. Perfekt som topping p\u00e5 egg,ris og hjemmelaget maki rolls eller r\u00e5 fisk. Ypperlig p\u00e5 bacalao, fiskesuppe og fiskeburger.<\/p>\n<\/div>\n<ul>\n<li>Prisvinnende produkt<\/li>\n<li>T\u00f8rrfisk fra Lofoten<\/li>\n<li>Perfekt gave til den matglade<\/li>\n<\/ul>\n<p>&nbsp;<\/p>\n","protected":false},"featured_media":38596,"comment_status":"closed","ping_status":"closed","template":"","meta":{"_acf_changed":false},"product_brand":[],"product_cat":[303],"product_tag":[1152],"woo-feed-brand":[],"class_list":{"0":"post-3251","1":"product","2":"type-product","3":"status-publish","4":"has-post-thumbnail","6":"product_cat-tangflak","7":"product_tag-seaweed-no","9":"first","10":"instock","11":"taxable","12":"shipping-taxable","13":"purchasable","14":"product-type-variable","15":"has-default-attributes"},"acf":[],"_links":{"self":[{"href":"https:\/\/lofotenseaweedcompany.com\/no\/wp-json\/wp\/v2\/product\/3251","targetHints":{"allow":["GET"]}}],"collection":[{"href":"https:\/\/lofotenseaweedcompany.com\/no\/wp-json\/wp\/v2\/product"}],"about":[{"href":"https:\/\/lofotenseaweedcompany.com\/no\/wp-json\/wp\/v2\/types\/product"}],"replies":[{"embeddable":true,"href":"https:\/\/lofotenseaweedcompany.com\/no\/wp-json\/wp\/v2\/comments?post=3251"}],"wp:featuredmedia":[{"embeddable":true,"href":"https:\/\/lofotenseaweedcompany.com\/no\/wp-json\/wp\/v2\/media\/38596"}],"wp:attachment":[{"href":"https:\/\/lofotenseaweedcompany.com\/no\/wp-json\/wp\/v2\/media?parent=3251"}],"wp:term":[{"taxonomy":"product_brand","embeddable":true,"href":"https:\/\/lofotenseaweedcompany.com\/no\/wp-json\/wp\/v2\/product_brand?post=3251"},{"taxonomy":"product_cat","embeddable":true,"href":"https:\/\/lofotenseaweedcompany.com\/no\/wp-json\/wp\/v2\/product_cat?post=3251"},{"taxonomy":"product_tag","embeddable":true,"href":"https:\/\/lofotenseaweedcompany.com\/no\/wp-json\/wp\/v2\/product_tag?post=3251"},{"taxonomy":"woo-feed-brand","embeddable":true,"href":"https:\/\/lofotenseaweedcompany.com\/no\/wp-json\/wp\/v2\/woo-feed-brand?post=3251"}],"curies":[{"name":"wp","href":"https:\/\/api.w.org\/{rel}","templated":true}]}}