{"id":3252,"date":"2018-10-03T08:36:16","date_gmt":"2018-10-03T08:36:16","guid":{"rendered":"https:\/\/lofotenseaweedcompany.com\/shop\/simply-seaweed\/"},"modified":"2025-11-21T12:58:32","modified_gmt":"2025-11-21T12:58:32","slug":"arctic-ocean-greens","status":"publish","type":"product","link":"https:\/\/lofotenseaweedcompany.com\/no\/butikk\/arctic-ocean-greens\/","title":{"rendered":"Arctic Ocean Greens"},"content":{"rendered":"<p>NO:<\/p>\n<p><strong>Ingredienser:<\/strong> \u00d8kologisk \u00a0h\u00e5ndh\u00f8stet wakame (Alaria esculenta) 75 %, \u00d8kologisk dyrket wakame (Alaria esculenta) 15 %, \u00d8kologisk h\u00e5nd h\u00f8stet s\u00f8l (Palmaria palmata) 10 %.<\/p>\n<p><strong>N\u00e6ringsverdi per 100g:<\/strong> Energi KJ\/Kcal (861\/206), Fett (2,2g), Karbohydrater (17g), hvorav sukker (0,1g), Fiber (40,8g), Protein (10,1g), Salt (3,5g).<\/p>\n<p><strong>Allergener:<\/strong> Dette produktet kan inneholde spor av skalldyr.<\/p>\n<p><strong>Oppbevaring:<\/strong> Oppbevares p\u00e5 et kj\u00f8lig, t\u00f8rt sted.<\/p>\n<p><strong>Nettovekt:<\/strong> 40g<\/p>\n<p>Dette produktet inneholder 49mg jod per 100g. Anbefalt daglig inntak er 0,15 mg. \u00d8vre daglig grense 0,6 mg. For mye jodinntak kan p\u00e5virke skjoldbruskfunksjonen.<\/p>\n<p>SE:<\/p>\n<p><strong>Ingredienser:<\/strong> Ekologisk vild wakame(Alaria esculenta) 75%, Ekologisk odlad wakame (Alaria esculenta) 15%, Ekologisk vild dulse (Palmaria palmata) 10%.<\/p>\n<p><strong>N\u00e4ringsv\u00e4rde per 100g:<\/strong> Energi KJ\/Kcal (861\/206), Fett (2,2g), Kolhydrater (17g), varav sockerarter (0,1g), Fiber (40,8g), Protein (10,1g), Salt (3,5g).<\/p>\n<p><strong>Allergener:<\/strong> Denna produkt kan inneh\u00e5lla sp\u00e5r av skaldjur.<\/p>\n<p><strong>F\u00f6rvaring:<\/strong> F\u00f6rvara p\u00e5 en sval, torr plats.<\/p>\n<p><strong>Nettovikt:<\/strong> 40g<\/p>\n<p>Denna produkt inneh\u00e5ller 49mg jod per 100g. Rekommenderat dagligt intag \u00e4r 0,15 mg. \u00d6vre daglig gr\u00e4ns 0,6 mg. F\u00f6r mycket jodintag kan p\u00e5verka sk\u00f6ldk\u00f6rtelfunktionen.<\/p>\n","protected":false},"excerpt":{"rendered":"<p>Enkelt, godt og sunt!<\/p>\n<p style=\"font-weight: 400;\">Arctic Ocean Greens er et rent tangdryss av wakame og s\u00f8l, uten tilsatt salt. Denne smakfulle blandingen er rik p\u00e5 umami og l\u00f8fter smaken i ethvert m\u00e5ltid.<\/p>\n<p style=\"font-weight: 400;\">Et ideelt alternativ for deg som \u00f8nsker et balansert kosthold, vil redusere saltinntaket uten \u00e5 g\u00e5 p\u00e5 kompromiss med smaken og for veganere og vegetarianere som \u00f8nsker umami smak og plantebasert jodkilde.<\/p>\n<p style=\"font-weight: 400;\">Den passer ypperlig til sj\u00f8mat, supper og gryter, samt i br\u00f8d og bakst. Du kan ogs\u00e5 bruke den i smoothie, gr\u00f8t eller yoghurt<\/p>\n<ul>\n<li>Uten salt<\/li>\n<li>\u00d8kologisk og b\u00e6rekraftig h\u00f8stet<\/li>\n<li>Plantebasert jodkilde<\/li>\n<\/ul>\n<p>&nbsp;<\/p>\n","protected":false},"featured_media":38587,"comment_status":"open","ping_status":"closed","template":"","meta":{"_acf_changed":false},"product_brand":[],"product_cat":[303],"product_tag":[1152],"woo-feed-brand":[],"class_list":{"0":"post-3252","1":"product","2":"type-product","3":"status-publish","4":"has-post-thumbnail","6":"product_cat-tangflak","7":"product_tag-seaweed-no","9":"first","10":"instock","11":"taxable","12":"shipping-taxable","13":"purchasable","14":"product-type-variable","15":"has-default-attributes"},"acf":[],"_links":{"self":[{"href":"https:\/\/lofotenseaweedcompany.com\/no\/wp-json\/wp\/v2\/product\/3252","targetHints":{"allow":["GET"]}}],"collection":[{"href":"https:\/\/lofotenseaweedcompany.com\/no\/wp-json\/wp\/v2\/product"}],"about":[{"href":"https:\/\/lofotenseaweedcompany.com\/no\/wp-json\/wp\/v2\/types\/product"}],"replies":[{"embeddable":true,"href":"https:\/\/lofotenseaweedcompany.com\/no\/wp-json\/wp\/v2\/comments?post=3252"}],"wp:featuredmedia":[{"embeddable":true,"href":"https:\/\/lofotenseaweedcompany.com\/no\/wp-json\/wp\/v2\/media\/38587"}],"wp:attachment":[{"href":"https:\/\/lofotenseaweedcompany.com\/no\/wp-json\/wp\/v2\/media?parent=3252"}],"wp:term":[{"taxonomy":"product_brand","embeddable":true,"href":"https:\/\/lofotenseaweedcompany.com\/no\/wp-json\/wp\/v2\/product_brand?post=3252"},{"taxonomy":"product_cat","embeddable":true,"href":"https:\/\/lofotenseaweedcompany.com\/no\/wp-json\/wp\/v2\/product_cat?post=3252"},{"taxonomy":"product_tag","embeddable":true,"href":"https:\/\/lofotenseaweedcompany.com\/no\/wp-json\/wp\/v2\/product_tag?post=3252"},{"taxonomy":"woo-feed-brand","embeddable":true,"href":"https:\/\/lofotenseaweedcompany.com\/no\/wp-json\/wp\/v2\/woo-feed-brand?post=3252"}],"curies":[{"name":"wp","href":"https:\/\/api.w.org\/{rel}","templated":true}]}}