{"id":3280,"date":"2018-10-03T10:07:42","date_gmt":"2018-10-03T10:07:42","guid":{"rendered":"https:\/\/lofotenseaweedcompany.com\/shop\/mork-sjokolade-med-sukkertare\/"},"modified":"2025-12-01T13:47:17","modified_gmt":"2025-12-01T13:47:17","slug":"mork-sjokolade-med-sukkertare","status":"publish","type":"product","link":"https:\/\/lofotenseaweedcompany.com\/no\/butikk\/mork-sjokolade-med-sukkertare\/","title":{"rendered":"Sjokolader med dryss av tang"},"content":{"rendered":"<p>NO:<\/p>\n<p>M\u00f8rk sjokolade med sukkertare<\/p>\n<p><strong>Ingredienser:\u00a0<\/strong>Manjari 64% m\u00f8rk sjokolade, kakaomasse, sukker, sukkertare (saccharina latissima, 0.25%),<strong> melkepulver<\/strong> og <strong>soyalecitin<\/strong>.<\/p>\n<p>kan inneholde spor av <strong>n\u00f8tter<\/strong>, <strong>gluten, lupin<\/strong> og <strong>egg<\/strong>.<\/p>\n<p><strong>N\u00e6ringsinformasjon per 100g<\/strong>: Energi 2324 kJ\/560 kcal, Fett 39g, hvorav metter 23g, Karbohydrat 39g, hvorav sukkerarter 36g, Fiber 0g, Protein 7,6g, Salt 0,01g.<\/p>\n<p><strong>Oppbevaring:\u00a0<\/strong>14-16 grader celsius.<\/p>\n<p><strong>Vekt: <\/strong>70g<\/p>\n<p>Hvit sjokolade med bringeb\u00e6r og dulse<\/p>\n<p><strong>Ingredienser: <\/strong>Opalys 33% hvit sjokolade, kakaosm\u00f8r, sukker, melkepulver, bringeb\u00e6r, dulse (Palmaria palmata), vanilje, soyalecitin.<\/p>\n<p><strong>Allergier: <\/strong>Dette produktet kan inneholde spor av skalldyr, n\u00f8tter, gluten, lupin, egg.<\/p>\n<p><strong>Oppbevaring:<\/strong> Oppbevares t\u00f8rt og forseglet mellom 14 og 16\u00b0C.<\/p>\n<p><strong>Vekt:<\/strong> 70g<\/p>\n<p>SE:<\/p>\n<p>M\u00f6rk choklad med sockerkelp<\/p>\n<p><strong>Ingredienser:\u00a0<\/strong>Manjari 64 % m\u00f6rk choklad, kakaomassa, socker, kelp (saccharina latissima, 0.25%), <strong>mj\u00f6lkpulver<\/strong> och <strong>sojalecitin<\/strong>.<\/p>\n<p>kan inneh\u00e5lla sp\u00e5r av <strong>n\u00f6tter, gluten, lupin<\/strong> och <strong>\u00e4gg<\/strong>.<\/p>\n<p><strong>N\u00e4ringsinformation per 100g<\/strong>: Energi 2324 kJ\/560 kcal, Fett 39g, varav m\u00e4ttande 23g, Kolhydrat 39g, varav sockerarter 36g, Fiber 0g, Protein 7,6g, Salt 0,01g.<br \/>\n<strong>F\u00f6rvaring:\u00a0<\/strong>14\u201316 grader Celsius.<\/p>\n<p><strong>Vikt:<\/strong> 70g<\/p>\n<p>Vit choklad med hallon och Dulse<\/p>\n<p><strong>Ingredienser:<\/strong> Opalys 33% vit choklad, kakaosm\u00f6r, socker, <strong>mj\u00f6lkpulver<\/strong>, hallon, dulse (Palmaria palmata), vanilj, <strong>sojalecitin<\/strong>.<\/p>\n<p><strong>Allergier: <\/strong>Denna produkt kan inneh\u00e5lla sp\u00e5r av <strong>skaldjur<\/strong>, <strong>n\u00f6tter<\/strong>, <strong>gluten<\/strong>, <strong>lupin<\/strong>, <strong>\u00e4gg<\/strong>.<\/p>\n<p><strong>F\u00f6rvaring:<\/strong> F\u00f6rvaras torrt och f\u00f6rseglat mellan 14 och 16\u00b0C.<\/p>\n<p><strong>Vikt:<\/strong> 70g<\/p>\n","protected":false},"excerpt":{"rendered":"<div>\n<p>Kvalitets sjokolade fra v\u00e5r venn og prisvinnende sjokolademaker Craig Alibone.<\/p>\n<\/div>\n<div>\n<p>M\u00f8rk sjokolade laget av sjeldne kakaob\u00f8nner fra madagaskar. Friske toner av r\u00f8de b\u00e6r kombinert med den dype umamismaken fra r\u00f8stet sukkertare.<\/p>\n<\/div>\n<div>\n<p>Hvit sjokolade med avrundet s\u00f8dme, hint av fersk melk og delikat vanilje. Toppet med friske bringeb\u00e6r og s\u00f8lflak fra Lofoten. En uimotst\u00e5elig kombinasjon som raskt blir en favoritt \u2013 dette er sjokoladen du aldri f\u00e5r nok av.<\/p>\n<\/div>\n","protected":false},"featured_media":38724,"comment_status":"closed","ping_status":"closed","template":"","meta":{"_acf_changed":false},"product_brand":[],"product_cat":[304],"product_tag":[127,145,128,1152],"woo-feed-brand":[],"class_list":{"0":"post-3280","1":"product","2":"type-product","3":"status-publish","4":"has-post-thumbnail","6":"product_cat-tang-godsaker","7":"product_tag-chocolate-no","8":"product_tag-christmas-no","9":"product_tag-gift-box-no","10":"product_tag-seaweed-no","12":"first","13":"instock","14":"taxable","15":"shipping-taxable","16":"purchasable","17":"product-type-variable"},"acf":[],"_links":{"self":[{"href":"https:\/\/lofotenseaweedcompany.com\/no\/wp-json\/wp\/v2\/product\/3280","targetHints":{"allow":["GET"]}}],"collection":[{"href":"https:\/\/lofotenseaweedcompany.com\/no\/wp-json\/wp\/v2\/product"}],"about":[{"href":"https:\/\/lofotenseaweedcompany.com\/no\/wp-json\/wp\/v2\/types\/product"}],"replies":[{"embeddable":true,"href":"https:\/\/lofotenseaweedcompany.com\/no\/wp-json\/wp\/v2\/comments?post=3280"}],"wp:featuredmedia":[{"embeddable":true,"href":"https:\/\/lofotenseaweedcompany.com\/no\/wp-json\/wp\/v2\/media\/38724"}],"wp:attachment":[{"href":"https:\/\/lofotenseaweedcompany.com\/no\/wp-json\/wp\/v2\/media?parent=3280"}],"wp:term":[{"taxonomy":"product_brand","embeddable":true,"href":"https:\/\/lofotenseaweedcompany.com\/no\/wp-json\/wp\/v2\/product_brand?post=3280"},{"taxonomy":"product_cat","embeddable":true,"href":"https:\/\/lofotenseaweedcompany.com\/no\/wp-json\/wp\/v2\/product_cat?post=3280"},{"taxonomy":"product_tag","embeddable":true,"href":"https:\/\/lofotenseaweedcompany.com\/no\/wp-json\/wp\/v2\/product_tag?post=3280"},{"taxonomy":"woo-feed-brand","embeddable":true,"href":"https:\/\/lofotenseaweedcompany.com\/no\/wp-json\/wp\/v2\/woo-feed-brand?post=3280"}],"curies":[{"name":"wp","href":"https:\/\/api.w.org\/{rel}","templated":true}]}}