{"id":3283,"date":"2019-12-06T13:32:56","date_gmt":"2019-12-06T13:32:56","guid":{"rendered":"https:\/\/lofotenseaweedcompany.com\/shop\/pasta-med-butare\/"},"modified":"2025-11-24T11:59:40","modified_gmt":"2025-11-24T11:59:40","slug":"pasta-med-butare-tagliatelle","status":"publish","type":"product","link":"https:\/\/lofotenseaweedcompany.com\/no\/butikk\/pasta-med-butare-tagliatelle\/","title":{"rendered":"Tagliatelle med tang"},"content":{"rendered":"<p>NO:<\/p>\n<p><strong>Bruksomr\u00e5de:<\/strong><\/p>\n<p>Denne h\u00e5ndlagde tagliatelle passer perfekt til skalldyr og sj\u00f8mat. For den ultimate kombinasjon pr\u00f8v med t\u00f8rrfisk og tomatsaus. Overrask venner og familie med en rett de definitivt ikke har pr\u00f8vd f\u00f8r. Serverer 4-5 personer.<\/p>\n<p><strong>Ingredienser:\u00a0<\/strong>Durumhvete semolina, Egg 27 %, Alaria esculenta 3 %<\/p>\n<p><strong>Allergier:\u00a0<\/strong>kan inneholde spor av skalldyr.<\/p>\n<p><strong>Oppbevaring: <\/strong>T\u00f8rt, vekk fra lys og varme<\/p>\n<p><strong>Vekt<\/strong>: 250 g<\/p>\n<p><strong>Addresse til produsent:<\/strong><\/p>\n<p>Filotea Pasta<br \/>\nVia Primo Maggio, 56<br \/>\n60131 &#8211; Ancona &#8211; Italia<br \/>\nHandlaget i Italia<\/p>\n<p><strong>Advarsel:\u00a0<\/strong><span class=\"Y2IQFc\" lang=\"no\">Dette produktet inneholder 11,4 mg jod per 100 g. Anbefalt daglig inntak er 0,15 mg. For mye jodinntak kan p\u00e5virke skjoldbruskkjertelen. Matlaging i kokt vann reduserer jodkonsentrasjonen.<\/span><\/p>\n<div class=\"row\">\n<p><strong>N\u00e6ringsinnehold:<\/strong><\/p>\n<\/div>\n<table>\n<thead>\n<tr>\n<th>Type<\/th>\n<th>Per 100g<\/th>\n<th><\/th>\n<\/tr>\n<\/thead>\n<tbody>\n<tr>\n<td>Energi (KJ)<\/td>\n<td>1584<\/td>\n<td><\/td>\n<\/tr>\n<tr>\n<td>Fett (g)<\/td>\n<td>4,2<\/td>\n<td><\/td>\n<\/tr>\n<tr>\n<td>Karbohydrat (g)<\/td>\n<td>67<\/td>\n<td><\/td>\n<\/tr>\n<tr>\n<td>ink. sukker (g)<\/td>\n<td>1,5<\/td>\n<td><\/td>\n<\/tr>\n<tr>\n<td>Fiber (g)<\/td>\n<td>2,0<\/td>\n<td><\/td>\n<\/tr>\n<tr>\n<td>Protein (g)<\/td>\n<td>16<\/td>\n<td><\/td>\n<\/tr>\n<tr>\n<td>Salt (g)<\/td>\n<td>0.09<\/td>\n<td><\/td>\n<\/tr>\n<tr>\n<td><\/td>\n<td><\/td>\n<\/tr>\n<\/tbody>\n<\/table>\n<p>SE:<\/p>\n<p><strong>Anv\u00e4ndningsomr\u00e5de:<\/strong><\/p>\n<p>Denna handgjorda tagliatelle passar perfekt till skaldjur och skaldjur. F\u00f6r den ultimata kombinationen prova med torkad fisk och tomats\u00e5s. \u00d6verraska dina v\u00e4nner och familj med en r\u00e4tt de definitivt inte har provat tidigare. Serverar 4-5 personer.<\/p>\n<p><strong>Ingredienser:\u00a0<\/strong>durumvetegryn, \u00e4gg 27 %, Alaria esculenta 3 %<\/p>\n<p><strong>Allergier:\u00a0<\/strong>kan inneh\u00e5lla sp\u00e5r av skaldjur.<\/p>\n<p><strong>F\u00f6rvaring:<\/strong> Torrt, borta fr\u00e5n ljus och v\u00e4rme<\/p>\n<p><strong>Vikt:<\/strong> 250 g<\/p>\n<p><strong>Adress till tillverkaren:<\/strong><\/p>\n<p>Filotea Pasta<br \/>\nVia Primo Maggio, 56<br \/>\n60131 &#8211; Ancona &#8211; Italia<br \/>\nHandgjorda i Italia<\/p>\n<p><strong>Varning:\u00a0<\/strong>Denna produkt inneh\u00e5ller 11,4 mg jod per 100 g. Rekommenderat dagligt intag \u00e4r 0,15 mg. F\u00f6r mycket jodintag kan p\u00e5verka sk\u00f6ldk\u00f6rteln. Tillagning i kokt vatten minskar jodkoncentrationen.<\/p>\n<p><strong>N\u00e4ringsinneh\u00e5ll:<\/strong><\/p>\n<table>\n<thead>\n<tr>\n<th>Typ<\/th>\n<th>Per 100g<\/th>\n<th><\/th>\n<\/tr>\n<\/thead>\n<tbody>\n<tr>\n<td>Energi (KJ)<\/td>\n<td>1584<\/td>\n<td><\/td>\n<\/tr>\n<tr>\n<td>Fett (g)<\/td>\n<td>4,2<\/td>\n<td><\/td>\n<\/tr>\n<tr>\n<td>Kolhydrat (g)<\/td>\n<td>67<\/td>\n<td><\/td>\n<\/tr>\n<tr>\n<td>inkl. socker (g)<\/td>\n<td>1,5<\/td>\n<td><\/td>\n<\/tr>\n<tr>\n<td>Fiber (g)<\/td>\n<td>2,0<\/td>\n<td><\/td>\n<\/tr>\n<tr>\n<td>Protein (g)<\/td>\n<td>16<\/td>\n<td><\/td>\n<\/tr>\n<tr>\n<td>Salt (g)<\/td>\n<td>0.09<\/td>\n<td><\/td>\n<\/tr>\n<tr>\n<td><\/td>\n<td><\/td>\n<\/tr>\n<\/tbody>\n<\/table>\n","protected":false},"excerpt":{"rendered":"<div>\n<p>Tagliatelle med tareflak<span class=\"apple-converted-space\">\u00a0<\/span>kombinerer ekte italiensk h\u00e5ndlaget pasta med h\u00e5ndh\u00f8stet wakame fra Lofoten. Laget av det fineste mel og ferske egg, med en tekstur som gj\u00f8r at sausen fester seg perfekt. Tareflakene tilf\u00f8rer en naturlig umamidybde som l\u00f8fter smakene i retten uten \u00e5 ta over.<\/p>\n<\/div>\n<div>\n<p>Denne pastaen passer like godt til sj\u00f8matretter som bl\u00e5skjell eller reker, som til kremede eller hvite sauser, og den gj\u00f8r seg ogs\u00e5 utmerket i klassiske tomatbaserte pastaretter.<\/p>\n<\/div>\n<div>\n<p>En pasta som kombinerer beste fra to verdener \u2013 tradisjonelt h\u00e5ndverk fra Italia og rene r\u00e5varer fra havet i Lofoten.<\/p>\n<\/div>\n","protected":false},"featured_media":38730,"comment_status":"open","ping_status":"closed","template":"","meta":{"_acf_changed":false},"product_brand":[],"product_cat":[304],"product_tag":[1152],"woo-feed-brand":[],"class_list":{"0":"post-3283","1":"product","2":"type-product","3":"status-publish","4":"has-post-thumbnail","6":"product_cat-tang-godsaker","7":"product_tag-seaweed-no","9":"first","10":"instock","11":"taxable","12":"shipping-taxable","13":"purchasable","14":"product-type-simple"},"acf":[],"_links":{"self":[{"href":"https:\/\/lofotenseaweedcompany.com\/no\/wp-json\/wp\/v2\/product\/3283","targetHints":{"allow":["GET"]}}],"collection":[{"href":"https:\/\/lofotenseaweedcompany.com\/no\/wp-json\/wp\/v2\/product"}],"about":[{"href":"https:\/\/lofotenseaweedcompany.com\/no\/wp-json\/wp\/v2\/types\/product"}],"replies":[{"embeddable":true,"href":"https:\/\/lofotenseaweedcompany.com\/no\/wp-json\/wp\/v2\/comments?post=3283"}],"wp:featuredmedia":[{"embeddable":true,"href":"https:\/\/lofotenseaweedcompany.com\/no\/wp-json\/wp\/v2\/media\/38730"}],"wp:attachment":[{"href":"https:\/\/lofotenseaweedcompany.com\/no\/wp-json\/wp\/v2\/media?parent=3283"}],"wp:term":[{"taxonomy":"product_brand","embeddable":true,"href":"https:\/\/lofotenseaweedcompany.com\/no\/wp-json\/wp\/v2\/product_brand?post=3283"},{"taxonomy":"product_cat","embeddable":true,"href":"https:\/\/lofotenseaweedcompany.com\/no\/wp-json\/wp\/v2\/product_cat?post=3283"},{"taxonomy":"product_tag","embeddable":true,"href":"https:\/\/lofotenseaweedcompany.com\/no\/wp-json\/wp\/v2\/product_tag?post=3283"},{"taxonomy":"woo-feed-brand","embeddable":true,"href":"https:\/\/lofotenseaweedcompany.com\/no\/wp-json\/wp\/v2\/woo-feed-brand?post=3283"}],"curies":[{"name":"wp","href":"https:\/\/api.w.org\/{rel}","templated":true}]}}