{"id":3285,"date":"2018-10-03T10:26:11","date_gmt":"2018-10-03T10:26:11","guid":{"rendered":"https:\/\/lofotenseaweedcompany.com\/shop\/okologisk-butare\/"},"modified":"2025-11-24T10:34:39","modified_gmt":"2025-11-24T10:34:39","slug":"okologisk-butare","status":"publish","type":"product","link":"https:\/\/lofotenseaweedcompany.com\/no\/butikk\/okologisk-butare\/","title":{"rendered":"\u00d8kologisk Wakame"},"content":{"rendered":"<p>NO:<\/p>\n<p><strong>Ingredienser:<\/strong> Wakame, hele blad (<em>Alaria esculenta<\/em>)<\/p>\n<p><strong>N\u00e6ringsinnehold per 100g:<\/strong> Energi KJ\/Kcal (878\/210), Fett (2.2g), hvorav metter (0g), Karbohydrater (17g), hvorav sukker (0.1g), Fiber (40.8), Protein (10.1g), Salt (3.5g), Jod (38mg).<\/p>\n<p><strong>Allergier: <\/strong>Kan inneholder spor av <strong>skalldyr<\/strong>.<\/p>\n<p><strong>Oppbevaring: <\/strong>T\u00f8rt og forseglet, unng\u00e5 sollys.<\/p>\n<p><strong>Vekt:<\/strong>\u00a025g<\/p>\n<div class=\"col-md-6 col-md-offset-3\">\n<p>For mye jod kan p\u00e5virke skjoldbruskkjertelen. Anbefalt daglig inntak er 0,15 mg og det tolerable \u00f8vre inntaksniv\u00e5et er 0,60 mg.<\/p>\n<\/div>\n<div class=\"row\">\n<p>SE:<\/p>\n<p><strong>Ingredienser:<\/strong> Wakame helblad (Alaria esculenta)<\/p>\n<p><strong>N\u00e4ringsinneh\u00e5ll per 100g:<\/strong> Energi KJ\/Kcal (878\/210), Fett (2,2g), varav m\u00e4ttat (0g), Kolhydrater (17g), varav socker (0,1g), Fiber (40,8), Protein (10,1g). ), salt (3,5 g), jod (38 mg).<\/p>\n<p><strong>Allergier:<\/strong> Kan inneh\u00e5lla sp\u00e5r av skaldjur.<\/p>\n<p><strong>F\u00f6rvaring:<\/strong> Torrt och f\u00f6rseglat, undvik solljus.<\/p>\n<p><strong>Vikt:<\/strong>\u00a025 g<\/p>\n<p>F\u00f6r mycket jod kan p\u00e5verka sk\u00f6ldk\u00f6rteln. Det rekommenderade dagliga intaget \u00e4r 0,15 mg och det tolererbara \u00f6vre intaget \u00e4r 0,60 mg.<\/p>\n<p>&nbsp;<\/p>\n<\/div>\n","protected":false},"excerpt":{"rendered":"<p>H\u00e5ndh\u00f8stet, \u00f8kologisk wakame med mild og behagelig smak av havet! Smakfull og n\u00e6ringsrik ingrediens som kan benyttes som en gr\u00f8nnsak i supper, salater, wok og gryter.<\/p>\n<p>Wakame brukes mye i asiatiske retter, men her er det kun fantasien som setter grenser! Passer ypperlig veganere og vegetarianere som har behov for naturlige vitaminer, mineraler og jod i kostholdet. Pr\u00f8v v\u00e5r friske salat med agurk og wakame<\/p>\n","protected":false},"featured_media":38727,"comment_status":"closed","ping_status":"closed","template":"","meta":{"_acf_changed":false},"product_brand":[],"product_cat":[105],"product_tag":[1154,1152],"woo-feed-brand":[],"class_list":{"0":"post-3285","1":"product","2":"type-product","3":"status-publish","4":"has-post-thumbnail","6":"product_cat-hele-blad","7":"product_tag-ganze-blatter","8":"product_tag-seaweed-no","10":"first","11":"instock","12":"taxable","13":"shipping-taxable","14":"purchasable","15":"product-type-simple"},"acf":[],"_links":{"self":[{"href":"https:\/\/lofotenseaweedcompany.com\/no\/wp-json\/wp\/v2\/product\/3285","targetHints":{"allow":["GET"]}}],"collection":[{"href":"https:\/\/lofotenseaweedcompany.com\/no\/wp-json\/wp\/v2\/product"}],"about":[{"href":"https:\/\/lofotenseaweedcompany.com\/no\/wp-json\/wp\/v2\/types\/product"}],"replies":[{"embeddable":true,"href":"https:\/\/lofotenseaweedcompany.com\/no\/wp-json\/wp\/v2\/comments?post=3285"}],"wp:featuredmedia":[{"embeddable":true,"href":"https:\/\/lofotenseaweedcompany.com\/no\/wp-json\/wp\/v2\/media\/38727"}],"wp:attachment":[{"href":"https:\/\/lofotenseaweedcompany.com\/no\/wp-json\/wp\/v2\/media?parent=3285"}],"wp:term":[{"taxonomy":"product_brand","embeddable":true,"href":"https:\/\/lofotenseaweedcompany.com\/no\/wp-json\/wp\/v2\/product_brand?post=3285"},{"taxonomy":"product_cat","embeddable":true,"href":"https:\/\/lofotenseaweedcompany.com\/no\/wp-json\/wp\/v2\/product_cat?post=3285"},{"taxonomy":"product_tag","embeddable":true,"href":"https:\/\/lofotenseaweedcompany.com\/no\/wp-json\/wp\/v2\/product_tag?post=3285"},{"taxonomy":"woo-feed-brand","embeddable":true,"href":"https:\/\/lofotenseaweedcompany.com\/no\/wp-json\/wp\/v2\/woo-feed-brand?post=3285"}],"curies":[{"name":"wp","href":"https:\/\/api.w.org\/{rel}","templated":true}]}}