{"id":32895,"date":"2023-12-19T13:44:31","date_gmt":"2023-12-19T13:44:31","guid":{"rendered":"https:\/\/lofotenseaweedcompany.com\/shop\/gavekort-2\/"},"modified":"2025-11-11T13:31:40","modified_gmt":"2025-11-11T13:31:40","slug":"gavekort-2","status":"publish","type":"product","link":"https:\/\/lofotenseaweedcompany.com\/no\/butikk\/gavekort-2\/","title":{"rendered":"Gavekort"},"content":{"rendered":"<p>NO:<\/p>\n<p>Gavekortet er gyldig i ett \u00e5r fra kj\u00f8psdato.<\/p>\n<p>All gift cards are processed manually during office hours, and might therefore take a few days to deliver.<\/p>\n<p>Alle gavekort h\u00e5ndteres manuelt i v\u00e5r administrasjon, og det kan derfor ta noen dager f\u00f8r du mottar gavekortet p\u00e5 e-post.<\/p>\n<p>Med mindre annet er bedt om, vil gavekort bli sendt p\u00e5 e-post.<\/p>\n<p>SE:<\/p>\n<p>Presentkortet \u00e4r giltigt i ett \u00e5r fr\u00e5n ink\u00f6psdatum. Alla presentkort hanteras manuellt, s\u00e5 det kan ta n\u00e5gra arbetsdagar innan du f\u00e5r presentkortet.<\/p>\n<p>Om inget annat beg\u00e4rs skickas presentkort via e-post.<\/p>\n","protected":false},"excerpt":{"rendered":"<p>Gi en unik gave til noen du er glad i, eller lag ditt eget gourmeteventyr hjemme med dette Lofoten Seaweed-gavekortet. Denne kan l\u00f8ses inn i v\u00e5r lokale butikk i Napp, eller p\u00e5 hvilken som helst av varene i v\u00e5r nettbutikk.<\/p>\n","protected":false},"featured_media":38749,"comment_status":"closed","ping_status":"closed","template":"","meta":{"_acf_changed":false},"product_brand":[],"product_cat":[1139],"product_tag":[],"woo-feed-brand":[],"class_list":{"0":"post-32895","1":"product","2":"type-product","3":"status-publish","4":"has-post-thumbnail","6":"product_cat-gavekort","8":"first","9":"instock","10":"virtual","11":"purchasable","12":"product-type-simple"},"acf":[],"_links":{"self":[{"href":"https:\/\/lofotenseaweedcompany.com\/no\/wp-json\/wp\/v2\/product\/32895","targetHints":{"allow":["GET"]}}],"collection":[{"href":"https:\/\/lofotenseaweedcompany.com\/no\/wp-json\/wp\/v2\/product"}],"about":[{"href":"https:\/\/lofotenseaweedcompany.com\/no\/wp-json\/wp\/v2\/types\/product"}],"replies":[{"embeddable":true,"href":"https:\/\/lofotenseaweedcompany.com\/no\/wp-json\/wp\/v2\/comments?post=32895"}],"wp:featuredmedia":[{"embeddable":true,"href":"https:\/\/lofotenseaweedcompany.com\/no\/wp-json\/wp\/v2\/media\/38749"}],"wp:attachment":[{"href":"https:\/\/lofotenseaweedcompany.com\/no\/wp-json\/wp\/v2\/media?parent=32895"}],"wp:term":[{"taxonomy":"product_brand","embeddable":true,"href":"https:\/\/lofotenseaweedcompany.com\/no\/wp-json\/wp\/v2\/product_brand?post=32895"},{"taxonomy":"product_cat","embeddable":true,"href":"https:\/\/lofotenseaweedcompany.com\/no\/wp-json\/wp\/v2\/product_cat?post=32895"},{"taxonomy":"product_tag","embeddable":true,"href":"https:\/\/lofotenseaweedcompany.com\/no\/wp-json\/wp\/v2\/product_tag?post=32895"},{"taxonomy":"woo-feed-brand","embeddable":true,"href":"https:\/\/lofotenseaweedcompany.com\/no\/wp-json\/wp\/v2\/woo-feed-brand?post=32895"}],"curies":[{"name":"wp","href":"https:\/\/api.w.org\/{rel}","templated":true}]}}