{"id":34374,"date":"2024-06-19T12:45:56","date_gmt":"2024-06-19T12:45:56","guid":{"rendered":"https:\/\/lofotenseaweedcompany.com\/shop\/furikake-tre-pakke\/"},"modified":"2026-02-25T13:10:41","modified_gmt":"2026-02-25T13:10:41","slug":"furikake-tre-pakke","status":"publish","type":"product","link":"https:\/\/lofotenseaweedcompany.com\/no\/butikk\/furikake-tre-pakke\/","title":{"rendered":"Furikake trepakning gavesett"},"content":{"rendered":"<p>NO:<\/p>\n<p>Tr\u00f8ffeltangsalt<\/p>\n<p>Ingredienser: Havsalt, Tr\u00f8ffeltang (Vertebrata lanosa).<br \/>\nN\u00e6ringsverdi per 100g: Energi KJ\/Kcal (975\/233), Fett (0,8g), Karbohydrater (7g), hvorav sukkerarter (0g), Fiber (5,2g), Protein (2,6g), Salt (78g).<\/p>\n<p>Allergier: Dette produktet kan inneholde spor av skalldyr.<\/p>\n<p>Oppbevaring: Oppbevares t\u00f8rt og lukket.<\/p>\n<p>Nettovekt: 20g<\/p>\n<p>\u00d8kologisk, glutenfri, egnet for veganere.<\/p>\n<p>&nbsp;<\/p>\n<p>Arctic Furikake<\/p>\n<p>Ingredienser: \u00d8kologisk wakame\/butare (Alaria esculenta) 31 %, puffet ris 38 %, ume sesamfr\u00f8 31 % (Ingredienser: hvite ristede sesamfr\u00f8, t\u00f8rket plommeumle: plommer, shiso, laktose, salt, plommeeddik; fermentert hvete og soya, sukker, sitronsyre E330 og E296, salt, smaksforsterker E621 og E635, shiso aroma, r\u00f8dk\u00e5lfarge, gj\u00e6rekstrakt, dekstrin).<\/p>\n<p>N\u00e6ringsinformasjon per 100g: Energi: 1671kJ\/400kcal, Fett 18,3g, hvorav metter 2,7g, Karbohydrater 40,7g, hvorav sukkerarter 0,9g, Fiber 9,9g, Protein, 11,3g, Salt 5,9g<\/p>\n<p>Oppbevaring: Oppbevares t\u00f8rt og lukket.<\/p>\n<p>Nettovekt: 20g<\/p>\n<p>&nbsp;<\/p>\n<p>&nbsp;<\/p>\n<p>Lofoten Umami<\/p>\n<p>Ingredienser: \u00d8kologisk butare (Alaria esculenta) 36%, t\u00f8rrfisk (Gadus morhua, fisket med line, Norskehavet) 22%, \u00a0dyrket wakame\/ butare (Alaria esculenta) 10%, hvite sesamfr\u00f8 10%, svarte sesamfr\u00f8 10%, ume sesamfr\u00f8 10 % (Ingredienser: hvite ristede sesamfr\u00f8, t\u00f8rket plommeumle: plommer, shiso, laktose, salt, plommeeddik; fermentert hvete og soya, sukker, sitronsyre E330 og E296, salt, smaksforsterker E621 og E635, shiso aroma, r\u00f8dk\u00e5lfarge, gj\u00e6rekstrakt, dekstrin), Dulse (Palmaria palmata) 2%.<\/p>\n<p>N\u00e6ringsverdier per 100g: Energi KJ\/Kcal (1034\/247), Fett (10g), Karbohydrat (11,6g), hvorav sukker (0,2g), Fiber (27g), Protein (22,9g), Salt (2,5g) .<\/p>\n<p>Allergier: skalldyr, fisk og sesamfr\u00f8.<\/p>\n<p>Oppbevaring: Oppbevares t\u00f8rt og lukket<\/p>\n<p>Nettovekt: 20g<\/p>\n<p>SE:<\/p>\n<p>Tryffelt\u00e5ngsalt<\/p>\n<p>Ingredienser: Havssalt, Tryffelt\u00e5ng (Vertebrata lanosa).<br \/>\nN\u00e4ringsv\u00e4rde per 100g: Energi KJ\/Kcal (975\/233), Fett (0,8g), Kolhydrater (7g), varav sockerarter (0g), Fiber (5,2g), Protein (2,6g), Salt (78g).<\/p>\n<p>Allergier: Denna produkt kan inneh\u00e5lla sp\u00e5r av skaldjur.<\/p>\n<p>F\u00f6rvaring: F\u00f6rvaras torrt och f\u00f6rseglat.<\/p>\n<p>Nettovikt: 20g<\/p>\n<p>Ekologiskt, glutenfritt, l\u00e4mpligt f\u00f6r veganer.<\/p>\n<p>&nbsp;<\/p>\n<p>Arctic Furikake<\/p>\n<p>Ingredienser: Ekologisk butare (Alaria esculenta) 31%, puffat ris 38%, ume sesamfr\u00f6n 31% (Ingredienser: vita rostade sesamfr\u00f6n, torkat plommonk\u00f6tt: plommon, shiso, laktos, salt, plommonvin\u00e4ger; fermenterat vete och soja, socker, citronsyra E330 och E296, salt, smakf\u00f6rst\u00e4rkare E621 och E635, shiso-arom, r\u00f6dk\u00e5lsf\u00e4rg, j\u00e4stextrakt, dextrin).<\/p>\n<p>N\u00e4ringsinformation per 100g: Energi: 1671kJ\/400kcal, Fett 18,3g, varav m\u00e4ttande 2,7g, Kolhydrater 40,7g, varav sockerarter 0,9g, Fiber 9,9g, Protein, 11,3g, Salt 5,9g<\/p>\n<p>F\u00f6rvaring: F\u00f6rvaras torrt och f\u00f6rseglat.<\/p>\n<p>Nettovikt: 20g<\/p>\n<p>&nbsp;<\/p>\n<p>Lofoten Umami<\/p>\n<p>Ingredienser: Ekologisk butare (Alaria esculenta) 36%, stockfisk (Gadus morhua, linjef\u00e5ngad, Norska havet) 22%, odlad butare (Alaria esculenta) 10%, vita sesamfr\u00f6n 10%, svarta sesamfr\u00f6n 10%, ume sesamfr\u00f6n 10% (Ingredienser: vita rostade sesamfr\u00f6n, torkade plommon: plommon, shiso, laktos, salt, plommonvin\u00e4ger; fermenterat vete och soja, socker, citronsyra E330 och E296, salt, smakf\u00f6rst\u00e4rkare E621 och E635, shisosmak, r\u00f6dk\u00e5lsf\u00e4rg, j\u00e4stextrakt, dextrin), Dulse (Palmaria palmata) 2%.<\/p>\n<p>N\u00e4ringsv\u00e4rden per 100g: Energi KJ\/Kcal (1034\/247), Fett (10g), Kolhydrat (11,6g), varav sockerarter (0,2g), Fiber (27g), Protein (22,9g), Salt (2,5g) .<\/p>\n<p>Allergier: skaldjur, fisk och sesamfr\u00f6n.<\/p>\n<p>F\u00f6rvaring: F\u00f6rvaras torrt och f\u00f6rseglat<\/p>\n<p>Nettovikt: 20g<\/p>\n","protected":false},"excerpt":{"rendered":"<div>\n<p>Gourmetpakken\u00a0samler tre av v\u00e5re mest eksklusive produkter i miniutgaver:\u00a0Tr\u00f8ffeltangsalt,\u00a0Lofoten Umami\u00a0og v\u00e5r bestselger\u00a0Arctic Furikake. Sammen byr de p\u00e5 en rik og spennende smaksopplevelse \u2013 perfekt b\u00e5de for deg som er nysgjerrig p\u00e5 tang i mat, og for deg som elsker \u00e5 eksperimentere p\u00e5 kj\u00f8kkenet og utvide din kulinariske horisont.<\/p>\n<\/div>\n<div>\n<p>En gave fra havet som garantert blir satt pris p\u00e5 av alle som verdsetter b\u00e6rekraftige, rene og smakfulle ingredienser<\/p>\n<p>\u00d8kologisk sertifisert<\/p>\n<p>\u2713 B\u00e6rekraftig h\u00f8stet i Lofoten<\/p>\n<p>\u2713 Full av vitaminer og mineraler<\/p>\n<p>\u2713 Naturlig kilde til jod<\/p>\n<p>\u2713 Glutenfritt<\/p>\n<p>\u2713 Perfekt gave fra havet<\/p>\n<p>&nbsp;<\/p>\n<p>&nbsp;<\/p>\n<\/div>\n","protected":false},"featured_media":38696,"comment_status":"closed","ping_status":"closed","template":"","meta":{"_acf_changed":false},"product_brand":[],"product_cat":[303,301,302],"product_tag":[],"woo-feed-brand":[],"class_list":{"0":"post-34374","1":"product","2":"type-product","3":"status-publish","4":"has-post-thumbnail","6":"product_cat-tangflak","7":"product_cat-tangkrydder","8":"product_cat-tangsalt","10":"first","11":"instock","12":"taxable","13":"shipping-taxable","14":"purchasable","15":"product-type-simple"},"acf":[],"_links":{"self":[{"href":"https:\/\/lofotenseaweedcompany.com\/no\/wp-json\/wp\/v2\/product\/34374","targetHints":{"allow":["GET"]}}],"collection":[{"href":"https:\/\/lofotenseaweedcompany.com\/no\/wp-json\/wp\/v2\/product"}],"about":[{"href":"https:\/\/lofotenseaweedcompany.com\/no\/wp-json\/wp\/v2\/types\/product"}],"replies":[{"embeddable":true,"href":"https:\/\/lofotenseaweedcompany.com\/no\/wp-json\/wp\/v2\/comments?post=34374"}],"wp:featuredmedia":[{"embeddable":true,"href":"https:\/\/lofotenseaweedcompany.com\/no\/wp-json\/wp\/v2\/media\/38696"}],"wp:attachment":[{"href":"https:\/\/lofotenseaweedcompany.com\/no\/wp-json\/wp\/v2\/media?parent=34374"}],"wp:term":[{"taxonomy":"product_brand","embeddable":true,"href":"https:\/\/lofotenseaweedcompany.com\/no\/wp-json\/wp\/v2\/product_brand?post=34374"},{"taxonomy":"product_cat","embeddable":true,"href":"https:\/\/lofotenseaweedcompany.com\/no\/wp-json\/wp\/v2\/product_cat?post=34374"},{"taxonomy":"product_tag","embeddable":true,"href":"https:\/\/lofotenseaweedcompany.com\/no\/wp-json\/wp\/v2\/product_tag?post=34374"},{"taxonomy":"woo-feed-brand","embeddable":true,"href":"https:\/\/lofotenseaweedcompany.com\/no\/wp-json\/wp\/v2\/woo-feed-brand?post=34374"}],"curies":[{"name":"wp","href":"https:\/\/api.w.org\/{rel}","templated":true}]}}