{"id":3450,"date":"2020-04-07T18:15:13","date_gmt":"2020-04-07T18:15:13","guid":{"rendered":"https:\/\/lofotenseaweedcompany.com\/?post_type=product&#038;p=3450"},"modified":"2025-11-24T12:09:07","modified_gmt":"2025-11-24T12:09:07","slug":"tang-til-brod","status":"publish","type":"product","link":"https:\/\/lofotenseaweedcompany.com\/no\/butikk\/tang-til-brod\/","title":{"rendered":"Tang til Br\u00f8d"},"content":{"rendered":"<p>NO:<\/p>\n<p><strong>Bruksomr\u00e5der:<\/strong><\/p>\n<p>Wakame (Alaria esculenta) har en mild og god smak som passer fint til br\u00f8d, rundstykker, knekkebr\u00f8d eller annen bakst.<\/p>\n<p>I dette produktet er taren malt oppi sm\u00e5 biter som enkelt tilsettes i din egen favoritt oppskrift.<\/p>\n<p>Kan bl\u00f8tlegges eller brukes rett i deigen.<\/p>\n<p>2 ss pr br\u00f8d.<\/p>\n<p><strong>Ingredienser:\u00a0<\/strong>Ekologisk Butare (Alaria esculenta)<\/p>\n<p><strong>Allergier:\u00a0<\/strong>Dette produktet kan inneholde spor av <strong>Skalldyr<\/strong><\/p>\n<p><strong>Oppbevaring: <\/strong>T\u00f8rt og forseglet, unng\u00e5 sollys<\/p>\n<p><strong>Vekt: <\/strong>80g<\/p>\n<p><strong>Advarsel: <\/strong>Dette produktet inneholder 89 mg jod per 100 g. Anbefalt daglig inntak er 0,15 mg og det tolerable \u00f8vre inntaksniv\u00e5et er 0,60 mg. For mye jod kan p\u00e5virke skjoldbruskkjertelen. Vi anbefalte deg \u00e5 bruke 2 ts tare per br\u00f8d, og ikke \u00e5 spise mer enn 3 skiver tangbr\u00f8d om dagen.<\/p>\n<p><strong>N\u00e6ringsinnehold:<\/strong><\/p>\n<table width=\"321\">\n<thead>\n<tr>\n<th>Type<\/th>\n<th>Per 100g<\/th>\n<\/tr>\n<\/thead>\n<tbody>\n<tr>\n<td>Energi (KJ)<\/td>\n<td>865<\/td>\n<\/tr>\n<tr>\n<td>Fett (g)<\/td>\n<td>2.3<\/td>\n<\/tr>\n<tr>\n<td>Karbohydrater (g)<\/td>\n<td>16.8<\/td>\n<\/tr>\n<tr>\n<td>ink. sukker (g)<\/td>\n<td>0.15<\/td>\n<\/tr>\n<tr>\n<td>Fiber (g)<\/td>\n<td>42.1<\/td>\n<\/tr>\n<tr>\n<td>Protein (g)<\/td>\n<td>9.3<\/td>\n<\/tr>\n<tr>\n<td>Salt (g)<\/td>\n<td>3.5<\/td>\n<\/tr>\n<tr>\n<td>Jod(mg)<\/td>\n<td>89<\/td>\n<\/tr>\n<\/tbody>\n<\/table>\n<p>SE:<\/p>\n<p><strong>Anv\u00e4ndningsomr\u00e5den:<\/strong><\/p>\n<p>Wakame (alaria esculenta) har en mild och god smak som passar bra till br\u00f6d, frallor, m\u00f6rdegskakor eller annat bakverk.<\/p>\n<p>I denna produkt mals kelpen till sm\u00e5 bitar som enkelt kan l\u00e4ggas till ditt eget favoritrecept.<\/p>\n<p>Kan bl\u00f6tl\u00e4ggas eller anv\u00e4ndas direkt i degen.<\/p>\n<p>2 matskedar per br\u00f6d.<\/p>\n<p><strong>Ingredienser:\u00a0<\/strong>Ekologisk Butare (Alaria esculenta)<\/p>\n<p><strong>Allergier:\u00a0<\/strong>Denna produkt kan inneh\u00e5lla sp\u00e5r av <strong>skaldjur<\/strong><\/p>\n<p><strong>F\u00f6rvaring:<\/strong> Torrt och f\u00f6rseglat, undvik solljus<\/p>\n<p><strong>Vikt:<\/strong> 80g<\/p>\n<p><strong>Varning:<\/strong>\u00a0Denna produkt inneh\u00e5ller 89 mg jod per 100 g. Det rekommenderade dagliga intaget \u00e4r 0,15 mg och det tolererbara \u00f6vre intaget \u00e4r 0,60 mg. F\u00f6r mycket jod kan p\u00e5verka sk\u00f6ldk\u00f6rteln. Vi rekommenderar att du anv\u00e4nder 2 teskedar kelp per limpa och att inte \u00e4ta mer \u00e4n 3 skivor kelpbr\u00f6d om dagen.<\/p>\n<p><strong>N\u00e4ringsinneh\u00e5ll:<\/strong><\/p>\n<table width=\"321\">\n<thead>\n<tr>\n<th>Typ<\/th>\n<th>Per 100g<\/th>\n<\/tr>\n<\/thead>\n<tbody>\n<tr>\n<td>Energi (KJ)<\/td>\n<td>865<\/td>\n<\/tr>\n<tr>\n<td>Fett (g)<\/td>\n<td>2.3<\/td>\n<\/tr>\n<tr>\n<td>Kolhydrater (g)<\/td>\n<td>16.8<\/td>\n<\/tr>\n<tr>\n<td>inkl. socker (g)<\/td>\n<td>0.15<\/td>\n<\/tr>\n<tr>\n<td>Fiber (g)<\/td>\n<td>42.1<\/td>\n<\/tr>\n<tr>\n<td>Protein (g)<\/td>\n<td>9.3<\/td>\n<\/tr>\n<tr>\n<td>Salt (g)<\/td>\n<td>3.5<\/td>\n<\/tr>\n<tr>\n<td>Jod(mg)<\/td>\n<td>89<\/td>\n<\/tr>\n<\/tbody>\n<\/table>\n","protected":false},"excerpt":{"rendered":"<p>Den perfekte smakstilsetteren i br\u00f8d og bakevarer! En perfekt m\u00e5te \u00e5 redusere salt samtidig som du \u00f8ker n\u00e6ringsinnholdet og smaken i br\u00f8d og rundstykker.<\/p>\n<p>&nbsp;<\/p>\n<p><span style=\"font-family: 'Segoe UI Symbol';\">\u2713<\/span><span style=\"font-family: Calibri;\"> \u00d8kologisk Sertifisert <\/span><\/p>\n<p><span style=\"font-family: 'Segoe UI Symbol';\">\u2713<\/span><span style=\"font-family: Calibri;\"> B\u00e6rekraftig h\u00f8stet i Lofoten <\/span><\/p>\n<p><span style=\"font-family: 'Segoe UI Symbol';\">\u2713<\/span><span style=\"font-family: Calibri;\"> 100% naturlig<\/span><\/p>\n<p><span style=\"font-family: 'Segoe UI Symbol';\">\u2713<\/span><span style=\"font-family: Calibri;\"> Perfekt for veganere og plantebasert kosthold<\/span><\/p>\n<p><span style=\"font-family: 'Segoe UI Symbol';\">\u2713<\/span><span style=\"font-family: Calibri;\"> Full av vitaminer og mineraler<\/span><\/p>\n<p><span style=\"font-family: 'Segoe UI Symbol';\">\u2713<\/span><span style=\"font-family: Calibri;\"> Plantebasert kilde til jod<\/span><\/p>\n<p><span style=\"font-family: 'Segoe UI Symbol';\">\u2713<\/span><span style=\"font-family: Calibri;\"> Glutenfri<\/span><\/p>\n<p>&nbsp;<\/p>\n<p>&nbsp;<\/p>\n","protected":false},"featured_media":38758,"comment_status":"closed","ping_status":"closed","template":"","meta":{"_acf_changed":false},"product_brand":[],"product_cat":[303],"product_tag":[1152],"woo-feed-brand":[],"class_list":{"0":"post-3450","1":"product","2":"type-product","3":"status-publish","4":"has-post-thumbnail","6":"product_cat-tangflak","7":"product_tag-seaweed-no","9":"first","10":"instock","11":"taxable","12":"shipping-taxable","13":"purchasable","14":"product-type-variable","15":"has-default-attributes"},"acf":[],"_links":{"self":[{"href":"https:\/\/lofotenseaweedcompany.com\/no\/wp-json\/wp\/v2\/product\/3450","targetHints":{"allow":["GET"]}}],"collection":[{"href":"https:\/\/lofotenseaweedcompany.com\/no\/wp-json\/wp\/v2\/product"}],"about":[{"href":"https:\/\/lofotenseaweedcompany.com\/no\/wp-json\/wp\/v2\/types\/product"}],"replies":[{"embeddable":true,"href":"https:\/\/lofotenseaweedcompany.com\/no\/wp-json\/wp\/v2\/comments?post=3450"}],"wp:featuredmedia":[{"embeddable":true,"href":"https:\/\/lofotenseaweedcompany.com\/no\/wp-json\/wp\/v2\/media\/38758"}],"wp:attachment":[{"href":"https:\/\/lofotenseaweedcompany.com\/no\/wp-json\/wp\/v2\/media?parent=3450"}],"wp:term":[{"taxonomy":"product_brand","embeddable":true,"href":"https:\/\/lofotenseaweedcompany.com\/no\/wp-json\/wp\/v2\/product_brand?post=3450"},{"taxonomy":"product_cat","embeddable":true,"href":"https:\/\/lofotenseaweedcompany.com\/no\/wp-json\/wp\/v2\/product_cat?post=3450"},{"taxonomy":"product_tag","embeddable":true,"href":"https:\/\/lofotenseaweedcompany.com\/no\/wp-json\/wp\/v2\/product_tag?post=3450"},{"taxonomy":"woo-feed-brand","embeddable":true,"href":"https:\/\/lofotenseaweedcompany.com\/no\/wp-json\/wp\/v2\/woo-feed-brand?post=3450"}],"curies":[{"name":"wp","href":"https:\/\/api.w.org\/{rel}","templated":true}]}}