{"id":35521,"date":"2024-12-12T09:17:28","date_gmt":"2024-12-12T09:17:28","guid":{"rendered":"https:\/\/lofotenseaweedcompany.com\/shop\/handsape-og-lotion-gavesett\/"},"modified":"2025-12-01T13:17:46","modified_gmt":"2025-12-01T13:17:46","slug":"handsape-og-lotion-gavesett","status":"publish","type":"product","link":"https:\/\/lofotenseaweedcompany.com\/no\/butikk\/handsape-og-lotion-gavesett\/","title":{"rendered":"Gavesett med H\u00e5nds\u00e5pe og Lotion"},"content":{"rendered":"<p><strong>H\u00e5nds\u00e5pe &#8211; 250ml<\/strong><\/p>\n<p>NO:<\/p>\n<p><strong>Ingredienser:<\/strong> Aqua, Kalium Oleate, Kalium Cocoate, Glycerin, Fucus serratus tang, Cymbopogon Citratus blyolje, kaliumsitrat, sitronsyre, Zingiber Officinale rotolje.<\/p>\n<p><strong>Allergener:<\/strong> Citral, geraniol, linalool, limonen.<\/p>\n<p>Veganvennlig.<\/p>\n<p>SE:<\/p>\n<p><strong>Ingredienser:<\/strong> Aqua, Potassium Oleate, Kalium Cocoate, Glycerin, Fucus serratus t\u00e5ng, Cymbopogon Citratus blyolja, kaliumcitrat, citronsyra, Zingiber Officinale rotolja.<\/p>\n<p><strong>Allergener:<\/strong> Citral, geraniol, linalool, limonen.<\/p>\n<p>Veganv\u00e4nlig.<\/p>\n<p>&nbsp;<\/p>\n<p><strong>H\u00e5nd og Bodylotion &#8211; 250ml<\/strong><\/p>\n<p>NO:<\/p>\n<p><strong>Ingredienser:<\/strong> Aqua, Helianthus Annus (solsikke) fr\u00f8olje, polysorbat 20, Cetearylalkohol, glycerylstearat, fenoksyetanol, Fucus serratus tang, karbomer, kaliumsorbat, cymbopogon sitratus bladolje, natriumhydroksid, zingiber oilic.<\/p>\n<p><strong>Allergener:<\/strong> Citral, geraniol, linalool, limonen.<\/p>\n<p>Veganvennlig.<\/p>\n<p>SE:<\/p>\n<p><strong>Ingredienser:<\/strong> Aqua, Helianthus Annus (solros) fr\u00f6olja, polysorbat 20, Cetearylalkohol, glycerylstearat, fenoxietanol, Fucus serratus t\u00e5ng, karbomer, kaliumsorbat, cymbopogon citratbladsolja, natriumhydroxid, zingiberolja.<\/p>\n<p><strong>Allergener:<\/strong> Citral, geraniol, linalool, limonen.<\/p>\n<p>Veganvennlig<\/p>\n","protected":false},"excerpt":{"rendered":"<p>H\u00e5nds\u00e5pe og lotion tilsettes med sagtang (<span class=\"hover:entity-accent entity-underline inline cursor-pointer align-baseline\"><span class=\"whitespace-normal\">Fucus vesiculosus<\/span><\/span>) fordi den er naturlig rik p\u00e5 mineraler og fuktbindende forbindelser som st\u00f8tter hudens normale balanse. H\u00e5nds\u00e5pen gir en sk\u00e5nsom, men effektiv rens uten \u00e5 t\u00f8rke ut huden, mens lotionen tilf\u00f8rer fukt og bidrar til \u00e5 bevare hudens smidighet etter vask. Sammen gir de daglig pleie for hender som utsettes for hyppig bruk, v\u00e6r og vind. Produktene er utviklet for jevn bruk og passer for deg som \u00f8nsker milde, funksjonelle h\u00e5ndprodukter basert p\u00e5 rene r\u00e5varer fra havet.<\/p>\n","protected":false},"featured_media":37722,"comment_status":"closed","ping_status":"closed","template":"","meta":{"_acf_changed":false},"product_brand":[],"product_cat":[126,111],"product_tag":[],"woo-feed-brand":[],"class_list":{"0":"post-35521","1":"product","2":"type-product","3":"status-publish","4":"has-post-thumbnail","6":"product_cat-tang-gaver","7":"product_cat-tang-kosmetikk","9":"first","10":"instock","11":"taxable","12":"shipping-taxable","13":"purchasable","14":"product-type-simple"},"acf":[],"_links":{"self":[{"href":"https:\/\/lofotenseaweedcompany.com\/no\/wp-json\/wp\/v2\/product\/35521","targetHints":{"allow":["GET"]}}],"collection":[{"href":"https:\/\/lofotenseaweedcompany.com\/no\/wp-json\/wp\/v2\/product"}],"about":[{"href":"https:\/\/lofotenseaweedcompany.com\/no\/wp-json\/wp\/v2\/types\/product"}],"replies":[{"embeddable":true,"href":"https:\/\/lofotenseaweedcompany.com\/no\/wp-json\/wp\/v2\/comments?post=35521"}],"wp:featuredmedia":[{"embeddable":true,"href":"https:\/\/lofotenseaweedcompany.com\/no\/wp-json\/wp\/v2\/media\/37722"}],"wp:attachment":[{"href":"https:\/\/lofotenseaweedcompany.com\/no\/wp-json\/wp\/v2\/media?parent=35521"}],"wp:term":[{"taxonomy":"product_brand","embeddable":true,"href":"https:\/\/lofotenseaweedcompany.com\/no\/wp-json\/wp\/v2\/product_brand?post=35521"},{"taxonomy":"product_cat","embeddable":true,"href":"https:\/\/lofotenseaweedcompany.com\/no\/wp-json\/wp\/v2\/product_cat?post=35521"},{"taxonomy":"product_tag","embeddable":true,"href":"https:\/\/lofotenseaweedcompany.com\/no\/wp-json\/wp\/v2\/product_tag?post=35521"},{"taxonomy":"woo-feed-brand","embeddable":true,"href":"https:\/\/lofotenseaweedcompany.com\/no\/wp-json\/wp\/v2\/woo-feed-brand?post=35521"}],"curies":[{"name":"wp","href":"https:\/\/api.w.org\/{rel}","templated":true}]}}