{"id":35778,"date":"2024-12-13T18:54:31","date_gmt":"2024-12-13T18:54:31","guid":{"rendered":"https:\/\/lofotenseaweedcompany.com\/shop\/rokt-tangflak\/"},"modified":"2025-11-11T13:32:06","modified_gmt":"2025-11-11T13:32:06","slug":"rokt-tangflak","status":"publish","type":"product","link":"https:\/\/lofotenseaweedcompany.com\/no\/butikk\/rokt-tangflak\/","title":{"rendered":"R\u00f8kt tangflak"},"content":{"rendered":"<p>Ingredienser: R\u00f8kt wakame\/butare (Alaria esculenta)<\/p>\n<p>Allergener: Kan inneholde spor av skalldyr<\/p>\n<p>Oppbevares p\u00e5 et kj\u00f8lig og t\u00f8rt sted<\/p>\n","protected":false},"excerpt":{"rendered":"<p>Nyt den unike smaken av r\u00f8kt wakame. Vi har kaldr\u00f8kt v\u00e5re \u00f8kologiske wakameflak over b\u00f8ketre for \u00e5 oppn\u00e5 en unik r\u00f8ykaroma med toner av whisky og te. Perfekt \u00e5 tilsette i sm\u00f8r for et uimotst\u00e5elig p\u00e5legg, dryss over egg, r\u00f8r inn i omelett eller majones. Setter god smak p\u00e5 b\u00e5de vanlige og vegetariske gryteretter.<\/p>\n","protected":false},"featured_media":38745,"comment_status":"closed","ping_status":"closed","template":"","meta":{"_acf_changed":false},"product_brand":[],"product_cat":[303,301],"product_tag":[],"woo-feed-brand":[],"class_list":{"0":"post-35778","1":"product","2":"type-product","3":"status-publish","4":"has-post-thumbnail","6":"product_cat-tangflak","7":"product_cat-tangkrydder","9":"first","10":"instock","11":"taxable","12":"shipping-taxable","13":"purchasable","14":"product-type-simple"},"acf":[],"_links":{"self":[{"href":"https:\/\/lofotenseaweedcompany.com\/no\/wp-json\/wp\/v2\/product\/35778","targetHints":{"allow":["GET"]}}],"collection":[{"href":"https:\/\/lofotenseaweedcompany.com\/no\/wp-json\/wp\/v2\/product"}],"about":[{"href":"https:\/\/lofotenseaweedcompany.com\/no\/wp-json\/wp\/v2\/types\/product"}],"replies":[{"embeddable":true,"href":"https:\/\/lofotenseaweedcompany.com\/no\/wp-json\/wp\/v2\/comments?post=35778"}],"wp:featuredmedia":[{"embeddable":true,"href":"https:\/\/lofotenseaweedcompany.com\/no\/wp-json\/wp\/v2\/media\/38745"}],"wp:attachment":[{"href":"https:\/\/lofotenseaweedcompany.com\/no\/wp-json\/wp\/v2\/media?parent=35778"}],"wp:term":[{"taxonomy":"product_brand","embeddable":true,"href":"https:\/\/lofotenseaweedcompany.com\/no\/wp-json\/wp\/v2\/product_brand?post=35778"},{"taxonomy":"product_cat","embeddable":true,"href":"https:\/\/lofotenseaweedcompany.com\/no\/wp-json\/wp\/v2\/product_cat?post=35778"},{"taxonomy":"product_tag","embeddable":true,"href":"https:\/\/lofotenseaweedcompany.com\/no\/wp-json\/wp\/v2\/product_tag?post=35778"},{"taxonomy":"woo-feed-brand","embeddable":true,"href":"https:\/\/lofotenseaweedcompany.com\/no\/wp-json\/wp\/v2\/woo-feed-brand?post=35778"}],"curies":[{"name":"wp","href":"https:\/\/api.w.org\/{rel}","templated":true}]}}