{"id":35779,"date":"2024-10-18T13:37:40","date_gmt":"2024-10-18T13:37:40","guid":{"rendered":"https:\/\/lofotenseaweedcompany.com\/shop\/35779\/"},"modified":"2025-12-01T13:24:02","modified_gmt":"2025-12-01T13:24:02","slug":"35779","status":"publish","type":"product","link":"https:\/\/lofotenseaweedcompany.com\/no\/butikk\/35779\/","title":{"rendered":"Hud og h\u00e5rprodukter -reise sett"},"content":{"rendered":"<p>Sjampo 75 ml<\/p>\n<p>Ingredienser: Aqua, Decyl Glucoside, Fucus serratus tang, Lauryl Betaine, Panthenol (og) Aqua, Argania Spinosa Kernel Oil, Xanthan Gum, Sodium Chloride, Sea Salt, Phenoxyeth-anol, Aloe Barbadensis (Aloe Vera), Leaf Juice Powder, Citric acid, Cymbopogon Citratus Leaf Oil, Benzoic acid, Dehydroacetic Acid, Zingiber Officinale Root Oil.<\/p>\n<p>Balsam 75 ml<\/p>\n<p>Ingredienser: Aqua, Aloe Barbadensis Leaf Juice, Cetearyl Alcohol, Betaine, Cocoglucoside, Butyrospermum Parkii (Shea) Butter, Cocos Nucifera (Coconut) Oil, Olea Europaea (Olive) Fruit Oil, Helianthus Annus (Sunflower) Seed Oil, Kaliumsorbat, natriumbensoat, xantangummi, Fucus serratus-tang, Cymbopogon Citratus bladolje, Simmondsia Chinensis (Jojoba) fr\u00f8olje, sitronsyre, tokoferol, Zingiber Officinale rotolje.<\/p>\n<p>Kroppsvask 75 ml<\/p>\n<p>Ingredienser: Aqua, Sodium Sodium Lauroyl Methyl Isethionate, Cocamido-propyl Betaine, Lauryl Glucoside, Argania Spinosa Kernel Oil, Sodium Chloride, Sodium Methyl Isethionate, Phenoxyethanol, Sodium Lauroyl Isethionate, Sodium Benzoate, Fucus serratus-tang, Cymbopogon Citratus Leaf Oil, havsalt, Polyquaternium-7, laurinsyre, sinklaurat, trinatriumetylendiamindisuccinat, sitronsyre, natriumlaurat, Zingiber Officinale Root Oil.<\/p>\n<p>Lotion 75 ml<\/p>\n<p>Ingredienser: Aqua, Helianthus Annus (solsikke) fr\u00f8olje, polysorbat 20, cetearylalkohol, glyserylstearat, fenoksyetanol, Fucus serratus tang, karbomer, kaliumsorbat, Cymbopogon Citratus LeafOil, natriumhydroksid, Zingiber Officinale Root Oil.<\/p>\n<p>Allergener: Citral, geraniol, linalool, limonene.<\/p>\n<p>Veganvennlig.<\/p>\n","protected":false},"excerpt":{"rendered":"<p style=\"font-weight: 400;\">Arctic Travel Essentials inneholder naturlige produkter som tar vare p\u00e5 havet \u2013 og p\u00e5 deg. Med \u00f8kologisk sagtang fra Lofoten som aktiv ingrediens f\u00e5r h\u00e5ret en naturlig glans og huden blir myk og smidig. Den friske duften av sitrongress og ingef\u00e6r gir energi og en renhetsf\u00f8lelse som varer lenge.<\/p>\n<p style=\"font-weight: 400;\">Et praktisk reisesett for deg som er p\u00e5 farten \u2013 enten du er p\u00e5 fjelltur, ute p\u00e5 havet eller bare vil f\u00f8le deg velstelt og fresh. \u00a0Disse naturlige produktene gir deg spa-f\u00f8lelsen \u2013 uansett hvor eventyret tar deg.<\/p>\n<p style=\"font-weight: 400;\">Bruksomr\u00e5de:\u00a0Reisesett med h\u00e5r- og hudpleieprodukter ( Shampoo, balsam, s\u00e5pe og lotion) for daglig rens, pleie og fuktighet. Egnet for bruk p\u00e5 reise, tur eller i hverdagen.<\/p>\n<p style=\"font-weight: 400;\">\n","protected":false},"featured_media":39226,"comment_status":"closed","ping_status":"closed","template":"","meta":{"_acf_changed":false},"product_brand":[],"product_cat":[111],"product_tag":[],"woo-feed-brand":[],"class_list":{"0":"post-35779","1":"product","2":"type-product","3":"status-publish","4":"has-post-thumbnail","6":"product_cat-tang-kosmetikk","8":"first","9":"instock","10":"taxable","11":"shipping-taxable","12":"purchasable","13":"product-type-simple"},"acf":[],"_links":{"self":[{"href":"https:\/\/lofotenseaweedcompany.com\/no\/wp-json\/wp\/v2\/product\/35779","targetHints":{"allow":["GET"]}}],"collection":[{"href":"https:\/\/lofotenseaweedcompany.com\/no\/wp-json\/wp\/v2\/product"}],"about":[{"href":"https:\/\/lofotenseaweedcompany.com\/no\/wp-json\/wp\/v2\/types\/product"}],"replies":[{"embeddable":true,"href":"https:\/\/lofotenseaweedcompany.com\/no\/wp-json\/wp\/v2\/comments?post=35779"}],"wp:featuredmedia":[{"embeddable":true,"href":"https:\/\/lofotenseaweedcompany.com\/no\/wp-json\/wp\/v2\/media\/39226"}],"wp:attachment":[{"href":"https:\/\/lofotenseaweedcompany.com\/no\/wp-json\/wp\/v2\/media?parent=35779"}],"wp:term":[{"taxonomy":"product_brand","embeddable":true,"href":"https:\/\/lofotenseaweedcompany.com\/no\/wp-json\/wp\/v2\/product_brand?post=35779"},{"taxonomy":"product_cat","embeddable":true,"href":"https:\/\/lofotenseaweedcompany.com\/no\/wp-json\/wp\/v2\/product_cat?post=35779"},{"taxonomy":"product_tag","embeddable":true,"href":"https:\/\/lofotenseaweedcompany.com\/no\/wp-json\/wp\/v2\/product_tag?post=35779"},{"taxonomy":"woo-feed-brand","embeddable":true,"href":"https:\/\/lofotenseaweedcompany.com\/no\/wp-json\/wp\/v2\/woo-feed-brand?post=35779"}],"curies":[{"name":"wp","href":"https:\/\/api.w.org\/{rel}","templated":true}]}}