{"id":38230,"date":"2025-10-09T13:48:35","date_gmt":"2025-10-09T13:48:35","guid":{"rendered":"https:\/\/lofotenseaweedcompany.com\/shop\/the-vegan-box\/"},"modified":"2025-12-01T12:37:31","modified_gmt":"2025-12-01T12:37:31","slug":"the-vegan-box","status":"publish","type":"product","link":"https:\/\/lofotenseaweedcompany.com\/no\/butikk\/the-vegan-box\/","title":{"rendered":"Den (ekstra) veganske esken"},"content":{"rendered":"<div class=\"col-md-6 col-md-offset-3\">\n<p><strong>Arctic Ocean Greens<\/strong><\/p>\n<div class=\"row\">\n<p><strong>Ingredienser:<\/strong> \u00d8kologisk \u00a0h\u00e5ndh\u00f8stet wakame (Alaria esculenta) 75 %, \u00d8kologisk dyrket wakame (Alaria esculenta) 15 %, \u00d8kologisk h\u00e5nd h\u00f8stet s\u00f8l (Palmaria palmata) 10 %.<\/p>\n<p><strong>N\u00e6ringsverdi per 100g:<\/strong> Energi KJ\/Kcal (861\/206), Fett (2,2g), Karbohydrater (17g), hvorav sukker (0,1g), Fiber (40,8g), Protein (10,1g), Salt (3,5g).<\/p>\n<p><strong>Allergener:<\/strong> Dette produktet kan inneholde spor av skalldyr.<\/p>\n<p><strong>Oppbevaring:<\/strong> Oppbevares p\u00e5 et kj\u00f8lig, t\u00f8rt sted.<\/p>\n<p><strong>Nettovekt:<\/strong> 40g<\/p>\n<p>Dette produktet inneholder 49mg jod per 100g. Anbefalt daglig inntak er 0,15 mg. \u00d8vre daglig grense 0,6 mg. For mye jodinntak kan p\u00e5virke skjoldbruskfunksjonen.<\/p>\n<p><strong>Alge perler<\/strong><\/p>\n<\/div>\n<p><strong>Ingredienser:<\/strong> V<span class=\"OYPEnA text-decoration-none text-strikethrough-none\">ann, r\u00f8kt wakame, salt, fortykningsmiddel E 401 (natriumalginat) og surgj\u00f8ringsmiddel E 330 (sitronsyre). <\/span><span class=\"OYPEnA text-decoration-none text-strikethrough-none\">Vakuumpakket \u2013 pasteurisert. <\/span><span class=\"OYPEnA text-decoration-none text-strikethrough-none\">Ingen kj\u00f8ling n\u00f8dvendig. N\u00e5r den er \u00e5pnet, oppbevares den i kj\u00f8leskap (2-12\u00b0C) i opptil 10<\/span><\/p>\n<p class=\"cvGsUA direction-ltr align-start para-style-body\"><strong><span class=\"OYPEnA text-decoration-none text-strikethrough-none\">N\u00e6ringsinnehold per 100g: <\/span><\/strong><span class=\"OYPEnA text-decoration-none text-strikethrough-none\">Energi 0 kJ \/ 0 Kcal; Lipider &lt;0,5 g, hvorav mettet &lt;0,1 g; Karbohydrater &lt;0,5g, hvorav sukker &lt;0,5g; Proteiner &lt;0,5g; Salt 2,5 g.<\/span><\/p>\n<p><strong>Vekt:<\/strong> 50g<\/p>\n<p><strong>R\u00f8ykt taresalt<\/strong><\/p>\n<div class=\"block clear-both mb-10\">\n<div id=\"tab-description\" class=\"woocommerce-Tabs-panel woocommerce-Tabs-panel--description panel entry-content wc-tab\" role=\"tabpanel\" aria-labelledby=\"tab-title-description\">\n<div class=\"row\">\n<div class=\"block clear-both mb-10\">\n<div id=\"tab-description\" class=\"woocommerce-Tabs-panel woocommerce-Tabs-panel--description panel entry-content wc-tab\" role=\"tabpanel\" aria-labelledby=\"tab-title-description\">\n<div class=\"col-md-6 col-md-offset-3\">\n<p><strong>Ingredienser:<\/strong> Havsalt 87 %, r\u00f8kt \u00a0wakame (Alaria esculenta) 13 %.<br \/>\nAllergener: Dette produktet kan inneholde spor av skalldyr.<\/p>\n<p><strong>Oppbevaring:<\/strong> Oppbevares p\u00e5 et kj\u00f8lig, t\u00f8rt sted.<\/p>\n<p><strong>Nettovekt:<\/strong> 60g<\/p>\n<p>Dette produktet inneholder 11,6 mg jod per 100 g. Anbefalt daglig inntak er 0,15 mg. For mye jodinntak kan p\u00e5virke skjoldbruskkjertelen.<\/p>\n<\/div>\n<\/div>\n<\/div>\n<section class=\"related products\"><\/section>\n<\/div>\n<\/div>\n<\/div>\n<\/div>\n","protected":false},"excerpt":{"rendered":"<p>Den veganske esken inneholder <strong>Arctic Ocean Greens<\/strong>, v\u00e5rt <strong>Smoked Seaweed Salt<\/strong> og de delikate <strong>Algae Pearls<\/strong> &#8211; et must hvis du aldri har pr\u00f8vd dem f\u00f8r.<\/p>\n<p>De fleste av produktene v\u00e5re kan ogs\u00e5 benyttes i vegansk kosthold, men disse er muligens v\u00e5re favoritter. <strong>Ocean Greens<\/strong> er en ren blanding av kvernet s\u00f8l og wakame, og gir b\u00e5de den dype umamismaken \u00a0og helsemessige fordeler n\u00e5r du tilf\u00f8rer det i maten. I <strong>Smoked Seaweed Salt<\/strong> bruker vi de samme flakene av wakame, bare b\u00f8ker\u00f8kt med tradisjonelle metoder, for \u00e5 skape en dyp aroma og smak. Det gir deg den rike smaken av \u00e5pen ild, med alle de kreative bruksmulighetene det gir deg. Sist, men ikke minst, er <b>Alge perler <\/b>v\u00e5rt veganske svar p\u00e5 fiskerogn eller kaviar. De er det perfekte tilbeh\u00f8ret til sushi, egg, sauser og supper. Perlene er \u00a0varmebestandige og beholder sin gr\u00f8nne farge, rike umami-smak og gode tekstur ogs\u00e5 etter tilberedning, noe som gj\u00f8r dem til en super ingrediens i mange typer retter.<\/p>\n<p>Her er det mange muligheter for \u00e5 sette smak p\u00e5 maten!<\/p>\n","protected":false},"featured_media":39222,"comment_status":"closed","ping_status":"closed","template":"","meta":{"_acf_changed":false},"product_brand":[],"product_cat":[1155,126,301,302],"product_tag":[],"woo-feed-brand":[],"class_list":{"0":"post-38230","1":"product","2":"type-product","3":"status-publish","4":"has-post-thumbnail","6":"product_cat-christmas-no","7":"product_cat-tang-gaver","8":"product_cat-tangkrydder","9":"product_cat-tangsalt","11":"first","12":"outofstock","13":"taxable","14":"shipping-taxable","15":"purchasable","16":"product-type-simple"},"acf":[],"_links":{"self":[{"href":"https:\/\/lofotenseaweedcompany.com\/no\/wp-json\/wp\/v2\/product\/38230","targetHints":{"allow":["GET"]}}],"collection":[{"href":"https:\/\/lofotenseaweedcompany.com\/no\/wp-json\/wp\/v2\/product"}],"about":[{"href":"https:\/\/lofotenseaweedcompany.com\/no\/wp-json\/wp\/v2\/types\/product"}],"replies":[{"embeddable":true,"href":"https:\/\/lofotenseaweedcompany.com\/no\/wp-json\/wp\/v2\/comments?post=38230"}],"wp:featuredmedia":[{"embeddable":true,"href":"https:\/\/lofotenseaweedcompany.com\/no\/wp-json\/wp\/v2\/media\/39222"}],"wp:attachment":[{"href":"https:\/\/lofotenseaweedcompany.com\/no\/wp-json\/wp\/v2\/media?parent=38230"}],"wp:term":[{"taxonomy":"product_brand","embeddable":true,"href":"https:\/\/lofotenseaweedcompany.com\/no\/wp-json\/wp\/v2\/product_brand?post=38230"},{"taxonomy":"product_cat","embeddable":true,"href":"https:\/\/lofotenseaweedcompany.com\/no\/wp-json\/wp\/v2\/product_cat?post=38230"},{"taxonomy":"product_tag","embeddable":true,"href":"https:\/\/lofotenseaweedcompany.com\/no\/wp-json\/wp\/v2\/product_tag?post=38230"},{"taxonomy":"woo-feed-brand","embeddable":true,"href":"https:\/\/lofotenseaweedcompany.com\/no\/wp-json\/wp\/v2\/woo-feed-brand?post=38230"}],"curies":[{"name":"wp","href":"https:\/\/api.w.org\/{rel}","templated":true}]}}