{"id":38231,"date":"2025-10-06T13:43:12","date_gmt":"2025-10-06T13:43:12","guid":{"rendered":"https:\/\/lofotenseaweedcompany.com\/shop\/the-luxury-box\/"},"modified":"2025-12-01T11:31:49","modified_gmt":"2025-12-01T11:31:49","slug":"the-luxury-box","status":"publish","type":"product","link":"https:\/\/lofotenseaweedcompany.com\/no\/butikk\/the-luxury-box\/","title":{"rendered":"Luksus-esken"},"content":{"rendered":"<div class=\"col-md-6 col-md-offset-3\"><strong>Ocean Truffle Salt-ingredienser: <\/strong>Havsalt, tr\u00f8ffeltang (Vertebrata lanosa).<\/div>\n<div class=\"col-md-6 col-md-offset-3\">\n<p><strong>N\u00e6ringsverdi per 100 g:<\/strong> Energi KJ\/Kcal (975\/233), Fett (0,8 g), Karbohydrater (7 g), hvorav sukker (0 g), Fiber (5,2 g), Protein (2,6 g), Salt (78 g).<\/p>\n<p><strong>Allergiee: Dette produktet kan inneholde spor av skalldyr.<\/strong><\/p>\n<p>Oppbevares t\u00f8rt og forseglet.<\/p>\n<p><strong>Nettovekt: <\/strong>60g<\/p>\n<p>Dette produktet inneholder 30 mg jod per 100 g. Anbefalt daglig inntak er 0,15 mg, \u00f8vre daglig grense 0,6 mg. For h\u00f8yt inntak av jod kan p\u00e5virke skjoldbruskkjertelfunksjonen.<\/p>\n<p>\u00d8kologisk, glutenfri, velegnet for veganere.<\/p>\n<p><strong>Arctic Furikake-ingredienser:<\/strong>\u00d8kologisk wakame(Alaria esculenta) 31 %, puffet ris 38 %, ume-sesamfr\u00f8 31 % (ingredienser: hvite ristede sesamfr\u00f8, t\u00f8rket plommemasse: plommer, shiso, laktose, salt, plommeeddik; fermentert hvete og soya, sukker, sitronsyre E330 og E296, salt, smaksforsterkere E621 og E635, shiso-aroma, r\u00f8dk\u00e5lfarge, gj\u00e6rekstrakt, dextrin).<\/p>\n<p style=\"font-weight: 400;\"><strong>N\u00e6ringsverdi per 100 g:<\/strong> Energi: 1671 kJ\/400 kcal, fett 18,3 g, hvorav mettet fett 2,7 g, karbohydrater 40,7 g, hvorav sukker 0,9 g, fiber 9,9 g, protein 11,3 g, salt 5,9 g<\/p>\n<p>Oppbevares t\u00f8rt og forseglet.<\/p>\n<p><strong>M\u00f8rk sjokolade med sukkertare-ingredienser: <\/strong>Manjari 64 % m\u00f8rk sjokolade, kakaopulver, sukker, kakaosm\u00f8r, sukkertare (Saccharina latissima), melkepulver, soyalecitin.<\/p>\n<p><strong>Allergier: <\/strong>Dette produktet kan inneholde spor av skalldyr, n\u00f8tter, gluten, lupin og egg.<\/p>\n<p>Oppbevares t\u00f8rt og forseglet, t mellom 14 og 16 \u00b0C.<\/p>\n<p><strong>Vekt: <\/strong>70g<\/p>\n<p>&nbsp;<\/p>\n<p>&nbsp;<\/p>\n<\/div>\n","protected":false},"excerpt":{"rendered":"<p>V\u00e5r Luksus-gaveeske inneholder Ocean Truffle Salt, Arctic Furikake og m\u00f8rk sjokolade med sukkertare.<\/p>\n<p>Denne esken er fylt med noen av de beste produktene vi har \u00e5 tilby \u2013 slik at du kan nyte maten til det fulle, samtidig som du fremmer bruk av b\u00e6rekraftige produkter som er bra for deg og bra for havet.<\/p>\n<p>Truffel Seaweed Salt har en mild smak som minner om \u00a0landtr\u00f8fler, med sterke aromaer av hvitl\u00f8k og pepper. V\u00e5r m\u00f8rke sjokolade med r\u00f8stet og malt sukkertare er laget av den fineste Manjari-sjokoladen. Arctic Furikake er en japansk topping; wakeme flak blandet med ume-smaksatt sesamfr\u00f8 og puffet ris; perfekt topping p\u00e5 alt fra avokadotoast til salater og egg.<\/p>\n","protected":false},"featured_media":39246,"comment_status":"closed","ping_status":"closed","template":"","meta":{"_acf_changed":false},"product_brand":[],"product_cat":[1155,126,304,303,302],"product_tag":[],"woo-feed-brand":[],"class_list":{"0":"post-38231","1":"product","2":"type-product","3":"status-publish","4":"has-post-thumbnail","6":"product_cat-christmas-no","7":"product_cat-tang-gaver","8":"product_cat-tang-godsaker","9":"product_cat-tangflak","10":"product_cat-tangsalt","12":"first","13":"outofstock","14":"taxable","15":"shipping-taxable","16":"purchasable","17":"product-type-simple"},"acf":[],"_links":{"self":[{"href":"https:\/\/lofotenseaweedcompany.com\/no\/wp-json\/wp\/v2\/product\/38231","targetHints":{"allow":["GET"]}}],"collection":[{"href":"https:\/\/lofotenseaweedcompany.com\/no\/wp-json\/wp\/v2\/product"}],"about":[{"href":"https:\/\/lofotenseaweedcompany.com\/no\/wp-json\/wp\/v2\/types\/product"}],"replies":[{"embeddable":true,"href":"https:\/\/lofotenseaweedcompany.com\/no\/wp-json\/wp\/v2\/comments?post=38231"}],"wp:featuredmedia":[{"embeddable":true,"href":"https:\/\/lofotenseaweedcompany.com\/no\/wp-json\/wp\/v2\/media\/39246"}],"wp:attachment":[{"href":"https:\/\/lofotenseaweedcompany.com\/no\/wp-json\/wp\/v2\/media?parent=38231"}],"wp:term":[{"taxonomy":"product_brand","embeddable":true,"href":"https:\/\/lofotenseaweedcompany.com\/no\/wp-json\/wp\/v2\/product_brand?post=38231"},{"taxonomy":"product_cat","embeddable":true,"href":"https:\/\/lofotenseaweedcompany.com\/no\/wp-json\/wp\/v2\/product_cat?post=38231"},{"taxonomy":"product_tag","embeddable":true,"href":"https:\/\/lofotenseaweedcompany.com\/no\/wp-json\/wp\/v2\/product_tag?post=38231"},{"taxonomy":"woo-feed-brand","embeddable":true,"href":"https:\/\/lofotenseaweedcompany.com\/no\/wp-json\/wp\/v2\/woo-feed-brand?post=38231"}],"curies":[{"name":"wp","href":"https:\/\/api.w.org\/{rel}","templated":true}]}}