{"id":38232,"date":"2025-10-06T13:05:10","date_gmt":"2025-10-06T13:05:10","guid":{"rendered":"https:\/\/lofotenseaweedcompany.com\/shop\/asiatiske-matelsker-esken\/"},"modified":"2025-12-01T13:01:43","modified_gmt":"2025-12-01T13:01:43","slug":"asiatiske-matelsker-esken","status":"publish","type":"product","link":"https:\/\/lofotenseaweedcompany.com\/no\/butikk\/asiatiske-matelsker-esken\/","title":{"rendered":"Asiatisk inspirert eske"},"content":{"rendered":"<p><strong>Lofoten Umami<\/strong><\/p>\n<p><strong>Ingredienser:<\/strong> \u00d8kologisk h\u00e5ndh\u00f8stet wakame (Alaria esculenta) (49 %), t\u00f8rrfisk (Gadus morhua, fisket med langline, Norskehavet) (19 %), Dulse (Palmaria palmata) (9 %), kultivert wakame(Alaria esculenta) (9 %), hvite sesamfr\u00f8 (7 %), svarte sesamfr\u00f8 (7 %)<\/p>\n<p><strong>N\u00e6ringsverdier per 100 g:<\/strong> Energi KJ\/Kcal (1034\/247), Fett (10 g), Karbohydrater (11,6 g), hvorav sukker (0,2 g), Fiber (27 g), Protein (22,9 g), Salt (2,5 g).<\/p>\n<p><strong>Allergier:<\/strong> skalldyr, fisk og sesamfr\u00f8.\u00a0Oppbevares t\u00f8rt og forseglet.<\/p>\n<p><strong>Vekt:<\/strong> 40 g.<\/p>\n<p>Dette produktet inneholder 29 mg jod per 100 g. Anbefalt daglig inntak er 0,15 mg, \u00f8vre daglig grense 0,6 mg. For mye jod kan p\u00e5virke skjoldbruskkjertelfunksjonen.<\/p>\n<p><strong>Arctic Furikake<\/strong><\/p>\n<p><strong>Ingredienser:<\/strong> wakame (Alaria esculenta), ume-sesamfr\u00f8 (inneholder fiskesaus), puffet ris.<\/p>\n<p><strong>Allergier:<\/strong> Kan inneholde spor av skalldyr.<\/p>\n<p>Oppbevares t\u00f8rt og forseglet.<\/p>\n<p><strong>Vekt:<\/strong> 40 g<\/p>\n<p>Wok &amp; Greens Spice Blend<\/p>\n<p><strong>Ingredienser:<\/strong> Havsalt, wakame, l\u00f8k, hvitl\u00f8k, naturlig aroma, glukose (mais), korianderblad, ingef\u00e6r, limesaftpulver, koriander, pepper, jalape\u00f1os, rapsolje.<\/p>\n<p><strong>N\u00e6ringsinformasjon per 100 g:<\/strong> Energi KJ\/Kcal (865\/207), fett (1,3 g), hvorav mettet fett (0,2 g), karbohydrater (40 g), hvorav sukker (2,6 g), protein (6,7 g), fiber (4,4 g), salt (35,4).<\/p>\n<p><strong>Vekt:<\/strong> 44 g<\/p>\n<p>Inneholder 28 mg jod per 100 g. Anbefalt daglig inntak 0,15 mg (1 ts), \u00f8vre daglig grense 0,6 mg. For mye jod kan p\u00e5virke skjoldbruskkjertelfunksjonen.<\/p>\n<p>Glutenfri, egnet for veganere<\/p>\n","protected":false},"excerpt":{"rendered":"<p>V\u00e5r Asiatisk inspirerte eske inneholder Lofoten Umami, v\u00e5r Arctic Furikake og Wok &amp; Greens-krydderblandingen.<\/p>\n<p>Fra sushi til wokretter, fra dal til dim sum &#8211; Vi hentet tusenvis av smaksrike retter fra Asia inn i v\u00e5rt vestlige kj\u00f8kken. Hvis du eller en du er glad i er en fan av noen av disse, er Asiatiske esken den perfekte gaven!<\/p>\n<p>Lofoten Umami er et aromatisk topping som inneholder t\u00f8rrfisk fra Lofoten og sesamfr\u00f8 med ume-smak; den ultimate fusjonen av Japanske og Nordnorske mattradisjoner. Arctic Furikake inneholder ogs\u00e5 ume-sesamfr\u00f8, med puffet ris tilsatt for ekstra spr\u00f8 tekstur. Den er perfekt p\u00e5 salater, egg, laksebagels og avokado toast. Wok &amp; Greens Spice Blend er en blanding av koriander, lime, hvitl\u00f8k og tang, som passer perfekt til mange av de mest popul\u00e6re asiatisk-inspirerte rettene.<\/p>\n<p>Denne pakken pakkes og sendes v\u00e5re elegante gaveesker.<\/p>\n","protected":false},"featured_media":38864,"comment_status":"closed","ping_status":"closed","template":"","meta":{"_acf_changed":false},"product_brand":[],"product_cat":[1155,247,126,301],"product_tag":[],"woo-feed-brand":[],"class_list":{"0":"post-38232","1":"product","2":"type-product","3":"status-publish","4":"has-post-thumbnail","6":"product_cat-christmas-no","7":"product_cat-krydderblandinger-no","8":"product_cat-tang-gaver","9":"product_cat-tangkrydder","11":"first","12":"outofstock","13":"taxable","14":"shipping-taxable","15":"purchasable","16":"product-type-simple"},"acf":[],"_links":{"self":[{"href":"https:\/\/lofotenseaweedcompany.com\/no\/wp-json\/wp\/v2\/product\/38232","targetHints":{"allow":["GET"]}}],"collection":[{"href":"https:\/\/lofotenseaweedcompany.com\/no\/wp-json\/wp\/v2\/product"}],"about":[{"href":"https:\/\/lofotenseaweedcompany.com\/no\/wp-json\/wp\/v2\/types\/product"}],"replies":[{"embeddable":true,"href":"https:\/\/lofotenseaweedcompany.com\/no\/wp-json\/wp\/v2\/comments?post=38232"}],"wp:featuredmedia":[{"embeddable":true,"href":"https:\/\/lofotenseaweedcompany.com\/no\/wp-json\/wp\/v2\/media\/38864"}],"wp:attachment":[{"href":"https:\/\/lofotenseaweedcompany.com\/no\/wp-json\/wp\/v2\/media?parent=38232"}],"wp:term":[{"taxonomy":"product_brand","embeddable":true,"href":"https:\/\/lofotenseaweedcompany.com\/no\/wp-json\/wp\/v2\/product_brand?post=38232"},{"taxonomy":"product_cat","embeddable":true,"href":"https:\/\/lofotenseaweedcompany.com\/no\/wp-json\/wp\/v2\/product_cat?post=38232"},{"taxonomy":"product_tag","embeddable":true,"href":"https:\/\/lofotenseaweedcompany.com\/no\/wp-json\/wp\/v2\/product_tag?post=38232"},{"taxonomy":"woo-feed-brand","embeddable":true,"href":"https:\/\/lofotenseaweedcompany.com\/no\/wp-json\/wp\/v2\/woo-feed-brand?post=38232"}],"curies":[{"name":"wp","href":"https:\/\/api.w.org\/{rel}","templated":true}]}}