{"id":38233,"date":"2025-10-06T12:41:55","date_gmt":"2025-10-06T12:41:55","guid":{"rendered":"https:\/\/lofotenseaweedcompany.com\/shop\/bbq-elsker-esken\/"},"modified":"2025-12-01T12:47:10","modified_gmt":"2025-12-01T12:47:10","slug":"bbq-elsker-esken","status":"publish","type":"product","link":"https:\/\/lofotenseaweedcompany.com\/no\/butikk\/bbq-elsker-esken\/","title":{"rendered":"Grillmester esken"},"content":{"rendered":"<p><strong>Smoked Seaweed Salt<\/strong><br \/>\n<strong>Ingredienser:<\/strong> Havsalt 87 %, r\u00f8kt wakame (Alaria esculenta) 13 %.<\/p>\n<p><strong>Allergener:<\/strong> Dette produktet kan inneholde spor av skalldyr.<\/p>\n<p><strong>Oppbevaring:<\/strong> Oppbevares p\u00e5 et kj\u00f8lig, t\u00f8rt sted.<\/p>\n<p><strong>Nettovekt:<\/strong> 60 g<\/p>\n<p>Dette produktet inneholder 11,6 mg jod per 100 g. Anbefalt daglig inntak er 0,15 mg. For h\u00f8yt inntak av jod kan p\u00e5virke skjoldbruskkjertelen.<\/p>\n<p>\u00d8kologisk, glutenfri, passende for veganere.<\/p>\n<p><strong>BBQ &amp; Meat Spice Blend<\/strong><br \/>\n<strong>Ingredienser:<\/strong> Havsalt, wakame, brunt sukker, r\u00f8kt paprika, hvitl\u00f8k, l\u00f8k, l\u00f8kpulver, rosmarin, chili, timian, rapsolje, karve, paprikaekstrakt.<\/p>\n<p><strong>N\u00e6ringsinformasjon per 100 g:<\/strong> Energi KJ\/Kcal (973\/233), Fett (2,9 g), hvorav mettet fett (0,5 g), Karbohydrater (44 g), hvorav sukker (19 g), Fiber (3,9 g), Protein (5,9 g), Salt (32,1)<\/p>\n<p>Inneholder 18 mg jod per 100 g. Anbefalt daglig inntak 0,15 mg (1 ts), \u00f8vre daglig grense 0,6 mg. For mye jod kan p\u00e5virke skjoldbruskkjertelfunksjonen.<\/p>\n<p><strong>Vekt:<\/strong> 51 g<\/p>\n<p>Glutenfri, passende for veganere.<\/p>\n","protected":false},"excerpt":{"rendered":"<p>BBQ-og grillmester esken inneholder v\u00e5rt r\u00f8kte tangsalt, \u00a0BBQ- og kj\u00f8tt krydderblanding samt v\u00e5re smaksrike r\u00f8kte tangflak. Er din kj\u00e6re en grillmester? Vel, denne esken inneholder det definitive beviset p\u00e5 at selv de mest ihuga kj\u00f8ttelskerne vil nyte \u00e5 ha litt tang p\u00e5 maten.<\/p>\n<p><strong>Smoked Seaweed Salt<\/strong> inneholder norsk havsalt blandet med kaldr\u00f8ykt wakame flak, noe som gir det en uovertruffen r\u00f8yksmak. Disse flakene f\u00e5r du \u00a0separat i v\u00e5r pose med <strong>Smoked Seaweed Flakes<\/strong>; wakameflakene gir r\u00f8yksmaken til alle slags retter, fra gryteretter til burgere og biff. Glem liquid smoke; her er det sunnere og smakfullere alternativet! <strong>BBQ &amp; Meat Spice Blend<\/strong> inneholder en fristende blanding av paprika, chili, hvitl\u00f8k og tang, noe som gj\u00f8r den til en ideell rub for kj\u00f8tt, tofu eller alt derimellom.<\/p>\n","protected":false},"featured_media":38867,"comment_status":"closed","ping_status":"closed","template":"","meta":{"_acf_changed":false},"product_brand":[],"product_cat":[1155,247,126,303,301,302],"product_tag":[],"woo-feed-brand":[],"class_list":{"0":"post-38233","1":"product","2":"type-product","3":"status-publish","4":"has-post-thumbnail","6":"product_cat-christmas-no","7":"product_cat-krydderblandinger-no","8":"product_cat-tang-gaver","9":"product_cat-tangflak","10":"product_cat-tangkrydder","11":"product_cat-tangsalt","13":"first","14":"outofstock","15":"taxable","16":"shipping-taxable","17":"purchasable","18":"product-type-simple"},"acf":[],"_links":{"self":[{"href":"https:\/\/lofotenseaweedcompany.com\/no\/wp-json\/wp\/v2\/product\/38233","targetHints":{"allow":["GET"]}}],"collection":[{"href":"https:\/\/lofotenseaweedcompany.com\/no\/wp-json\/wp\/v2\/product"}],"about":[{"href":"https:\/\/lofotenseaweedcompany.com\/no\/wp-json\/wp\/v2\/types\/product"}],"replies":[{"embeddable":true,"href":"https:\/\/lofotenseaweedcompany.com\/no\/wp-json\/wp\/v2\/comments?post=38233"}],"wp:featuredmedia":[{"embeddable":true,"href":"https:\/\/lofotenseaweedcompany.com\/no\/wp-json\/wp\/v2\/media\/38867"}],"wp:attachment":[{"href":"https:\/\/lofotenseaweedcompany.com\/no\/wp-json\/wp\/v2\/media?parent=38233"}],"wp:term":[{"taxonomy":"product_brand","embeddable":true,"href":"https:\/\/lofotenseaweedcompany.com\/no\/wp-json\/wp\/v2\/product_brand?post=38233"},{"taxonomy":"product_cat","embeddable":true,"href":"https:\/\/lofotenseaweedcompany.com\/no\/wp-json\/wp\/v2\/product_cat?post=38233"},{"taxonomy":"product_tag","embeddable":true,"href":"https:\/\/lofotenseaweedcompany.com\/no\/wp-json\/wp\/v2\/product_tag?post=38233"},{"taxonomy":"woo-feed-brand","embeddable":true,"href":"https:\/\/lofotenseaweedcompany.com\/no\/wp-json\/wp\/v2\/woo-feed-brand?post=38233"}],"curies":[{"name":"wp","href":"https:\/\/api.w.org\/{rel}","templated":true}]}}