{"id":38234,"date":"2025-10-06T11:51:32","date_gmt":"2025-10-06T11:51:32","guid":{"rendered":"https:\/\/lofotenseaweedcompany.com\/shop\/38234\/"},"modified":"2025-12-01T11:24:18","modified_gmt":"2025-12-01T11:24:18","slug":"julefavorittene","status":"publish","type":"product","link":"https:\/\/lofotenseaweedcompany.com\/no\/butikk\/julefavorittene\/","title":{"rendered":"Julefavorittene"},"content":{"rendered":"<p><strong>Arctic Seaweed Salt<\/strong><br \/>\n<strong>Ingredienser:<\/strong> Havsalt, Wakame flak(Alaria esculenta)<\/p>\n<p><strong>N\u00e6ringsverdier per 100 g:<\/strong> Energi KJ\/Kcal (966\/231), Fett (0,9 g), Karbohydrater (7,3 g), hvorav sukker (0,02 g), Fiber (6,2 g), Protein (1,3 g), Salt (78 g).<\/p>\n<p><strong>Allergier:<\/strong> Dette produktet kan inneholde spor av skalldyr.<\/p>\n<p>Oppbevaring: Oppbevares t\u00f8rt og forseglet.<\/p>\n<p><strong>Vekt:<\/strong> 60 g.<\/p>\n<p>Dette produktet inneholder 4,9 mg jod per 100 g. Anbefalt daglig inntak er 0,15 mg, \u00f8vre daglig grense 0,6 mg. For h\u00f8yt inntak av jod kan p\u00e5virke skjoldbruskkjertelfunksjonen.<\/p>\n<p>\u00d8kologisk, glutenfri, egnet for veganere.<\/p>\n<p><strong>M\u00f8rk sjokolade<\/strong><br \/>\n<strong>Ingredienser: <\/strong>Manjari 64 % m\u00f8rk sjokolade, kakaopulver, sukker, kakaosm\u00f8r, sukkertare (Saccharina latissima), melkepulver, soyalecitin.<\/p>\n<p><strong>Allergier:<\/strong> Dette produktet kan inneholde spor av skalldyr, n\u00f8tter, gluten, lupin, egg.<\/p>\n<p>Oppbevaring: Oppbevares t\u00f8rt og forseglet mellom 14 og 16 \u00b0C.<\/p>\n<p><strong>Vekt:<\/strong> 70 g<\/p>\n","protected":false},"excerpt":{"rendered":"<p>Hva er bedre enn m\u00f8rk sjokolade med et hint av havsalt? M\u00f8rk sjokolade <em>og<\/em> havsalt \u2013 med tang! Denne gavekombinasjonen kombinerer to av v\u00e5re mest popul\u00e6re produkter: v\u00e5rt <a href=\"https:\/\/lofotenseaweedcompany.com\/no\/butikk\/arctic-seaweed-salt\/\">Arctic Seaweed Salt<\/a> og v\u00e5r <a href=\"https:\/\/lofotenseaweedcompany.com\/no\/butikk\/mork-sjokolade-med-sukkertare\/\">m\u00f8rke sjokolade med sukkertare<\/a>.<\/p>\n<p>Arktisk tangsalt brukes p\u00e5 samme m\u00e5te som vanlig salt til \u00e5 krydre maten, men har en dypere umamismak og bedre n\u00e6ringsinnhold takket v\u00e6re de smakfulle tangflakene.<\/p>\n<p>Sjokoladen er laget av sjokolademesteren Craig Alibone, og inneholder selvf\u00f8lgelig ogs\u00e5 h\u00e5ndh\u00f8stet tang av typen Wakame. Hvis noe er sunnere, betyr det jo at du kan spise mer av det. Hvis det ogs\u00e5 smaker bedre, betyr det at du kan spise <em>mye<\/em> mer av det.<\/p>\n<p>Denne kombinasjonen er en perfekt gave til en venn eller n\u00e5r du vil unne deg selv noe skikkelig godt.<\/p>\n","protected":false},"featured_media":39219,"comment_status":"closed","ping_status":"closed","template":"","meta":{"_acf_changed":false},"product_brand":[],"product_cat":[1155,126,304,302],"product_tag":[],"woo-feed-brand":[],"class_list":{"0":"post-38234","1":"product","2":"type-product","3":"status-publish","4":"has-post-thumbnail","6":"product_cat-christmas-no","7":"product_cat-tang-gaver","8":"product_cat-tang-godsaker","9":"product_cat-tangsalt","11":"first","12":"outofstock","13":"taxable","14":"shipping-taxable","15":"purchasable","16":"product-type-simple"},"acf":[],"_links":{"self":[{"href":"https:\/\/lofotenseaweedcompany.com\/no\/wp-json\/wp\/v2\/product\/38234","targetHints":{"allow":["GET"]}}],"collection":[{"href":"https:\/\/lofotenseaweedcompany.com\/no\/wp-json\/wp\/v2\/product"}],"about":[{"href":"https:\/\/lofotenseaweedcompany.com\/no\/wp-json\/wp\/v2\/types\/product"}],"replies":[{"embeddable":true,"href":"https:\/\/lofotenseaweedcompany.com\/no\/wp-json\/wp\/v2\/comments?post=38234"}],"wp:featuredmedia":[{"embeddable":true,"href":"https:\/\/lofotenseaweedcompany.com\/no\/wp-json\/wp\/v2\/media\/39219"}],"wp:attachment":[{"href":"https:\/\/lofotenseaweedcompany.com\/no\/wp-json\/wp\/v2\/media?parent=38234"}],"wp:term":[{"taxonomy":"product_brand","embeddable":true,"href":"https:\/\/lofotenseaweedcompany.com\/no\/wp-json\/wp\/v2\/product_brand?post=38234"},{"taxonomy":"product_cat","embeddable":true,"href":"https:\/\/lofotenseaweedcompany.com\/no\/wp-json\/wp\/v2\/product_cat?post=38234"},{"taxonomy":"product_tag","embeddable":true,"href":"https:\/\/lofotenseaweedcompany.com\/no\/wp-json\/wp\/v2\/product_tag?post=38234"},{"taxonomy":"woo-feed-brand","embeddable":true,"href":"https:\/\/lofotenseaweedcompany.com\/no\/wp-json\/wp\/v2\/woo-feed-brand?post=38234"}],"curies":[{"name":"wp","href":"https:\/\/api.w.org\/{rel}","templated":true}]}}