{"id":38239,"date":"2025-10-03T07:40:51","date_gmt":"2025-10-03T07:40:51","guid":{"rendered":"https:\/\/lofotenseaweedcompany.com\/shop\/38239\/"},"modified":"2025-12-01T12:54:39","modified_gmt":"2025-12-01T12:54:39","slug":"fiskeelsker-esken","status":"publish","type":"product","link":"https:\/\/lofotenseaweedcompany.com\/no\/butikk\/fiskeelsker-esken\/","title":{"rendered":"Fiskerens favoritter"},"content":{"rendered":"<h4>Arctic Seaweed Salt<\/h4>\n<p><b><strong>Ingredienser: <\/strong><\/b>Havsalt, wakame<u><\/u>(<i>Alaria esculenta<\/i>)<\/p>\n<p><b>N\u00e6ringsverdier per 100 g:<\/b> Energi KJ\/Kcal (966\/231), Fett (0,9 g), Karbohydrater (7,3 g), hvorav sukker (0,02 g), Fiber (6,2 g), Protein (1,3 g), Salt (78 g).<\/p>\n<p><b>Allergier: <\/b>Dette produktet kan inneholde spor av skalldyr.<\/p>\n<p><b>Oppbevaring: <\/b>Oppbevares t\u00f8rt og forseglet<\/p>\n<p><b>Vekt: <\/b>60 g<\/p>\n<p>Dette produktet inneholder 4,9 mg jod per 100 g. Anbefalt daglig inntak er 0,15 mg, \u00f8vre daglig grense 0,6 mg. For h\u00f8yt inntak av jod kan p\u00e5virke skjoldbruskkjertelfunksjonen.<\/p>\n<h4><b><strong>Lofoten Umami<\/strong><\/b><\/h4>\n<p><b><strong>Ingredienser:<\/strong><\/b> \u00d8kologisk wakame (Alaria esculenta) 36 %, <b>t\u00f8rrfisk<\/b> (Gadus morhua, linefanget, Norskehavet) 22 %, kultivert wakame (Alaria esculenta) 10 %, hvite <b>sesamfr\u00f8<\/b> 10 %, svarte <b>sesamfr\u00f8<\/b> 10 %, ume <b>sesamfr\u00f8<\/b> 10 % (Ingredienser: hvite ristede <b>sesamfr\u00f8<\/b>, t\u00f8rket plomme: plommer, shiso, <b>laktose<\/b>, salt, plommeeddik; fermentert <b>hvete og soya<\/b>, sukker, sitronsyre E330 og E296, salt, smaksforsterker E621 og E635, shiso-aroma, r\u00f8dk\u00e5lfarge, gj\u00e6rekstrakt, dextrin), s\u00f8l (Palmaria palmata) 2 %.<\/p>\n<p><b>N\u00e6ringsverdier per 100 g:<\/b> Energi KJ\/Kcal (1034\/247), fett (10 g), karbohydrater (11,6 g), hvorav sukker (0,2 g), fiber (27 g), protein (22,9 g), salt (2,5 g).<\/p>\n<p><b>Allergier: <\/b>skalldyr, fisk, laktose, hvete, soya og sesamfr\u00f8.<\/p>\n<p><b>Vekt: <\/b>40 g<\/p>\n<h4><strong>Fish &amp; Seafood Spice Blend<\/strong><\/h4>\n<p><b><strong>Ingredienser:<\/strong><\/b> Havsalt, wakeme, hvitl\u00f8k, dill, dillfr\u00f8, l\u00f8k, pepper, l\u00f8kpulver, persille, rosa pepper, sukker, sitronessens, rapsolje, naturlig aroma, gurkemeieekstrakt.<\/p>\n<p><b>N\u00e6ringsinformasjon per 100 g:<\/b> Energi KJ\/Kcal (909\/217), Fett (2,3 g), hvorav mettet fett (0,3 g), Karbohydrater (37 g), hvorav sukker (7 g), Fiber (7,1 g), Protein (8,1 g), Salt (32,3 g)<\/p>\n<p>*Inneholder 23 mg jod per 100 g. Anbefalt daglig inntak 0,15 mg (1 ts). For mye jod kan p\u00e5virke skjoldbruskkjertelfunksjonen.<\/p>\n<p><b>Vekt:<\/b> 40 g<\/p>\n","protected":false},"excerpt":{"rendered":"<p>Fiskerens favoritter inneholder Lofoten Umami, v\u00e5rt Arctic Seaweed-salt og krydderblandingen Fish &amp; Seafood \u2013 alt pakket i en elegant gaveeske.<\/p>\n<p>En perfekt gave til sj\u00f8matelskere \u2013 eller for \u00e5 gi ditt eget julebord litt ekstra hav smak. Denne h\u00e5ndlagde trioen av tangkrydder er utviklet for \u00e5 sette smak p\u00e5 alt fra juletorsken \u00a0til kamskjell p\u00e5 nytt\u00e5rsaften.<\/p>\n<p>Inni finner du: <a href=\"https:\/\/lofotenseaweedcompany.com\/no\/butikk\/lofoten-umami-furikake\/\"><u>Lofoten Umami<\/u><\/a> \u2013 en blanding av japansk og norsk tradisjon med wakame, s\u00f8l, sesamfr\u00f8 og t\u00f8rrfisk. <a href=\"https:\/\/lofotenseaweedcompany.com\/no\/butikk\/arctic-seaweed-salt\/\"><u>Arctic Seaweed Salt<\/u><\/a> \u2013 mineralrikt norsk havsalt blandet med h\u00e5ndplukket wakame. <a href=\"https:\/\/lofotenseaweedcompany.com\/no\/butikk\/wok-greens-kryddermiks\/\"><u>Fish &amp; Seafood Spice Blend<\/u><\/a> \u2013 en frisk, aromatisk blanding av dill, sitron, hvitl\u00f8k og wakame \u2013 laget for \u00e5 passe til og sette smak p\u00e5 alle fisk- og sj\u00f8matretter.<\/p>\n","protected":false},"featured_media":37938,"comment_status":"closed","ping_status":"closed","template":"","meta":{"_acf_changed":false},"product_brand":[],"product_cat":[1155,247,126,301,302],"product_tag":[145],"woo-feed-brand":[],"class_list":{"0":"post-38239","1":"product","2":"type-product","3":"status-publish","4":"has-post-thumbnail","6":"product_cat-christmas-no","7":"product_cat-krydderblandinger-no","8":"product_cat-tang-gaver","9":"product_cat-tangkrydder","10":"product_cat-tangsalt","11":"product_tag-christmas-no","13":"first","14":"outofstock","15":"taxable","16":"shipping-taxable","17":"purchasable","18":"product-type-simple"},"acf":[],"_links":{"self":[{"href":"https:\/\/lofotenseaweedcompany.com\/no\/wp-json\/wp\/v2\/product\/38239","targetHints":{"allow":["GET"]}}],"collection":[{"href":"https:\/\/lofotenseaweedcompany.com\/no\/wp-json\/wp\/v2\/product"}],"about":[{"href":"https:\/\/lofotenseaweedcompany.com\/no\/wp-json\/wp\/v2\/types\/product"}],"replies":[{"embeddable":true,"href":"https:\/\/lofotenseaweedcompany.com\/no\/wp-json\/wp\/v2\/comments?post=38239"}],"wp:featuredmedia":[{"embeddable":true,"href":"https:\/\/lofotenseaweedcompany.com\/no\/wp-json\/wp\/v2\/media\/37938"}],"wp:attachment":[{"href":"https:\/\/lofotenseaweedcompany.com\/no\/wp-json\/wp\/v2\/media?parent=38239"}],"wp:term":[{"taxonomy":"product_brand","embeddable":true,"href":"https:\/\/lofotenseaweedcompany.com\/no\/wp-json\/wp\/v2\/product_brand?post=38239"},{"taxonomy":"product_cat","embeddable":true,"href":"https:\/\/lofotenseaweedcompany.com\/no\/wp-json\/wp\/v2\/product_cat?post=38239"},{"taxonomy":"product_tag","embeddable":true,"href":"https:\/\/lofotenseaweedcompany.com\/no\/wp-json\/wp\/v2\/product_tag?post=38239"},{"taxonomy":"woo-feed-brand","embeddable":true,"href":"https:\/\/lofotenseaweedcompany.com\/no\/wp-json\/wp\/v2\/woo-feed-brand?post=38239"}],"curies":[{"name":"wp","href":"https:\/\/api.w.org\/{rel}","templated":true}]}}